{"id":1179,"date":"2021-01-29T17:30:13","date_gmt":"2021-01-29T16:30:13","guid":{"rendered":"http:\/\/www.lowex-bestand.de\/?page_id=1179"},"modified":"2022-04-20T12:06:01","modified_gmt":"2022-04-20T10:06:01","slug":"veranstaltungen","status":"publish","type":"page","link":"https:\/\/lowex-bestand.de\/index.php\/veranstaltungen\/?lang=de","title":{"rendered":"Veranstaltungen"},"content":{"rendered":"<p><\/p>\n<h3><span style=\"color: #009682;\">Abschlusstreffen Projektverbund LowEx-Bestand<\/span><\/h3>\n<p><strong>Donnerstag, 03.02.2022<\/strong><\/p>\n<h4><strong>Vorstellung der Demonstrationsprojekte<\/strong><\/h4>\n<p class=\"title style-scope ytd-video-primary-info-renderer\"><strong>W\u00e4rmepumpen in Bestandsgeb\u00e4uden: Das Smarte Quartier Karlsruhe-Durlach<\/strong><\/p>\n<div class=\"epyt-video-wrapper\"><iframe loading=\"lazy\"  id=\"_ytid_46620\"  width=\"840\" height=\"473\"  data-origwidth=\"840\" data-origheight=\"473\"  data-relstop=\"1\" src=\"https:\/\/www.youtube.com\/embed\/237ws7Ticmg\">https:\/\/youtu.be\/237ws7Ticm<\/a>?enablejsapi=1&autoplay=0&cc_load_policy=0&cc_lang_pref=&iv_load_policy=1&loop=0&rel=0&fs=1&playsinline=0&autohide=2&theme=dark&color=red&controls=1&disablekb=0&\" class=\"__youtube_prefs__  no-lazyload\" title=\"YouTube player\"  allow=\"fullscreen; accelerometer; autoplay; clipboard-write; encrypted-media; gyroscope; picture-in-picture; web-share\" referrerpolicy=\"strict-origin-when-cross-origin\" allowfullscreen data-no-lazy=\"1\" data-skipgform_ajax_framebjll=\"\"><\/iframe><\/div>\n<p class=\"title style-scope ytd-video-primary-info-renderer\"><strong>W\u00e4rmepumpen in Bestandsgeb\u00e4uden: Demonstrationsprojekt \u201cSanBest\u201c<\/strong><\/p>\n<div class=\"epyt-video-wrapper\"><iframe loading=\"lazy\"  id=\"_ytid_70041\"  width=\"840\" height=\"473\"  data-origwidth=\"840\" data-origheight=\"473\"  data-relstop=\"1\" src=\"https:\/\/www.youtube.com\/embed\/cRsuj3hZVho\">https:\/\/www.youtube.com\/watch?enablejsapi=1&autoplay=0&cc_load_policy=0&cc_lang_pref=&iv_load_policy=1&loop=0&rel=0&fs=1&playsinline=0&autohide=2&theme=dark&color=red&controls=1&disablekb=0&\" class=\"__youtube_prefs__  no-lazyload\" title=\"YouTube player\"  allow=\"fullscreen; accelerometer; autoplay; clipboard-write; encrypted-media; gyroscope; picture-in-picture; web-share\" referrerpolicy=\"strict-origin-when-cross-origin\" allowfullscreen data-no-lazy=\"1\" data-skipgform_ajax_framebjll=\"\"><\/iframe><\/div>\n<p class=\"title style-scope ytd-video-primary-info-renderer\"><strong>W\u00e4rmepumpen in Bestandsgeb\u00e4uden: Demonstrationsprojekt \u201cAdorf\u201c<\/strong><\/p>\n<div class=\"epyt-video-wrapper\"><iframe loading=\"lazy\"  id=\"_ytid_76847\"  width=\"840\" height=\"473\"  data-origwidth=\"840\" data-origheight=\"473\"  data-relstop=\"1\" src=\"https:\/\/www.youtube.com\/embed\/E9fKidGEvUw\">https:\/\/www.youtube.com\/watch?enablejsapi=1&autoplay=0&cc_load_policy=0&cc_lang_pref=&iv_load_policy=1&loop=0&rel=0&fs=1&playsinline=0&autohide=2&theme=dark&color=red&controls=1&disablekb=0&\" class=\"__youtube_prefs__  no-lazyload\" title=\"YouTube player\"  allow=\"fullscreen; accelerometer; autoplay; clipboard-write; encrypted-media; gyroscope; picture-in-picture; web-share\" referrerpolicy=\"strict-origin-when-cross-origin\" allowfullscreen data-no-lazy=\"1\" data-skipgform_ajax_framebjll=\"\"><\/iframe><\/div>\n<h3><\/h3>\n<p>&nbsp;<\/p>\n<h3><span style=\"color: #019682;\"><strong>DKV-Tagung 2021<\/strong><\/span><\/h3>\n<p><strong>Freitag, 19.11.2021<\/strong><\/p>\n<p><strong>Vortrag und Paper:<\/strong> \u00bb Techno-\u00f6konomische und \u00f6kologische Perspektiven f\u00fcr W\u00e4rmepumpen im Mehrfamilienhaus-Bestand\u00ab<\/p>\n<p>Dr. Stefan Hess, Katrin Scharf, Jeannette Wapler, Dr. Constanze Bongs, Raphael Vollmer, Lotta Koch, Mohamed Obid, Dr. Rebekka Eberle, Prof. Dr. Hans-Martin Henning<\/p>\n<p><strong>Pr\u00e4sentation: <\/strong><a href=\"http:\/\/www.lowex-bestand.de\/wp-content\/uploads\/2021\/12\/2021-12-22_DKV-Vortrag_Hess.pdf\">DKV-Vortrag_Hess<\/a><\/p>\n<p><strong>Paper: <\/strong><a href=\"http:\/\/www.lowex-bestand.de\/wp-content\/uploads\/2021\/12\/2021-12-22_DKV_LiB_Techno-\u00f6konom_Hess.pdf\">DKV_LiB_Techno-\u00f6konom_Hess<\/a><\/p>\n<p>&nbsp;<\/p>\n<p><strong>Vortrag:<\/strong> \u00bbW\u00e4rmepumpen im Mehrfamilienhaus-Bestand: Feldergebnisse\u00ab<\/p>\n<p>Jeannette Wapler, Arnulf Dinkel, Dr. Constanze Bongs, Dr. Stefan Hess<\/p>\n<p><strong>Pr\u00e4sentation:<\/strong> <a href=\"http:\/\/www.lowex-bestand.de\/wp-content\/uploads\/2021\/11\/2021-11-19_DKV_Hess_Wapler_Monitoring_sh_jw.pdf\">DKV_Hess_Wapler_Monitoring<\/a><\/p>\n<h3><\/h3>\n<h3><\/h3>\n<p>&nbsp;<\/p>\n<h3><span style=\"color: #019682;\">Vortragsreihe Umbaukultur &#8211; \u00dcber die Potentiale des baulichen Bestandes<\/span><\/h3>\n<p><strong>IEB &#8211; Institut Entwerfen und Bautechnik, <\/strong><strong>KIT FAKULT\u00c4T f\u00fcr Architektur, Karlsruhe<\/strong><\/p>\n<p><strong>Dienstag 08.06.2021<\/strong><\/p>\n<p>Effiziente Konzepte f\u00fcr Heizung,- L\u00fcftung und Trinkwasser in sanierten Mehrfamilienh\u00e4usern<br \/>\nErgebnisse aus dem Forschungsvorhben LowEx-Bestand<\/p>\n<p><strong>Pr\u00e4sentation zum Download:<\/strong> <a href=\"http:\/\/www.lowex-bestand.de\/wp-content\/uploads\/2021\/06\/2021-06-08_Umbaukultur_LowEx-bestand_Hess.pdf\">Umbaukultur_Vortrag_Hess_LowEx-Bestand<\/a><\/p>\n<p>&nbsp;<\/p>\n<h3><span style=\"color: #019682;\">Berliner Energietage 2021<\/span><\/h3>\n<h4><strong>Workshop \u201e2.08: W\u00e4rmepumpen-Effizienz in Mehrfamilienh\u00e4usern: Heizung, Warmwasser, L\u00fcftung und Komfort\u201c<\/strong><\/h4>\n<div class=\"epyt-video-wrapper\"><iframe loading=\"lazy\"  id=\"_ytid_33370\"  width=\"840\" height=\"473\"  data-origwidth=\"840\" data-origheight=\"473\"  data-relstop=\"1\" src=\"https:\/\/www.youtube.com\/embed\/I6Ok9r6CHpQ\">https:\/\/www.youtube.com\/watch?enablejsapi=1&autoplay=0&cc_load_policy=0&cc_lang_pref=&iv_load_policy=1&loop=0&rel=0&fs=1&playsinline=0&autohide=2&theme=dark&color=red&controls=1&disablekb=0&\" class=\"__youtube_prefs__  no-lazyload\" title=\"YouTube player\"  allow=\"fullscreen; accelerometer; autoplay; clipboard-write; encrypted-media; gyroscope; picture-in-picture; web-share\" referrerpolicy=\"strict-origin-when-cross-origin\" allowfullscreen data-no-lazy=\"1\" data-skipgform_ajax_framebjll=\"\"><\/iframe><\/div>\n<p><strong>Pr\u00e4sentationen zum Workshop:<\/strong><\/p>\n<p><a href=\"http:\/\/www.lowex-bestand.de\/wp-content\/uploads\/2021\/04\/0-Agenda_BET_2021_2.08_LowEx-Bestand_Hess.pdf\">0_Agenda_BET_2021_2.08_LowEx-Bestand_Hess<\/a><\/p>\n<p><a href=\"http:\/\/www.lowex-bestand.de\/wp-content\/uploads\/2021\/04\/1-Trinkwarmwasser_mit_W\u00e4rmepumpe_BET_2021_2.08_LowEx-Bestand_Kropp.pdf\">1_Trinkwarmwasser_mit_W\u00e4rmepumpe_BET_2021_2.08_LowEx-Bestand_Kropp<\/a><\/p>\n<p><a href=\"http:\/\/www.lowex-bestand.de\/wp-content\/uploads\/2021\/04\/2-Selektiver_Heizk\u00f6rpertausch_W\u00e4rmepumpe_BET_2021_2.08_LowEx-Bestand_L\u00e4mmle_Bongs.pdf\">2_Selektiver_Heizk\u00f6rpertausch_W\u00e4rmepumpe_BET_2021_2.08_LowEx-Bestand_L\u00e4mmle_Bongs<\/a><\/p>\n<p><a href=\"http:\/\/www.lowex-bestand.de\/wp-content\/uploads\/2021\/04\/3_Pendell\u00fcfter_Effizienz_BET_2021_2.08_LowEx-Bestand_Auerswald.pdf\">3_Pendell\u00fcfter_Effizienz_BET_2021_2.08_LowEx-Bestand_Auerswald<\/a><\/p>\n<p><a href=\"http:\/\/www.lowex-bestand.de\/wp-content\/uploads\/2021\/04\/4_Komfort_Deckenstrahlheizung_BET_2021_LowEx-Bestand_Wagner.pdf\">4_Komfort_Deckenstrahlheizung_BET_2021_LowEx-Bestand_Wagner<\/a><\/p>\n<p>&nbsp;<\/p>\n<p>&nbsp;<\/p>\n<h3><span style=\"color: #019682;\"><strong>Messe BAU 2021<\/strong><\/span><\/h3>\n<p><strong>Donnerstag, 14.01.2021<\/strong><\/p>\n<p><strong>Vortrag:<\/strong> \u00bbPerspektiven f\u00fcr W\u00e4rmepumpen im Mehrfamilienhausbestand\u00ab<\/p>\n<p>Dr. Stefan Hess, Dr. Constanze Bongs, Michael Kropp, Jeannette Wapler, Dr. Mauel L\u00e4mmle<\/p>\n<p><strong>Pr\u00e4sentation zum Download: <\/strong><a href=\"http:\/\/www.lowex-bestand.de\/wp-content\/uploads\/2021\/01\/2021-01-14_LowEx-Bestand_MESSE_BAU_sh-min.pdf\">MESSE_BAU_Vortrag_Hess<\/a><\/p>\n<h3><\/h3>\n<p>&nbsp;<\/p>\n<h3><span style=\"color: #019682;\"><strong>DKV-Tagung 2020<\/strong><\/span><\/h3>\n<p><strong>Donnerstag, 19.11.2020<\/strong><\/p>\n<p><strong>Vortrag:<\/strong> \u00bbEinfluss der Trinkwarmwasser-Systemvariante auf die Performance von W\u00e4rmepumpen in Mehrfamilienh\u00e4usern\u00ab<\/p>\n<p>Michael Kropp, Oliver H\u00f6rnle, Jeannette Wapler, Dr. Manuel L\u00e4mmle, Dr. Stefan Hess<\/p>\n<p><strong>Pr\u00e4sentation zum Download:<\/strong> <a href=\"http:\/\/www.lowex-bestand.de\/wp-content\/uploads\/2021\/01\/DKV_Vortrag_Kropp.pdf\">DKV_Vortrag_Kropp<\/a><\/p>\n<p><strong>Paper: <\/strong><a href=\"http:\/\/www.lowex-bestand.de\/wp-content\/uploads\/2021\/01\/AA-IV-07-DKV-2020-Manuskript-Kropp.pdf\">Paper &#8222;Trinkwarmwasser Systemvarianten&#8220; &#8211; DKV-Tagung 2020<\/a><\/p>\n<p>&nbsp;<\/p>\n<p><strong>Vortrag:<\/strong> \u00bbW\u00e4rmepumpen f\u00fcr Mehrfamilienh\u00e4user im Bestand\u00ab<\/p>\n<p>Dr. Constanze Bongs, Jeannette Wapler, Dr. Marek Miara, Dr. Stefan Hess<\/p>\n<p><strong>Pr\u00e4sentation zum Download:<\/strong> <a href=\"http:\/\/www.lowex-bestand.de\/wp-content\/uploads\/2021\/01\/DKV_Vortrag_Bongs.pdf\">DKV_Vortrag_Bongs<\/a><\/p>\n<p>&nbsp;<\/p>\n<p>&nbsp;<\/p>\n<h3><\/h3>\n<h3><span style=\"color: #019682;\"><strong>Chillventa 2020 \u2013 eSpecial: Messe f\u00fcr K\u00e4ltetechnik, W\u00e4rmepumpen und L\u00fcftung<\/strong><\/span><\/h3>\n<p><strong>Donnerstag, 15.10.2020<\/strong><\/p>\n<p><strong>Vortrag:<\/strong> \u00bbW\u00e4rmepumpen f\u00fcr den Mehrfamilienhausbestand\u00ab<\/p>\n<p>Dr. Constanze Bongs, Dr. Stefan Hess<\/p>\n<p><strong>Pr\u00e4sentation zum Download:<\/strong> <a href=\"http:\/\/www.lowex-bestand.de\/wp-content\/uploads\/2020\/10\/Chillventa_Vortrag_Bongs-1.pdf\">Chillventa_Vortrag_Bongs<\/a><\/p>\n<p>&nbsp;<\/p>\n<p><strong>Round Table:<\/strong> \u00bbPerspektiven f\u00fcr W\u00e4rmepumpen im Mehrfamilienhausbestand\u00ab<\/p>\n<p>Dr. Stefan Hess, Dr. Constanze Bongs<\/p>\n<p><strong>Pr\u00e4sentation zum Download:<\/strong> <a href=\"http:\/\/www.lowex-bestand.de\/wp-content\/uploads\/2021\/01\/Chillventa_Round_Table_Hess.pdf\">Chillventa_Round_Table_Hess<\/a><\/p>\n<p>&nbsp;<\/p>\n<p>&nbsp;<\/p>\n<h3><span style=\"color: #019682;\">Berliner Energietage 2020<\/span><\/h3>\n<h4><strong>Workshop \u201e5.05: W\u00e4rmepumpen-Systeme f\u00fcr Mehrfamilienh\u00e4user im Bestand\u201c<\/strong><\/h4>\n<div class=\"epyt-video-wrapper\"><iframe loading=\"lazy\"  id=\"_ytid_84320\"  width=\"840\" height=\"473\"  data-origwidth=\"840\" data-origheight=\"473\"  data-relstop=\"1\" src=\"https:\/\/www.youtube.com\/embed\/9eQ0MsYj4a0?enablejsapi=1&autoplay=0&cc_load_policy=0&cc_lang_pref=&iv_load_policy=1&loop=0&rel=0&fs=1&playsinline=0&autohide=2&theme=dark&color=red&controls=1&disablekb=0&\" class=\"__youtube_prefs__  no-lazyload\" title=\"YouTube player\"  allow=\"fullscreen; accelerometer; autoplay; clipboard-write; encrypted-media; gyroscope; picture-in-picture; web-share\" referrerpolicy=\"strict-origin-when-cross-origin\" allowfullscreen data-no-lazy=\"1\" data-skipgform_ajax_framebjll=\"\"><\/iframe><\/div>\n<p><strong>Pr\u00e4sentationen zum Workshop:<br \/>\n<\/strong><\/p>\n<p><a href=\"http:\/\/www.lowex-bestand.de\/wp-content\/uploads\/2021\/01\/0_BET_5.05_LowEx-Bestand_AGENDA.pdf\">0_BET_5.05_LowEx-Bestand_AGENDA<\/a><\/p>\n<p><a href=\"http:\/\/www.lowex-bestand.de\/wp-content\/uploads\/2021\/01\/1_BET_5.05_LowEx-Bestand_Henning.pdf\">1_BET_5.05_LowEx-Bestand_Henning<\/a><\/p>\n<p><a href=\"http:\/\/www.lowex-bestand.de\/wp-content\/uploads\/2021\/01\/2_BET_BET_5.05_LowEx-Bestand_Hess.pdf\">2_BET_BET_5.05_LowEx-Bestand_Hess<\/a><\/p>\n<p><a href=\"http:\/\/www.lowex-bestand.de\/wp-content\/uploads\/2021\/01\/3_BET_5.05_Smartes_Quartier_Durlach_L\u00e4mmle.pdf\">3_BET_5.05_Smartes_Quartier_Durlach_L\u00e4mmle<\/a><\/p>\n<p>&nbsp;<\/p>\n<p>&nbsp;<\/p>\n<h3><span style=\"color: #019682;\">DKV-Tagung Ulm 2019<\/span><\/h3>\n<p><a href=\"http:\/\/www.lowex-bestand.de\/wp-content\/uploads\/2021\/01\/DKV-Tagung_2019_Ulm_Pr\u00e4sentation_Bongs.pdf\">DKV-Tagung_2019_Ulm_Pr\u00e4sentation_Bongs<\/a><\/p>\n<p><a href=\"http:\/\/www.lowex-bestand.de\/wp-content\/uploads\/2021\/01\/Paper_Gezielter_Heizk\u00f6rpertausch_in_MFH_DKV-Tagung_2019.pdf\">Paper &#8222;Gezielter Heizk\u00f6rpertausch in MFH&#8220; &#8211; DKV-Tagung 2019<\/a><\/p>\n<p>&nbsp;<\/p>\n<h4><span style=\"color: #019682;\">Weitere Downloads:<\/span><\/h4>\n<p><a href=\"http:\/\/www.lowex-bestand.de\/wp-content\/uploads\/2020\/10\/Paper_Quellen-Verf\u00fcgbarkeit_f\u00fcr_W\u00e4rmepumpen_in_MFH_Solar_World_Congress_2019.pdf\">Paper &#8222;Quellen-Verf\u00fcgbarkeit f\u00fcr W\u00e4rmepumpen in MFH&#8220; Solar World Congress 2019<\/a><\/p>","protected":false},"excerpt":{"rendered":"<p>Abschlusstreffen Projektverbund LowEx-Bestand Donnerstag, 03.02.2022 Vorstellung der Demonstrationsprojekte W\u00e4rmepumpen in Bestandsgeb\u00e4uden: Das Smarte Quartier Karlsruhe-Durlach W\u00e4rmepumpen in Bestandsgeb\u00e4uden: Demonstrationsprojekt \u201cSanBest\u201c W\u00e4rmepumpen in Bestandsgeb\u00e4uden: Demonstrationsprojekt \u201cAdorf\u201c &nbsp; DKV-Tagung 2021 Freitag, 19.11.2021 Vortrag und Paper: \u00bb Techno-\u00f6konomische<\/p>\n","protected":false},"author":3,"featured_media":0,"parent":0,"menu_order":0,"comment_status":"closed","ping_status":"closed","template":"","meta":{"footnotes":""},"yoast_head":"<!-- This site is optimized with the Yoast SEO plugin v23.5 - https:\/\/yoast.com\/wordpress\/plugins\/seo\/ -->\n<title>Veranstaltungen - LowEx-Bestand<\/title>\n<meta name=\"robots\" content=\"index, follow, max-snippet:-1, max-image-preview:large, max-video-preview:-1\" \/>\n<link rel=\"canonical\" href=\"https:\/\/lowex-bestand.de\/index.php\/veranstaltungen\/?lang=de\" \/>\n<meta property=\"og:locale\" content=\"de_DE\" \/>\n<meta property=\"og:type\" content=\"article\" \/>\n<meta property=\"og:title\" content=\"Veranstaltungen - LowEx-Bestand\" \/>\n<meta property=\"og:description\" content=\"Abschlusstreffen Projektverbund LowEx-Bestand Donnerstag, 03.02.2022 Vorstellung der Demonstrationsprojekte W\u00e4rmepumpen in Bestandsgeb\u00e4uden: Das Smarte Quartier Karlsruhe-Durlach W\u00e4rmepumpen in Bestandsgeb\u00e4uden: Demonstrationsprojekt \u201cSanBest\u201c W\u00e4rmepumpen in Bestandsgeb\u00e4uden: Demonstrationsprojekt \u201cAdorf\u201c &nbsp; DKV-Tagung 2021 Freitag, 19.11.2021 Vortrag und Paper: \u00bb Techno-\u00f6konomische\" \/>\n<meta property=\"og:url\" content=\"https:\/\/lowex-bestand.de\/index.php\/veranstaltungen\/?lang=de\" \/>\n<meta property=\"og:site_name\" content=\"LowEx-Bestand\" \/>\n<meta property=\"article:modified_time\" content=\"2022-04-20T10:06:01+00:00\" \/>\n<meta name=\"twitter:card\" content=\"summary_large_image\" \/>\n<meta name=\"twitter:label1\" content=\"Gesch\u00e4tzte Lesezeit\" \/>\n\t<meta name=\"twitter:data1\" content=\"5\u00a0Minuten\" \/>\n<script type=\"application\/ld+json\" class=\"yoast-schema-graph\">{\"@context\":\"https:\/\/schema.org\",\"@graph\":[{\"@type\":\"WebPage\",\"@id\":\"https:\/\/lowex-bestand.de\/index.php\/veranstaltungen\/?lang=de\",\"url\":\"https:\/\/lowex-bestand.de\/index.php\/veranstaltungen\/?lang=de\",\"name\":\"Veranstaltungen - LowEx-Bestand\",\"isPartOf\":{\"@id\":\"https:\/\/lowex-bestand.de\/#website\"},\"datePublished\":\"2021-01-29T16:30:13+00:00\",\"dateModified\":\"2022-04-20T10:06:01+00:00\",\"breadcrumb\":{\"@id\":\"https:\/\/lowex-bestand.de\/index.php\/veranstaltungen\/?lang=de#breadcrumb\"},\"inLanguage\":\"de\",\"potentialAction\":[{\"@type\":\"ReadAction\",\"target\":[\"https:\/\/lowex-bestand.de\/index.php\/veranstaltungen\/?lang=de\"]}]},{\"@type\":\"BreadcrumbList\",\"@id\":\"https:\/\/lowex-bestand.de\/index.php\/veranstaltungen\/?lang=de#breadcrumb\",\"itemListElement\":[{\"@type\":\"ListItem\",\"position\":1,\"name\":\"Startseite\",\"item\":\"https:\/\/lowex-bestand.de\/\"},{\"@type\":\"ListItem\",\"position\":2,\"name\":\"Veranstaltungen\"}]},{\"@type\":\"WebSite\",\"@id\":\"https:\/\/lowex-bestand.de\/#website\",\"url\":\"https:\/\/lowex-bestand.de\/\",\"name\":\"LowEx-Bestand\",\"description\":\"Mehrfamilienh\u00e4user nachhaltig beheizen  - Projekt von Forschung, Heiztechnik-Herstellern und Wohnungswirtschaft\",\"publisher\":{\"@id\":\"https:\/\/lowex-bestand.de\/#organization\"},\"potentialAction\":[{\"@type\":\"SearchAction\",\"target\":{\"@type\":\"EntryPoint\",\"urlTemplate\":\"https:\/\/lowex-bestand.de\/?s={search_term_string}\"},\"query-input\":{\"@type\":\"PropertyValueSpecification\",\"valueRequired\":true,\"valueName\":\"search_term_string\"}}],\"inLanguage\":\"de\"},{\"@type\":\"Organization\",\"@id\":\"https:\/\/lowex-bestand.de\/#organization\",\"name\":\"LowEx-Bestand\",\"url\":\"https:\/\/lowex-bestand.de\/\",\"logo\":{\"@type\":\"ImageObject\",\"inLanguage\":\"de\",\"@id\":\"https:\/\/lowex-bestand.de\/#\/schema\/logo\/image\/\",\"url\":\"https:\/\/lowex-bestand.de\/wp-content\/uploads\/2022\/02\/cropped-Header_Logos_neu_3.png\",\"contentUrl\":\"https:\/\/lowex-bestand.de\/wp-content\/uploads\/2022\/02\/cropped-Header_Logos_neu_3.png\",\"width\":1999,\"height\":160,\"caption\":\"LowEx-Bestand\"},\"image\":{\"@id\":\"https:\/\/lowex-bestand.de\/#\/schema\/logo\/image\/\"}}]}<\/script>\n<!-- \/ Yoast SEO plugin. -->","yoast_head_json":{"title":"Veranstaltungen - LowEx-Bestand","robots":{"index":"index","follow":"follow","max-snippet":"max-snippet:-1","max-image-preview":"max-image-preview:large","max-video-preview":"max-video-preview:-1"},"canonical":"https:\/\/lowex-bestand.de\/index.php\/veranstaltungen\/?lang=de","og_locale":"de_DE","og_type":"article","og_title":"Veranstaltungen - LowEx-Bestand","og_description":"Abschlusstreffen Projektverbund LowEx-Bestand Donnerstag, 03.02.2022 Vorstellung der Demonstrationsprojekte W\u00e4rmepumpen in Bestandsgeb\u00e4uden: Das Smarte Quartier Karlsruhe-Durlach W\u00e4rmepumpen in Bestandsgeb\u00e4uden: Demonstrationsprojekt \u201cSanBest\u201c W\u00e4rmepumpen in Bestandsgeb\u00e4uden: Demonstrationsprojekt \u201cAdorf\u201c &nbsp; DKV-Tagung 2021 Freitag, 19.11.2021 Vortrag und Paper: \u00bb Techno-\u00f6konomische","og_url":"https:\/\/lowex-bestand.de\/index.php\/veranstaltungen\/?lang=de","og_site_name":"LowEx-Bestand","article_modified_time":"2022-04-20T10:06:01+00:00","twitter_card":"summary_large_image","twitter_misc":{"Gesch\u00e4tzte Lesezeit":"5\u00a0Minuten"},"schema":{"@context":"https:\/\/schema.org","@graph":[{"@type":"WebPage","@id":"https:\/\/lowex-bestand.de\/index.php\/veranstaltungen\/?lang=de","url":"https:\/\/lowex-bestand.de\/index.php\/veranstaltungen\/?lang=de","name":"Veranstaltungen - LowEx-Bestand","isPartOf":{"@id":"https:\/\/lowex-bestand.de\/#website"},"datePublished":"2021-01-29T16:30:13+00:00","dateModified":"2022-04-20T10:06:01+00:00","breadcrumb":{"@id":"https:\/\/lowex-bestand.de\/index.php\/veranstaltungen\/?lang=de#breadcrumb"},"inLanguage":"de","potentialAction":[{"@type":"ReadAction","target":["https:\/\/lowex-bestand.de\/index.php\/veranstaltungen\/?lang=de"]}]},{"@type":"BreadcrumbList","@id":"https:\/\/lowex-bestand.de\/index.php\/veranstaltungen\/?lang=de#breadcrumb","itemListElement":[{"@type":"ListItem","position":1,"name":"Startseite","item":"https:\/\/lowex-bestand.de\/"},{"@type":"ListItem","position":2,"name":"Veranstaltungen"}]},{"@type":"WebSite","@id":"https:\/\/lowex-bestand.de\/#website","url":"https:\/\/lowex-bestand.de\/","name":"LowEx-Bestand","description":"Mehrfamilienh\u00e4user nachhaltig beheizen  - Projekt von Forschung, Heiztechnik-Herstellern und Wohnungswirtschaft","publisher":{"@id":"https:\/\/lowex-bestand.de\/#organization"},"potentialAction":[{"@type":"SearchAction","target":{"@type":"EntryPoint","urlTemplate":"https:\/\/lowex-bestand.de\/?s={search_term_string}"},"query-input":{"@type":"PropertyValueSpecification","valueRequired":true,"valueName":"search_term_string"}}],"inLanguage":"de"},{"@type":"Organization","@id":"https:\/\/lowex-bestand.de\/#organization","name":"LowEx-Bestand","url":"https:\/\/lowex-bestand.de\/","logo":{"@type":"ImageObject","inLanguage":"de","@id":"https:\/\/lowex-bestand.de\/#\/schema\/logo\/image\/","url":"https:\/\/lowex-bestand.de\/wp-content\/uploads\/2022\/02\/cropped-Header_Logos_neu_3.png","contentUrl":"https:\/\/lowex-bestand.de\/wp-content\/uploads\/2022\/02\/cropped-Header_Logos_neu_3.png","width":1999,"height":160,"caption":"LowEx-Bestand"},"image":{"@id":"https:\/\/lowex-bestand.de\/#\/schema\/logo\/image\/"}}]}},"_links":{"self":[{"href":"https:\/\/lowex-bestand.de\/index.php\/wp-json\/wp\/v2\/pages\/1179"}],"collection":[{"href":"https:\/\/lowex-bestand.de\/index.php\/wp-json\/wp\/v2\/pages"}],"about":[{"href":"https:\/\/lowex-bestand.de\/index.php\/wp-json\/wp\/v2\/types\/page"}],"author":[{"embeddable":true,"href":"https:\/\/lowex-bestand.de\/index.php\/wp-json\/wp\/v2\/users\/3"}],"replies":[{"embeddable":true,"href":"https:\/\/lowex-bestand.de\/index.php\/wp-json\/wp\/v2\/comments?post=1179"}],"version-history":[{"count":25,"href":"https:\/\/lowex-bestand.de\/index.php\/wp-json\/wp\/v2\/pages\/1179\/revisions"}],"predecessor-version":[{"id":1491,"href":"https:\/\/lowex-bestand.de\/index.php\/wp-json\/wp\/v2\/pages\/1179\/revisions\/1491"}],"wp:attachment":[{"href":"https:\/\/lowex-bestand.de\/index.php\/wp-json\/wp\/v2\/media?parent=1179"}],"curies":[{"name":"wp","href":"https:\/\/api.w.org\/{rel}","templated":true}]}}