{"id":1182,"date":"2021-01-29T17:30:08","date_gmt":"2021-01-29T16:30:08","guid":{"rendered":"http:\/\/www.lowex-bestand.de\/?page_id=1182"},"modified":"2025-12-09T14:24:49","modified_gmt":"2025-12-09T13:24:49","slug":"ergebnisse","status":"publish","type":"page","link":"https:\/\/lowex-bestand.de\/index.php\/ergebnisse\/?lang=de","title":{"rendered":"Ergebnisse"},"content":{"rendered":"<p>Falls beim \u00d6ffnen der verlinkten Dateien Probleme auftreten, k\u00f6nnen Sie am Ende dieser Seite unter &#8222;Attachments&#8220; die Datei direkt \u00f6ffnen und herunterladen.<\/p>\n<h4><span style=\"color: #009682;\">Handreichung f\u00fcr den Einsatz von W\u00e4rmepumpensystemen im MFH-Bestand<br \/>\n<\/span><\/h4>\n<p><a href=\"https:\/\/lowex-bestand.de\/wp-content\/uploads\/2025\/12\/Handreichung_Waermepumpen-fuer-Mehrfamilienhaeuser-im-Bestand.pdf\">Handreichung_WP f\u00fcr MFH im Bestand<\/a><\/p>\n<p>&nbsp;<\/p>\n<h4><span style=\"color: #009682;\">Abschlussbericht\u00a0<\/span><\/h4>\n<p>Gemeinsamer Schlussbericht des Projekts LowEx-Bestand Analyse:<br \/>\n<a href=\"https:\/\/lowex-bestand.de\/wp-content\/uploads\/2025\/12\/Abschlussbericht_LiB.pdf\">Abschlussbericht_LiB<\/a><\/p>\n<p>&nbsp;<\/p>\n<h4><span style=\"color: #009682;\">Arbeitspakete<\/span><\/h4>\n<p>\u00d6ffentlich zug\u00e4ngliche Berichte zu abgeschlossenen Arbeitspaketen in LowEx-Bestand Analyse:<\/p>\n<p><a href=\"https:\/\/lowex-bestand.de\/wp-content\/uploads\/2022\/03\/2022-03-18_AP-1.1_Bestandsanalyse_final.pdf\">Abschlussbericht zu AP 1.1 Systematische Analyse von Mehrfamilien-Bestandsgeb\u00e4uden<\/a><\/p>\n<p><a href=\"https:\/\/www.lowex-bestand.de\/wp-content\/uploads\/2021\/09\/Abschlussbericht-zu-AP-1.2-und-1.4-Akteure-und-Prozesse-in-der-Geb\u00e4udesanierung_final.pdf\">Abschlussbericht zu AP 1.2 und 1.4 Akteure und Prozesse in der Geb\u00e4udesanierung<\/a><\/p>\n<p><a href=\"https:\/\/www.lowex-bestand.de\/wp-content\/uploads\/2022\/03\/Abschlussbericht-zu-AP-1.3_Technische-Anforderungen-an-MFH.pdf\">Abschlussbericht zu AP 1.3 Technische Anforderungen an MFH<\/a><\/p>\n<p><a href=\"https:\/\/www.lowex-bestand.de\/wp-content\/uploads\/2022\/02\/Abschlussbericht-zu-AP-2.1_rv_sh.pdf\">Abschlussbericht zu AP 2.1 Quellen-Verf\u00fcgbarkeit f\u00fcr W\u00e4rmepumpen- Systeme in Mehrfamilienh\u00e4usern<\/a><\/p>\n<p><a href=\"https:\/\/www.lowex-bestand.de\/wp-content\/uploads\/2022\/01\/2022-01-04-LowEx-Bestand_Bericht_AP2.2_final_sh.pdf\">Abschlussbericht zu AP 2.2 Bewertung von W\u00e4rme\u00fcbergabesystemen im Hinblick auf Raumkomfort<\/a><\/p>\n<p><a href=\"https:\/\/www.lowex-bestand.de\/wp-content\/uploads\/2022\/01\/2022-01-07_LiB_Bericht_AP2.2_AP4_L\u00fcftung_sh_aktuell.pdf\">Abschlussbericht zu AP 2.2 Bewertung von L\u00fcftungsstrategien im Hinblick auf Raumkomfort &amp; Luftqualit\u00e4t <\/a><\/p>\n<p><a href=\"https:\/\/www.lowex-bestand.de\/wp-content\/uploads\/2022\/04\/2022-04-26_LiB_Bericht_AP_3.1_Referenzgeb\u00e4ude_Parameter_FINAL.pdf\">Abschlussbericht zu AP 3.1 Referenzgeb\u00e4ude: Geometrie, Bauphysik &amp; Sanierungsszenarien<\/a><\/p>\n<p><a href=\"https:\/\/lowex-bestand.de\/wp-content\/uploads\/2025\/12\/Abschlussberich-zu-AP-5.pdf\">Abschlussbericht zu AP 5 Techno-\u00f6konomische Analyse von Sanierungspaketen<\/a><\/p>\n<p>&nbsp;<\/p>\n<h4><span style=\"color: #009682;\"><strong>Peer-Reviewed Journal Paper<\/strong><\/span><\/h4>\n<ul>\n<li>D. Neubert, C. Gl\u00fcck,\u00a0 J. Wapler, A. Marko, C. Bongs and C. Felsmann: Field Trial Evaluation of a Hybrid Heat Pump in an Existing Multi-Family House before and after Renovation. <em>Energies<\/em> <strong>2024,<\/strong> 17(6), 1402. <a href=\"https:\/\/doi.org\/10.3390\/en17061502\">https:\/\/doi.org\/10.3390\/en17061502<\/a>.<\/li>\n<li>D. Neubert, C. Gl\u00fcck, J. Schnitzius, A. Marko, J. Wapler, C. Bongs and C. Felsmann: Analysis of the Operation Characteristics of a Hybrid Heat Pump in an Existing Multifamily House Based on Field Test Data and Simulation. <em>Energies<\/em> <strong>2022,<\/strong> 15, 5611. <a href=\"https:\/\/doi.org\/10.3390\/en15155611\">https:\/\/doi.org\/10.3390\/en15155611<\/a>.<\/li>\n<li>R. Vollmer, M. L\u00e4mmle, S. Hess, H.-M. Henning: Optimization of energetic refurbishmend roadmaps for multi-family buildings utilizing heat pump. Energy and Buildings 280 (2023).<a href=\"https:\/\/doi.org\/10.1016\/j.enbuild.2022.112729\">https:\/\/doi.org\/10.1016\/j.enbuild.2022.112729<\/a><\/li>\n<li>N. Carbonare, T. Pflug, C. Bongs, A. Wagner: Design and implementation of an occupant-centered self-learning controller for decentralized residential ventilation systems. Building and Environment 206 (2021). <a href=\"https:\/\/doi.org\/10.1016\/j.buildenv.2021.108380\">https:\/\/doi.org\/10.1016\/j.buildenv.2021.108380<\/a><\/li>\n<li>M. L\u00e4mmle, C. Bongs, J. Wapler, D. G\u00fcnther, S. Hess, M. Kropp, and S. Herkel, &#8222;Performance of air and ground source heat pumps retrofitted to radiator heating systems and measures to reduce space heating temperatures in existing buildings&#8220;, <a href=\"https:\/\/www.lowex-bestand.de\/wp-content\/uploads\/2022\/01\/Preprint_L\u00e4mmle_et_al_2021_Performance-of-heat-pumps-in-existing-buildings.pdf\">Energy <strong>2021<\/strong>, 122952<\/a>.<\/li>\n<li>N. Carbonare, H. Fugmann; N. Asadov, T. Pflug, L. Schnabel, C. Bongs. Simulation and Measurement of Energetic Performance in Decentralized Regenerative Ventilation Systems. <em>Energies<\/em> <strong>2020<\/strong>, <em>13<\/em>, 6010. <a href=\"https:\/\/doi.org\/10.3390\/en13226010\">https:\/\/doi.org\/10.3390\/en13226010<\/a><\/li>\n<li>N. Carbonare, T. Pflug, C. Bongs, and A. Wagner, &#8222;Simulative study of a novel fuzzy demand controlled ventilation for facade-integrated decentralized systems in renovated residential buildings&#8220;, <em>Science and Technology for the Built Environment<\/em> <strong>2020<\/strong>, <i>26<\/i>(10), 1412-1426. Die Ver\u00f6ffentlichung ist <a href=\"https:\/\/www.tandfonline.com\/doi\/abs\/10.1080\/23744731.2020.1797442\">online<\/a> verf\u00fcgbar.<\/li>\n<li>M.R. Safizadeh, L. Watly and A. Wagner, &#8222;Evaluation of Radiant Heating Ceiling Based on Energy and Thermal Comfort Criteria&#8220;, Part II: A Numerical Study, <em>Energies <strong>2019<\/strong>, 12(18), 3437. <\/em>Die Ver\u00f6ffentlichung ist <a href=\"https:\/\/www.mdpi.com\/1996-1073\/12\/18\/3437\">online<\/a> verf\u00fcgbar<em>.<\/em><\/li>\n<li>M.R. Safizadeh; M. Schweiker and A. Wagner, &#8222;Experimental Evaluation of Radiant Heating Ceiling Systems Based on Thermal Comfort Criteria&#8220;. <em>Energies<\/em> <strong>2018<\/strong>, <em>11<\/em>, 2932. <a href=\"https:\/\/doi.org\/10.3390\/en11112932\">https:\/\/doi.org\/10.3390\/en11112932<\/a><\/li>\n<li>N. Carbonare, T. Pflug, and A. Wagner, &#8222;Clustering the occupant behavior in residential buildings: a method comparison&#8220;,\u00a0<a href=\"https:\/\/www.lowex-bestand.de\/wp-content\/uploads\/2021\/03\/Carbonare_et_al-2018-Bauphysik.pdf\">Bauphysik 40.6 (2018): 427-433.<\/a><\/li>\n<\/ul>\n<p>&nbsp;<\/p>\n<h4><span style=\"color: #009682;\"><strong>Zeitschriften- und Konferenzbeitr\u00e4ge<\/strong><\/span><\/h4>\n<ul>\n<li><a href=\"https:\/\/www.lowex-bestand.de\/wp-content\/uploads\/2021\/12\/2021-12-22_DKV_LiB_Techno-\u00f6konom_Hess.pdf\">Paper &#8222;Techno-\u00f6konomische Analyse MFH&#8220; &#8211; DKV-Tagung 2021<\/a><\/li>\n<li><a href=\"https:\/\/www.lowex-bestand.de\/wp-content\/uploads\/2021\/01\/AA-IV-07-DKV-2020-Manuskript-Kropp.pdf\">Paper &#8222;Trinkwarmwasser Systemvarianten&#8220; &#8211; DKV-Tagung 2020<\/a><\/li>\n<li><a href=\"https:\/\/www.lowex-bestand.de\/wp-content\/uploads\/2020\/10\/Paper_Quellen-Verf\u00fcgbarkeit_f\u00fcr_W\u00e4rmepumpen_in_MFH_Solar_World_Congress_2019.pdf\">Paper &#8222;Quellen-Verf\u00fcgbarkeit f\u00fcr W\u00e4rmepumpen in MFH&#8220; Solar World Congress 2019<\/a><\/li>\n<li><a href=\"https:\/\/www.lowex-bestand.de\/wp-content\/uploads\/2021\/03\/Carbonare_2019_IOP_Conf._Ser.-_Mater._Sci._Eng._609_032018.pdf\">Paper &#8222;Comfort-oriented control strategies for decentralized ventilation&#8220; &#8211; IAQVEC 2019 <\/a><\/li>\n<li><a href=\"https:\/\/publikationen.bibliothek.kit.edu\/1000104418\">Paper &#8222;Experimental Evaluation of Radiant Heating Ceiling Systems Based on Thermal Comfort Criteria&#8220; &#8211; ISHVAC 2019<\/a><\/li>\n<li><a href=\"https:\/\/www.lowex-bestand.de\/wp-content\/uploads\/2021\/01\/Paper_Gezielter_Heizk\u00f6rpertausch_in_MFH_DKV-Tagung_2019.pdf\">Paper &#8222;Gezielter Heizk\u00f6rpertausch in MFH&#8220; &#8211; DKV-Tagung 2019<\/a><\/li>\n<li><a href=\"https:\/\/www.lowex-bestand.de\/wp-content\/uploads\/2021\/03\/Anhang_2_IV.17_DKV_Wapler_LiB_Parameterstudie_FINAL.pdf\">Paper &#8222;WP-System in MFH-Bestand&#8220; &#8211; DKV-Tagung 2018<\/a><\/li>\n<\/ul>\n<p><\/p>","protected":false},"excerpt":{"rendered":"<p>Falls beim \u00d6ffnen der verlinkten Dateien Probleme auftreten, k\u00f6nnen Sie am Ende dieser Seite unter &#8222;Attachments&#8220; die Datei direkt \u00f6ffnen und herunterladen. Handreichung f\u00fcr den Einsatz von W\u00e4rmepumpensystemen im MFH-Bestand Handreichung_WP f\u00fcr MFH im Bestand<\/p>\n","protected":false},"author":3,"featured_media":0,"parent":0,"menu_order":0,"comment_status":"closed","ping_status":"closed","template":"","meta":{"footnotes":""},"yoast_head":"<!-- This site is optimized with the Yoast SEO plugin v23.5 - https:\/\/yoast.com\/wordpress\/plugins\/seo\/ -->\n<title>Ergebnisse - LowEx-Bestand<\/title>\n<meta name=\"robots\" content=\"index, follow, max-snippet:-1, max-image-preview:large, max-video-preview:-1\" \/>\n<link rel=\"canonical\" href=\"https:\/\/lowex-bestand.de\/index.php\/ergebnisse\/\" \/>\n<meta property=\"og:locale\" content=\"de_DE\" \/>\n<meta property=\"og:type\" content=\"article\" \/>\n<meta property=\"og:title\" content=\"Ergebnisse - LowEx-Bestand\" \/>\n<meta property=\"og:description\" content=\"Falls beim \u00d6ffnen der verlinkten Dateien Probleme auftreten, k\u00f6nnen Sie am Ende dieser Seite unter &#8222;Attachments&#8220; die Datei direkt \u00f6ffnen und herunterladen. Handreichung f\u00fcr den Einsatz von W\u00e4rmepumpensystemen im MFH-Bestand Handreichung_WP f\u00fcr MFH im Bestand\" \/>\n<meta property=\"og:url\" content=\"https:\/\/lowex-bestand.de\/index.php\/ergebnisse\/\" \/>\n<meta property=\"og:site_name\" content=\"LowEx-Bestand\" \/>\n<meta property=\"article:modified_time\" content=\"2025-12-09T13:24:49+00:00\" \/>\n<meta name=\"twitter:card\" content=\"summary_large_image\" \/>\n<meta name=\"twitter:label1\" content=\"Gesch\u00e4tzte Lesezeit\" \/>\n\t<meta name=\"twitter:data1\" content=\"3\u00a0Minuten\" \/>\n<script type=\"application\/ld+json\" class=\"yoast-schema-graph\">{\"@context\":\"https:\/\/schema.org\",\"@graph\":[{\"@type\":\"WebPage\",\"@id\":\"https:\/\/lowex-bestand.de\/index.php\/ergebnisse\/\",\"url\":\"https:\/\/lowex-bestand.de\/index.php\/ergebnisse\/\",\"name\":\"Ergebnisse - LowEx-Bestand\",\"isPartOf\":{\"@id\":\"https:\/\/lowex-bestand.de\/#website\"},\"datePublished\":\"2021-01-29T16:30:08+00:00\",\"dateModified\":\"2025-12-09T13:24:49+00:00\",\"breadcrumb\":{\"@id\":\"https:\/\/lowex-bestand.de\/index.php\/ergebnisse\/#breadcrumb\"},\"inLanguage\":\"de\",\"potentialAction\":[{\"@type\":\"ReadAction\",\"target\":[\"https:\/\/lowex-bestand.de\/index.php\/ergebnisse\/\"]}]},{\"@type\":\"BreadcrumbList\",\"@id\":\"https:\/\/lowex-bestand.de\/index.php\/ergebnisse\/#breadcrumb\",\"itemListElement\":[{\"@type\":\"ListItem\",\"position\":1,\"name\":\"Startseite\",\"item\":\"https:\/\/lowex-bestand.de\/\"},{\"@type\":\"ListItem\",\"position\":2,\"name\":\"Ergebnisse\"}]},{\"@type\":\"WebSite\",\"@id\":\"https:\/\/lowex-bestand.de\/#website\",\"url\":\"https:\/\/lowex-bestand.de\/\",\"name\":\"LowEx-Bestand\",\"description\":\"Mehrfamilienh\u00e4user nachhaltig beheizen  - Projekt von Forschung, Heiztechnik-Herstellern und Wohnungswirtschaft\",\"publisher\":{\"@id\":\"https:\/\/lowex-bestand.de\/#organization\"},\"potentialAction\":[{\"@type\":\"SearchAction\",\"target\":{\"@type\":\"EntryPoint\",\"urlTemplate\":\"https:\/\/lowex-bestand.de\/?s={search_term_string}\"},\"query-input\":{\"@type\":\"PropertyValueSpecification\",\"valueRequired\":true,\"valueName\":\"search_term_string\"}}],\"inLanguage\":\"de\"},{\"@type\":\"Organization\",\"@id\":\"https:\/\/lowex-bestand.de\/#organization\",\"name\":\"LowEx-Bestand\",\"url\":\"https:\/\/lowex-bestand.de\/\",\"logo\":{\"@type\":\"ImageObject\",\"inLanguage\":\"de\",\"@id\":\"https:\/\/lowex-bestand.de\/#\/schema\/logo\/image\/\",\"url\":\"https:\/\/lowex-bestand.de\/wp-content\/uploads\/2022\/02\/cropped-Header_Logos_neu_3.png\",\"contentUrl\":\"https:\/\/lowex-bestand.de\/wp-content\/uploads\/2022\/02\/cropped-Header_Logos_neu_3.png\",\"width\":1999,\"height\":160,\"caption\":\"LowEx-Bestand\"},\"image\":{\"@id\":\"https:\/\/lowex-bestand.de\/#\/schema\/logo\/image\/\"}}]}<\/script>\n<!-- \/ Yoast SEO plugin. -->","yoast_head_json":{"title":"Ergebnisse - LowEx-Bestand","robots":{"index":"index","follow":"follow","max-snippet":"max-snippet:-1","max-image-preview":"max-image-preview:large","max-video-preview":"max-video-preview:-1"},"canonical":"https:\/\/lowex-bestand.de\/index.php\/ergebnisse\/","og_locale":"de_DE","og_type":"article","og_title":"Ergebnisse - LowEx-Bestand","og_description":"Falls beim \u00d6ffnen der verlinkten Dateien Probleme auftreten, k\u00f6nnen Sie am Ende dieser Seite unter &#8222;Attachments&#8220; die Datei direkt \u00f6ffnen und herunterladen. Handreichung f\u00fcr den Einsatz von W\u00e4rmepumpensystemen im MFH-Bestand Handreichung_WP f\u00fcr MFH im Bestand","og_url":"https:\/\/lowex-bestand.de\/index.php\/ergebnisse\/","og_site_name":"LowEx-Bestand","article_modified_time":"2025-12-09T13:24:49+00:00","twitter_card":"summary_large_image","twitter_misc":{"Gesch\u00e4tzte Lesezeit":"3\u00a0Minuten"},"schema":{"@context":"https:\/\/schema.org","@graph":[{"@type":"WebPage","@id":"https:\/\/lowex-bestand.de\/index.php\/ergebnisse\/","url":"https:\/\/lowex-bestand.de\/index.php\/ergebnisse\/","name":"Ergebnisse - LowEx-Bestand","isPartOf":{"@id":"https:\/\/lowex-bestand.de\/#website"},"datePublished":"2021-01-29T16:30:08+00:00","dateModified":"2025-12-09T13:24:49+00:00","breadcrumb":{"@id":"https:\/\/lowex-bestand.de\/index.php\/ergebnisse\/#breadcrumb"},"inLanguage":"de","potentialAction":[{"@type":"ReadAction","target":["https:\/\/lowex-bestand.de\/index.php\/ergebnisse\/"]}]},{"@type":"BreadcrumbList","@id":"https:\/\/lowex-bestand.de\/index.php\/ergebnisse\/#breadcrumb","itemListElement":[{"@type":"ListItem","position":1,"name":"Startseite","item":"https:\/\/lowex-bestand.de\/"},{"@type":"ListItem","position":2,"name":"Ergebnisse"}]},{"@type":"WebSite","@id":"https:\/\/lowex-bestand.de\/#website","url":"https:\/\/lowex-bestand.de\/","name":"LowEx-Bestand","description":"Mehrfamilienh\u00e4user nachhaltig beheizen  - Projekt von Forschung, Heiztechnik-Herstellern und Wohnungswirtschaft","publisher":{"@id":"https:\/\/lowex-bestand.de\/#organization"},"potentialAction":[{"@type":"SearchAction","target":{"@type":"EntryPoint","urlTemplate":"https:\/\/lowex-bestand.de\/?s={search_term_string}"},"query-input":{"@type":"PropertyValueSpecification","valueRequired":true,"valueName":"search_term_string"}}],"inLanguage":"de"},{"@type":"Organization","@id":"https:\/\/lowex-bestand.de\/#organization","name":"LowEx-Bestand","url":"https:\/\/lowex-bestand.de\/","logo":{"@type":"ImageObject","inLanguage":"de","@id":"https:\/\/lowex-bestand.de\/#\/schema\/logo\/image\/","url":"https:\/\/lowex-bestand.de\/wp-content\/uploads\/2022\/02\/cropped-Header_Logos_neu_3.png","contentUrl":"https:\/\/lowex-bestand.de\/wp-content\/uploads\/2022\/02\/cropped-Header_Logos_neu_3.png","width":1999,"height":160,"caption":"LowEx-Bestand"},"image":{"@id":"https:\/\/lowex-bestand.de\/#\/schema\/logo\/image\/"}}]}},"_links":{"self":[{"href":"https:\/\/lowex-bestand.de\/index.php\/wp-json\/wp\/v2\/pages\/1182"}],"collection":[{"href":"https:\/\/lowex-bestand.de\/index.php\/wp-json\/wp\/v2\/pages"}],"about":[{"href":"https:\/\/lowex-bestand.de\/index.php\/wp-json\/wp\/v2\/types\/page"}],"author":[{"embeddable":true,"href":"https:\/\/lowex-bestand.de\/index.php\/wp-json\/wp\/v2\/users\/3"}],"replies":[{"embeddable":true,"href":"https:\/\/lowex-bestand.de\/index.php\/wp-json\/wp\/v2\/comments?post=1182"}],"version-history":[{"count":91,"href":"https:\/\/lowex-bestand.de\/index.php\/wp-json\/wp\/v2\/pages\/1182\/revisions"}],"predecessor-version":[{"id":1635,"href":"https:\/\/lowex-bestand.de\/index.php\/wp-json\/wp\/v2\/pages\/1182\/revisions\/1635"}],"wp:attachment":[{"href":"https:\/\/lowex-bestand.de\/index.php\/wp-json\/wp\/v2\/media?parent=1182"}],"curies":[{"name":"wp","href":"https:\/\/api.w.org\/{rel}","templated":true}]}}