{"id":289,"date":"2018-04-10T11:40:54","date_gmt":"2018-04-10T09:40:54","guid":{"rendered":"http:\/\/www.lowex-bestand.de\/?page_id=289"},"modified":"2025-11-03T12:53:56","modified_gmt":"2025-11-03T11:53:56","slug":"nk4htwp-stiebel-eltron","status":"publish","type":"page","link":"https:\/\/lowex-bestand.de\/index.php\/nk4htwp-stiebel-eltron\/?lang=de","title":{"rendered":"NK4HTWP &#8211; Stiebel-Eltron"},"content":{"rendered":"<p><\/p>\n<h3><span style=\"color: #019682;\">Hochtemperaturw\u00e4rmepumpen mit neuer Generation an Low-GWP K\u00e4ltemitteln f\u00fcr die Beheizung und Warmwasserbereitung in Mehrfamilienh\u00e4usern<img loading=\"lazy\" decoding=\"async\" class=\"alignright wp-image-1375\" src=\"http:\/\/www.lowex-bestand.de\/wp-content\/uploads\/2022\/02\/BMWK_Fz_2017_Office_Farbe_de.png\" alt=\"\" width=\"200\" height=\"206\" srcset=\"https:\/\/lowex-bestand.de\/wp-content\/uploads\/2022\/02\/BMWK_Fz_2017_Office_Farbe_de.png 1360w, https:\/\/lowex-bestand.de\/wp-content\/uploads\/2022\/02\/BMWK_Fz_2017_Office_Farbe_de-291x300.png 291w, https:\/\/lowex-bestand.de\/wp-content\/uploads\/2022\/02\/BMWK_Fz_2017_Office_Farbe_de-995x1024.png 995w, https:\/\/lowex-bestand.de\/wp-content\/uploads\/2022\/02\/BMWK_Fz_2017_Office_Farbe_de-768x791.png 768w\" sizes=\"(max-width: 200px) 100vw, 200px\" \/><\/span><\/h3>\n<p><b>F\u00f6rderkennzeichen<\/b><b>:\u00a0<\/b>03ET1488 A\/B<\/p>\n<p><b>Laufzeit<\/b>: 05\/2017 bis 04\/2021<\/p>\n<p><b>Projektpartner:<\/b> Fraunhofer ISE, Stiebel Eltron<\/p>\n<h4><span style=\"color: #019682;\"><b>Ziele<\/b><\/span><\/h4>\n<ul>\n<li>Demonstrationsw\u00e4rmepumpe wird ausgelegt\/konstruiert\/aufgebaut, die mit einer neuen Generation an K\u00e4ltemittel mit niedrigem Ozon- und Treibhauspotenzial betrieben wird und f\u00fcr die Beheizung und Warmwasserbereitung in einem Mehrfamilienhaus sorgen soll<\/li>\n<li>Warmwasserbereitung, die in MFH eine minimale Warmwassertemperatur von 60\u00b0C an der Zapfstelle bereitstellen k\u00f6nnen muss (Stichwort: Gro\u00dfanlage gem\u00e4\u00df DVGW W 551)<\/li>\n<li>Niedrige Schallemissionen des Ger\u00e4tes, da eine Aufstellung in dichter Bebauung wahrscheinlich ist.<\/li>\n<li>Hohe Effizienz Heizen\/Warmwasser<\/li>\n<li>Hohe Robustheit des Ger\u00e4tes<\/li>\n<\/ul>\n<h4><span style=\"color: #019682;\"><b>Technologie<\/b><\/span><\/h4>\n<figure id=\"attachment_524\" aria-describedby=\"caption-attachment-524\" style=\"width: 390px\" class=\"wp-caption alignright\"><img loading=\"lazy\" decoding=\"async\" class=\"wp-image-524\" src=\"http:\/\/www.lowex-bestand.de\/wp-content\/uploads\/2018\/04\/NK4HTWP_1-1024x767.png\" alt=\"\" width=\"390\" height=\"292\" srcset=\"https:\/\/lowex-bestand.de\/wp-content\/uploads\/2018\/04\/NK4HTWP_1-1024x767.png 1024w, https:\/\/lowex-bestand.de\/wp-content\/uploads\/2018\/04\/NK4HTWP_1-300x225.png 300w, https:\/\/lowex-bestand.de\/wp-content\/uploads\/2018\/04\/NK4HTWP_1-768x575.png 768w, https:\/\/lowex-bestand.de\/wp-content\/uploads\/2018\/04\/NK4HTWP_1-840x630.png 840w, https:\/\/lowex-bestand.de\/wp-content\/uploads\/2018\/04\/NK4HTWP_1-440x330.png 440w, https:\/\/lowex-bestand.de\/wp-content\/uploads\/2018\/04\/NK4HTWP_1.png 1032w\" sizes=\"(max-width: 390px) 100vw, 390px\" \/><figcaption id=\"caption-attachment-524\" class=\"wp-caption-text\">Vermessung des K\u00e4ltemittelverdichters<\/figcaption><\/figure>\n<p>F\u00fcr den Einsatz von W\u00e4rmepumpen in bestehenden Mehrfamilienh\u00e4usern (MFH) stellen die erforderlichen hohen Vorlauftemperaturen \u2013 insbesondere zur Einhaltung der Hygienevorschriften bei der Trinkwarmwasserbereitung \u2013 als auch die begrenzte Verf\u00fcgbarkeit von geeigneten Umgebungsw\u00e4rmequellen betr\u00e4chtliche Herausforderungen dar.<\/p>\n<p>Als Bestandteil der W\u00e4rmepumpenentwicklung findet eine Vermessung des K\u00e4ltemittelverdichters zur energetischen Bewertung statt. Diese wird kombiniert mit strukturdynamischer Messtechnik f\u00fcr die Bewertung von mechanischen Belastungen sowie K\u00f6rperschall.<\/p>\n<figure id=\"attachment_525\" aria-describedby=\"caption-attachment-525\" style=\"width: 390px\" class=\"wp-caption alignright\"><img loading=\"lazy\" decoding=\"async\" class=\"wp-image-525\" src=\"http:\/\/www.lowex-bestand.de\/wp-content\/uploads\/2018\/04\/NK4HTWP_2-1024x410.png\" alt=\"\" width=\"390\" height=\"156\" srcset=\"https:\/\/lowex-bestand.de\/wp-content\/uploads\/2018\/04\/NK4HTWP_2-1024x410.png 1024w, https:\/\/lowex-bestand.de\/wp-content\/uploads\/2018\/04\/NK4HTWP_2-300x120.png 300w, https:\/\/lowex-bestand.de\/wp-content\/uploads\/2018\/04\/NK4HTWP_2-768x308.png 768w, https:\/\/lowex-bestand.de\/wp-content\/uploads\/2018\/04\/NK4HTWP_2.png 1308w\" sizes=\"(max-width: 390px) 100vw, 390px\" \/><figcaption id=\"caption-attachment-525\" class=\"wp-caption-text\">Geschwindigkeitsfeld auf der Oberfl\u00e4che<\/figcaption><\/figure>\n<p>Die dabei gewonnene Information des Geschwindigkeitsfeldes auf der Oberfl\u00e4che ist dabei eine wichtige Gr\u00f6\u00dfe zur Beurteilung dieser mechanischen Belastung, die aufgrund der Erregung durch den Verdichter und induziert durch Str\u00f6mungen auftritt.<\/p>\n<h4><span style=\"color: #019682;\">Arbeitsplan<\/span><\/h4>\n<ul>\n<li>Zielmarktidentifikation und Systemanalyse f\u00fcr Mehrfamilienh\u00e4user<\/li>\n<li>\u00a0K\u00e4ltekreisentwicklung einer W\u00e4rmepumpe f\u00fcr MFH<\/li>\n<li>Inbetriebnahme und Schwingungsd\u00e4mpfung des K\u00e4ltekreises<\/li>\n<li>Systementwicklung mit Fokus zur Warmwasserbereitung (experimentell)<\/li>\n<li>Felduntersuchung<\/li>\n<\/ul>\n<p>Die Firma Stiebel Eltron generiert durch umfangreiche eigene Untersuchungen sowie durch Untersuchungen vom Fraunhofer ISE ein Pflichtenheft und baut Demonstratoren. Dies umfasst alle Aspekte einer neuen Anlage. Das Fraunhofer ISE vermisst Komponenten zur Kompression, W\u00e4rmeauskopplung sowie das Gesamtger\u00e4t sowohl energetisch als auch akustisch. Es liefert Teilmodelle f\u00fcr die Systemsimulation und f\u00fchrt diese teilweise auch selbst zur Optimierung von Bauteilen und Prozessen selbst aus.<\/p>\n<p>&nbsp;<\/p>\n<h4><a href=\"https:\/\/lowex-bestand.de\/index.php\/ergebnisse\/?lang=de\"><b>Link zu Downloads<\/b><\/a><\/h4>\n<p><\/p>","protected":false},"excerpt":{"rendered":"<p>Hochtemperaturw\u00e4rmepumpen mit neuer Generation an Low-GWP K\u00e4ltemitteln f\u00fcr die Beheizung und Warmwasserbereitung in Mehrfamilienh\u00e4usern F\u00f6rderkennzeichen:\u00a003ET1488 A\/B Laufzeit: 05\/2017 bis 04\/2021 Projektpartner: Fraunhofer ISE, Stiebel Eltron Ziele Demonstrationsw\u00e4rmepumpe wird ausgelegt\/konstruiert\/aufgebaut, die mit einer neuen Generation an<\/p>\n","protected":false},"author":3,"featured_media":0,"parent":0,"menu_order":0,"comment_status":"closed","ping_status":"closed","template":"","meta":{"footnotes":""},"yoast_head":"<!-- This site is optimized with the Yoast SEO plugin v23.5 - https:\/\/yoast.com\/wordpress\/plugins\/seo\/ -->\n<title>NK4HTWP - Stiebel-Eltron - LowEx-Bestand<\/title>\n<meta name=\"robots\" content=\"index, follow, max-snippet:-1, max-image-preview:large, max-video-preview:-1\" \/>\n<link rel=\"canonical\" href=\"https:\/\/lowex-bestand.de\/index.php\/nk4htwp-stiebel-eltron\/\" \/>\n<meta property=\"og:locale\" content=\"de_DE\" \/>\n<meta property=\"og:type\" content=\"article\" \/>\n<meta property=\"og:title\" content=\"NK4HTWP - Stiebel-Eltron - LowEx-Bestand\" \/>\n<meta property=\"og:description\" content=\"Hochtemperaturw\u00e4rmepumpen mit neuer Generation an Low-GWP K\u00e4ltemitteln f\u00fcr die Beheizung und Warmwasserbereitung in Mehrfamilienh\u00e4usern F\u00f6rderkennzeichen:\u00a003ET1488 A\/B Laufzeit: 05\/2017 bis 04\/2021 Projektpartner: Fraunhofer ISE, Stiebel Eltron Ziele Demonstrationsw\u00e4rmepumpe wird ausgelegt\/konstruiert\/aufgebaut, die mit einer neuen Generation an\" \/>\n<meta property=\"og:url\" content=\"https:\/\/lowex-bestand.de\/index.php\/nk4htwp-stiebel-eltron\/\" \/>\n<meta property=\"og:site_name\" content=\"LowEx-Bestand\" \/>\n<meta property=\"article:modified_time\" content=\"2025-11-03T11:53:56+00:00\" \/>\n<meta property=\"og:image\" content=\"http:\/\/www.lowex-bestand.de\/wp-content\/uploads\/2022\/02\/BMWK_Fz_2017_Office_Farbe_de.png\" \/>\n<meta name=\"twitter:card\" content=\"summary_large_image\" \/>\n<meta name=\"twitter:label1\" content=\"Gesch\u00e4tzte Lesezeit\" \/>\n\t<meta name=\"twitter:data1\" content=\"3\u00a0Minuten\" \/>\n<script type=\"application\/ld+json\" class=\"yoast-schema-graph\">{\"@context\":\"https:\/\/schema.org\",\"@graph\":[{\"@type\":\"WebPage\",\"@id\":\"https:\/\/lowex-bestand.de\/index.php\/nk4htwp-stiebel-eltron\/\",\"url\":\"https:\/\/lowex-bestand.de\/index.php\/nk4htwp-stiebel-eltron\/\",\"name\":\"NK4HTWP - Stiebel-Eltron - LowEx-Bestand\",\"isPartOf\":{\"@id\":\"https:\/\/lowex-bestand.de\/#website\"},\"primaryImageOfPage\":{\"@id\":\"https:\/\/lowex-bestand.de\/index.php\/nk4htwp-stiebel-eltron\/#primaryimage\"},\"image\":{\"@id\":\"https:\/\/lowex-bestand.de\/index.php\/nk4htwp-stiebel-eltron\/#primaryimage\"},\"thumbnailUrl\":\"http:\/\/www.lowex-bestand.de\/wp-content\/uploads\/2022\/02\/BMWK_Fz_2017_Office_Farbe_de.png\",\"datePublished\":\"2018-04-10T09:40:54+00:00\",\"dateModified\":\"2025-11-03T11:53:56+00:00\",\"breadcrumb\":{\"@id\":\"https:\/\/lowex-bestand.de\/index.php\/nk4htwp-stiebel-eltron\/#breadcrumb\"},\"inLanguage\":\"de\",\"potentialAction\":[{\"@type\":\"ReadAction\",\"target\":[\"https:\/\/lowex-bestand.de\/index.php\/nk4htwp-stiebel-eltron\/\"]}]},{\"@type\":\"ImageObject\",\"inLanguage\":\"de\",\"@id\":\"https:\/\/lowex-bestand.de\/index.php\/nk4htwp-stiebel-eltron\/#primaryimage\",\"url\":\"http:\/\/www.lowex-bestand.de\/wp-content\/uploads\/2022\/02\/BMWK_Fz_2017_Office_Farbe_de.png\",\"contentUrl\":\"http:\/\/www.lowex-bestand.de\/wp-content\/uploads\/2022\/02\/BMWK_Fz_2017_Office_Farbe_de.png\"},{\"@type\":\"BreadcrumbList\",\"@id\":\"https:\/\/lowex-bestand.de\/index.php\/nk4htwp-stiebel-eltron\/#breadcrumb\",\"itemListElement\":[{\"@type\":\"ListItem\",\"position\":1,\"name\":\"Startseite\",\"item\":\"https:\/\/lowex-bestand.de\/\"},{\"@type\":\"ListItem\",\"position\":2,\"name\":\"NK4HTWP &#8211; Stiebel-Eltron\"}]},{\"@type\":\"WebSite\",\"@id\":\"https:\/\/lowex-bestand.de\/#website\",\"url\":\"https:\/\/lowex-bestand.de\/\",\"name\":\"LowEx-Bestand\",\"description\":\"Mehrfamilienh\u00e4user nachhaltig beheizen  - Projekt von Forschung, Heiztechnik-Herstellern und Wohnungswirtschaft\",\"publisher\":{\"@id\":\"https:\/\/lowex-bestand.de\/#organization\"},\"potentialAction\":[{\"@type\":\"SearchAction\",\"target\":{\"@type\":\"EntryPoint\",\"urlTemplate\":\"https:\/\/lowex-bestand.de\/?s={search_term_string}\"},\"query-input\":{\"@type\":\"PropertyValueSpecification\",\"valueRequired\":true,\"valueName\":\"search_term_string\"}}],\"inLanguage\":\"de\"},{\"@type\":\"Organization\",\"@id\":\"https:\/\/lowex-bestand.de\/#organization\",\"name\":\"LowEx-Bestand\",\"url\":\"https:\/\/lowex-bestand.de\/\",\"logo\":{\"@type\":\"ImageObject\",\"inLanguage\":\"de\",\"@id\":\"https:\/\/lowex-bestand.de\/#\/schema\/logo\/image\/\",\"url\":\"https:\/\/lowex-bestand.de\/wp-content\/uploads\/2022\/02\/cropped-Header_Logos_neu_3.png\",\"contentUrl\":\"https:\/\/lowex-bestand.de\/wp-content\/uploads\/2022\/02\/cropped-Header_Logos_neu_3.png\",\"width\":1999,\"height\":160,\"caption\":\"LowEx-Bestand\"},\"image\":{\"@id\":\"https:\/\/lowex-bestand.de\/#\/schema\/logo\/image\/\"}}]}<\/script>\n<!-- \/ Yoast SEO plugin. -->","yoast_head_json":{"title":"NK4HTWP - Stiebel-Eltron - LowEx-Bestand","robots":{"index":"index","follow":"follow","max-snippet":"max-snippet:-1","max-image-preview":"max-image-preview:large","max-video-preview":"max-video-preview:-1"},"canonical":"https:\/\/lowex-bestand.de\/index.php\/nk4htwp-stiebel-eltron\/","og_locale":"de_DE","og_type":"article","og_title":"NK4HTWP - Stiebel-Eltron - LowEx-Bestand","og_description":"Hochtemperaturw\u00e4rmepumpen mit neuer Generation an Low-GWP K\u00e4ltemitteln f\u00fcr die Beheizung und Warmwasserbereitung in Mehrfamilienh\u00e4usern F\u00f6rderkennzeichen:\u00a003ET1488 A\/B Laufzeit: 05\/2017 bis 04\/2021 Projektpartner: Fraunhofer ISE, Stiebel Eltron Ziele Demonstrationsw\u00e4rmepumpe wird ausgelegt\/konstruiert\/aufgebaut, die mit einer neuen Generation an","og_url":"https:\/\/lowex-bestand.de\/index.php\/nk4htwp-stiebel-eltron\/","og_site_name":"LowEx-Bestand","article_modified_time":"2025-11-03T11:53:56+00:00","og_image":[{"url":"http:\/\/www.lowex-bestand.de\/wp-content\/uploads\/2022\/02\/BMWK_Fz_2017_Office_Farbe_de.png"}],"twitter_card":"summary_large_image","twitter_misc":{"Gesch\u00e4tzte Lesezeit":"3\u00a0Minuten"},"schema":{"@context":"https:\/\/schema.org","@graph":[{"@type":"WebPage","@id":"https:\/\/lowex-bestand.de\/index.php\/nk4htwp-stiebel-eltron\/","url":"https:\/\/lowex-bestand.de\/index.php\/nk4htwp-stiebel-eltron\/","name":"NK4HTWP - Stiebel-Eltron - LowEx-Bestand","isPartOf":{"@id":"https:\/\/lowex-bestand.de\/#website"},"primaryImageOfPage":{"@id":"https:\/\/lowex-bestand.de\/index.php\/nk4htwp-stiebel-eltron\/#primaryimage"},"image":{"@id":"https:\/\/lowex-bestand.de\/index.php\/nk4htwp-stiebel-eltron\/#primaryimage"},"thumbnailUrl":"http:\/\/www.lowex-bestand.de\/wp-content\/uploads\/2022\/02\/BMWK_Fz_2017_Office_Farbe_de.png","datePublished":"2018-04-10T09:40:54+00:00","dateModified":"2025-11-03T11:53:56+00:00","breadcrumb":{"@id":"https:\/\/lowex-bestand.de\/index.php\/nk4htwp-stiebel-eltron\/#breadcrumb"},"inLanguage":"de","potentialAction":[{"@type":"ReadAction","target":["https:\/\/lowex-bestand.de\/index.php\/nk4htwp-stiebel-eltron\/"]}]},{"@type":"ImageObject","inLanguage":"de","@id":"https:\/\/lowex-bestand.de\/index.php\/nk4htwp-stiebel-eltron\/#primaryimage","url":"http:\/\/www.lowex-bestand.de\/wp-content\/uploads\/2022\/02\/BMWK_Fz_2017_Office_Farbe_de.png","contentUrl":"http:\/\/www.lowex-bestand.de\/wp-content\/uploads\/2022\/02\/BMWK_Fz_2017_Office_Farbe_de.png"},{"@type":"BreadcrumbList","@id":"https:\/\/lowex-bestand.de\/index.php\/nk4htwp-stiebel-eltron\/#breadcrumb","itemListElement":[{"@type":"ListItem","position":1,"name":"Startseite","item":"https:\/\/lowex-bestand.de\/"},{"@type":"ListItem","position":2,"name":"NK4HTWP &#8211; Stiebel-Eltron"}]},{"@type":"WebSite","@id":"https:\/\/lowex-bestand.de\/#website","url":"https:\/\/lowex-bestand.de\/","name":"LowEx-Bestand","description":"Mehrfamilienh\u00e4user nachhaltig beheizen  - Projekt von Forschung, Heiztechnik-Herstellern und Wohnungswirtschaft","publisher":{"@id":"https:\/\/lowex-bestand.de\/#organization"},"potentialAction":[{"@type":"SearchAction","target":{"@type":"EntryPoint","urlTemplate":"https:\/\/lowex-bestand.de\/?s={search_term_string}"},"query-input":{"@type":"PropertyValueSpecification","valueRequired":true,"valueName":"search_term_string"}}],"inLanguage":"de"},{"@type":"Organization","@id":"https:\/\/lowex-bestand.de\/#organization","name":"LowEx-Bestand","url":"https:\/\/lowex-bestand.de\/","logo":{"@type":"ImageObject","inLanguage":"de","@id":"https:\/\/lowex-bestand.de\/#\/schema\/logo\/image\/","url":"https:\/\/lowex-bestand.de\/wp-content\/uploads\/2022\/02\/cropped-Header_Logos_neu_3.png","contentUrl":"https:\/\/lowex-bestand.de\/wp-content\/uploads\/2022\/02\/cropped-Header_Logos_neu_3.png","width":1999,"height":160,"caption":"LowEx-Bestand"},"image":{"@id":"https:\/\/lowex-bestand.de\/#\/schema\/logo\/image\/"}}]}},"_links":{"self":[{"href":"https:\/\/lowex-bestand.de\/index.php\/wp-json\/wp\/v2\/pages\/289"}],"collection":[{"href":"https:\/\/lowex-bestand.de\/index.php\/wp-json\/wp\/v2\/pages"}],"about":[{"href":"https:\/\/lowex-bestand.de\/index.php\/wp-json\/wp\/v2\/types\/page"}],"author":[{"embeddable":true,"href":"https:\/\/lowex-bestand.de\/index.php\/wp-json\/wp\/v2\/users\/3"}],"replies":[{"embeddable":true,"href":"https:\/\/lowex-bestand.de\/index.php\/wp-json\/wp\/v2\/comments?post=289"}],"version-history":[{"count":23,"href":"https:\/\/lowex-bestand.de\/index.php\/wp-json\/wp\/v2\/pages\/289\/revisions"}],"predecessor-version":[{"id":1614,"href":"https:\/\/lowex-bestand.de\/index.php\/wp-json\/wp\/v2\/pages\/289\/revisions\/1614"}],"wp:attachment":[{"href":"https:\/\/lowex-bestand.de\/index.php\/wp-json\/wp\/v2\/media?parent=289"}],"curies":[{"name":"wp","href":"https:\/\/api.w.org\/{rel}","templated":true}]}}