{"id":291,"date":"2018-04-10T11:41:52","date_gmt":"2018-04-10T09:41:52","guid":{"rendered":"http:\/\/www.lowex-bestand.de\/?page_id=291"},"modified":"2025-11-03T12:51:12","modified_gmt":"2025-11-03T11:51:12","slug":"heaven-viessmann","status":"publish","type":"page","link":"https:\/\/lowex-bestand.de\/index.php\/heaven-viessmann\/?lang=de","title":{"rendered":"HEAVEN &#8211; Viessmann"},"content":{"rendered":"<p><\/p>\n<h3><span style=\"color: #019682;\">Modulierende Sole-W\u00e4rmepumpe mit Mehrquellensystem und dezentrale L\u00fcftungsanlagen<img loading=\"lazy\" decoding=\"async\" class=\"alignright wp-image-1375\" src=\"http:\/\/www.lowex-bestand.de\/wp-content\/uploads\/2022\/02\/BMWK_Fz_2017_Office_Farbe_de.png\" alt=\"\" width=\"200\" height=\"206\" srcset=\"https:\/\/lowex-bestand.de\/wp-content\/uploads\/2022\/02\/BMWK_Fz_2017_Office_Farbe_de.png 1360w, https:\/\/lowex-bestand.de\/wp-content\/uploads\/2022\/02\/BMWK_Fz_2017_Office_Farbe_de-291x300.png 291w, https:\/\/lowex-bestand.de\/wp-content\/uploads\/2022\/02\/BMWK_Fz_2017_Office_Farbe_de-995x1024.png 995w, https:\/\/lowex-bestand.de\/wp-content\/uploads\/2022\/02\/BMWK_Fz_2017_Office_Farbe_de-768x791.png 768w\" sizes=\"(max-width: 200px) 100vw, 200px\" \/><\/span><\/h3>\n<p><strong>F\u00f6rderkennzeichen:<\/strong> 03ET1540 A\/B<\/p>\n<p><strong>Laufzeit:<\/strong> 01\/2018 bis 10\/2022<\/p>\n<p><strong>Projektpartner:<\/strong> Fraunhofer ISE, Viessmann W\u00e4rmepumpen GmbH<\/p>\n<h4><span style=\"color: #019682;\"><strong>Ziele<\/strong><\/span><\/h4>\n<ul>\n<li>Entwicklung eines Funktionsmusters einer leistungsmodulierenden Sole-W\u00e4rmepumpe f\u00fcr den adressierten Leistungsbereich sowie von Dimensionierungs- und Betriebsstrategien f\u00fcr ein Mehrquellensystem zur Einbindung des Erdreiches und der Au\u00dfenluft<\/li>\n<li>Optimierung der wohnungs- und raumweisen Regelung von dezentralen L\u00fcftungsger\u00e4ten sowie die Entwicklung einer Bewertungsmethode und eines Teststandes f\u00fcr die kombinierte Betrachtung von energetischer Performance und L\u00fcftungseffektivit\u00e4t<\/li>\n<li>Entwicklung eines Funktionsmusters f\u00fcr ein energieeffizientes und ger\u00e4uscharmes dezentrales L\u00fcftungsger\u00e4t mit Koaxialw\u00e4rmetauscher<\/li>\n<\/ul>\n<h4><span style=\"color: #019682;\"><strong>Technologie<\/strong><\/span><\/h4>\n<p>Aufgrund der geringen nutzbaren Umgebungsfl\u00e4che im innerst\u00e4dtischen Bereich geht der Trend zur W\u00e4rmequelle Au\u00dfenluft, die vergleichsweise ineffizient ist und den Auflagen der TA L\u00e4rm unterliegt. In AP1 sollen die Vorteile der beiden W\u00e4rmequellen Au\u00dfenluft und Erdreich nutzbar gemacht und ferner eine leistungsmodulierende Sole-W\u00e4rmepumpe im adressierten Leistungsbereich entwickelt werden.<\/p>\n<p>Der dezentralen Wohnrauml\u00fcftung kann eine Schl\u00fcsselrolle in der MFH-Sanierung zukommen (u.a. kein Kanalnetz) und eine bedarfsgef\u00fchrte Regelung verspricht erhebliche Energieeinsparpotenziale. In AP2 wird daher die Regelung von dezentralen L\u00fcftungsger\u00e4ten optimiert und eine geeignete Methode zur Bewertung dieser Ger\u00e4te entwickelt. Dar\u00fcber hinaus steigen die Anforderungen\u00a0 an dezentrale L\u00fcftungsger\u00e4te, wie Kompaktheit, W\u00e4rmer\u00fcckgewinnung und Ger\u00e4uschentwicklung, stetig. In AP3 soll diesen Anforderungen mittels Einsatz eines Koaxial-W\u00e4rme\u00fcbertragers begegnet werden.<\/p>\n<figure style=\"width: 676px\" class=\"wp-caption aligncenter\"><img loading=\"lazy\" decoding=\"async\" class=\"center-block img-responsive\" src=\"http:\/\/www.lowex-bestand.de\/wp-content\/uploads\/2018\/04\/HEAVEN-1024x607.jpg\" alt=\"\" width=\"676\" height=\"401\" \/><figcaption class=\"wp-caption-text\">Oben links: Schematischer Aufbau der W\u00e4rmepumpenheizungsanlage mit kombinierter W\u00e4rmequelle (AP1); oben rechts: Entwurf eines Testkammeraufbaus zur kombinierten Bewertung dezentraler L\u00fcftungsger\u00e4te (AP2); unten: Querschnitte zur Erl\u00e4uterung der geplanten Geometrie des Koaxial-W\u00e4rme\u00fcbertragers und Foto eines 3-Druckes (AP3)<\/figcaption><\/figure>\n<h4><span style=\"color: #019682;\"><strong>Arbeitsplan<\/strong><\/span><\/h4>\n<ul>\n<li>Modulierende Sole-W\u00e4rmepumpe und kombinierte W\u00e4rmequellen<\/li>\n<li>Optimierung und Bewertung von Wohnungsl\u00fcftung<\/li>\n<li>Dezentrales L\u00fcftungsger\u00e4t mit Koaxialw\u00e4rmetauscher und energieeffizienten Axiall\u00fcftern<\/li>\n<\/ul>\n<p>Die Aufgaben im Projekt reichen von der konzeptionellen Arbeit \u00fcber die experimentelle Bewertung und Simulation von Komponenten und Systemen bis hin zur Entwicklung von Bewertungsmethoden und der Demonstration (AP1 und AP2) der Neuentwicklung im Feld<\/p>\n<h4><\/h4>\n<h4><a href=\"https:\/\/lowex-bestand.de\/index.php\/ergebnisse\/?lang=de\"><b>Link zu Downloads<\/b><\/a><\/h4>\n<p><\/p>","protected":false},"excerpt":{"rendered":"<p>Modulierende Sole-W\u00e4rmepumpe mit Mehrquellensystem und dezentrale L\u00fcftungsanlagen F\u00f6rderkennzeichen: 03ET1540 A\/B Laufzeit: 01\/2018 bis 10\/2022 Projektpartner: Fraunhofer ISE, Viessmann W\u00e4rmepumpen GmbH Ziele Entwicklung eines Funktionsmusters einer leistungsmodulierenden Sole-W\u00e4rmepumpe f\u00fcr den adressierten Leistungsbereich sowie von Dimensionierungs- und<\/p>\n","protected":false},"author":3,"featured_media":0,"parent":0,"menu_order":0,"comment_status":"closed","ping_status":"closed","template":"","meta":{"footnotes":""},"yoast_head":"<!-- This site is optimized with the Yoast SEO plugin v23.5 - https:\/\/yoast.com\/wordpress\/plugins\/seo\/ -->\n<title>HEAVEN - Viessmann - LowEx-Bestand<\/title>\n<meta name=\"robots\" content=\"index, follow, max-snippet:-1, max-image-preview:large, max-video-preview:-1\" \/>\n<link rel=\"canonical\" href=\"https:\/\/lowex-bestand.de\/index.php\/heaven-viessmann\/\" \/>\n<meta property=\"og:locale\" content=\"de_DE\" \/>\n<meta property=\"og:type\" content=\"article\" \/>\n<meta property=\"og:title\" content=\"HEAVEN - Viessmann - LowEx-Bestand\" \/>\n<meta property=\"og:description\" content=\"Modulierende Sole-W\u00e4rmepumpe mit Mehrquellensystem und dezentrale L\u00fcftungsanlagen F\u00f6rderkennzeichen: 03ET1540 A\/B Laufzeit: 01\/2018 bis 10\/2022 Projektpartner: Fraunhofer ISE, Viessmann W\u00e4rmepumpen GmbH Ziele Entwicklung eines Funktionsmusters einer leistungsmodulierenden Sole-W\u00e4rmepumpe f\u00fcr den adressierten Leistungsbereich sowie von Dimensionierungs- und\" \/>\n<meta property=\"og:url\" content=\"https:\/\/lowex-bestand.de\/index.php\/heaven-viessmann\/\" \/>\n<meta property=\"og:site_name\" content=\"LowEx-Bestand\" \/>\n<meta property=\"article:modified_time\" content=\"2025-11-03T11:51:12+00:00\" \/>\n<meta property=\"og:image\" content=\"http:\/\/www.lowex-bestand.de\/wp-content\/uploads\/2022\/02\/BMWK_Fz_2017_Office_Farbe_de.png\" \/>\n<meta name=\"twitter:card\" content=\"summary_large_image\" \/>\n<meta name=\"twitter:label1\" content=\"Gesch\u00e4tzte Lesezeit\" \/>\n\t<meta name=\"twitter:data1\" content=\"3\u00a0Minuten\" \/>\n<script type=\"application\/ld+json\" class=\"yoast-schema-graph\">{\"@context\":\"https:\/\/schema.org\",\"@graph\":[{\"@type\":\"WebPage\",\"@id\":\"https:\/\/lowex-bestand.de\/index.php\/heaven-viessmann\/\",\"url\":\"https:\/\/lowex-bestand.de\/index.php\/heaven-viessmann\/\",\"name\":\"HEAVEN - Viessmann - LowEx-Bestand\",\"isPartOf\":{\"@id\":\"https:\/\/lowex-bestand.de\/#website\"},\"primaryImageOfPage\":{\"@id\":\"https:\/\/lowex-bestand.de\/index.php\/heaven-viessmann\/#primaryimage\"},\"image\":{\"@id\":\"https:\/\/lowex-bestand.de\/index.php\/heaven-viessmann\/#primaryimage\"},\"thumbnailUrl\":\"http:\/\/www.lowex-bestand.de\/wp-content\/uploads\/2022\/02\/BMWK_Fz_2017_Office_Farbe_de.png\",\"datePublished\":\"2018-04-10T09:41:52+00:00\",\"dateModified\":\"2025-11-03T11:51:12+00:00\",\"breadcrumb\":{\"@id\":\"https:\/\/lowex-bestand.de\/index.php\/heaven-viessmann\/#breadcrumb\"},\"inLanguage\":\"de\",\"potentialAction\":[{\"@type\":\"ReadAction\",\"target\":[\"https:\/\/lowex-bestand.de\/index.php\/heaven-viessmann\/\"]}]},{\"@type\":\"ImageObject\",\"inLanguage\":\"de\",\"@id\":\"https:\/\/lowex-bestand.de\/index.php\/heaven-viessmann\/#primaryimage\",\"url\":\"http:\/\/www.lowex-bestand.de\/wp-content\/uploads\/2022\/02\/BMWK_Fz_2017_Office_Farbe_de.png\",\"contentUrl\":\"http:\/\/www.lowex-bestand.de\/wp-content\/uploads\/2022\/02\/BMWK_Fz_2017_Office_Farbe_de.png\"},{\"@type\":\"BreadcrumbList\",\"@id\":\"https:\/\/lowex-bestand.de\/index.php\/heaven-viessmann\/#breadcrumb\",\"itemListElement\":[{\"@type\":\"ListItem\",\"position\":1,\"name\":\"Startseite\",\"item\":\"https:\/\/lowex-bestand.de\/\"},{\"@type\":\"ListItem\",\"position\":2,\"name\":\"HEAVEN &#8211; Viessmann\"}]},{\"@type\":\"WebSite\",\"@id\":\"https:\/\/lowex-bestand.de\/#website\",\"url\":\"https:\/\/lowex-bestand.de\/\",\"name\":\"LowEx-Bestand\",\"description\":\"Mehrfamilienh\u00e4user nachhaltig beheizen  - Projekt von Forschung, Heiztechnik-Herstellern und Wohnungswirtschaft\",\"publisher\":{\"@id\":\"https:\/\/lowex-bestand.de\/#organization\"},\"potentialAction\":[{\"@type\":\"SearchAction\",\"target\":{\"@type\":\"EntryPoint\",\"urlTemplate\":\"https:\/\/lowex-bestand.de\/?s={search_term_string}\"},\"query-input\":{\"@type\":\"PropertyValueSpecification\",\"valueRequired\":true,\"valueName\":\"search_term_string\"}}],\"inLanguage\":\"de\"},{\"@type\":\"Organization\",\"@id\":\"https:\/\/lowex-bestand.de\/#organization\",\"name\":\"LowEx-Bestand\",\"url\":\"https:\/\/lowex-bestand.de\/\",\"logo\":{\"@type\":\"ImageObject\",\"inLanguage\":\"de\",\"@id\":\"https:\/\/lowex-bestand.de\/#\/schema\/logo\/image\/\",\"url\":\"https:\/\/lowex-bestand.de\/wp-content\/uploads\/2022\/02\/cropped-Header_Logos_neu_3.png\",\"contentUrl\":\"https:\/\/lowex-bestand.de\/wp-content\/uploads\/2022\/02\/cropped-Header_Logos_neu_3.png\",\"width\":1999,\"height\":160,\"caption\":\"LowEx-Bestand\"},\"image\":{\"@id\":\"https:\/\/lowex-bestand.de\/#\/schema\/logo\/image\/\"}}]}<\/script>\n<!-- \/ Yoast SEO plugin. -->","yoast_head_json":{"title":"HEAVEN - Viessmann - LowEx-Bestand","robots":{"index":"index","follow":"follow","max-snippet":"max-snippet:-1","max-image-preview":"max-image-preview:large","max-video-preview":"max-video-preview:-1"},"canonical":"https:\/\/lowex-bestand.de\/index.php\/heaven-viessmann\/","og_locale":"de_DE","og_type":"article","og_title":"HEAVEN - Viessmann - LowEx-Bestand","og_description":"Modulierende Sole-W\u00e4rmepumpe mit Mehrquellensystem und dezentrale L\u00fcftungsanlagen F\u00f6rderkennzeichen: 03ET1540 A\/B Laufzeit: 01\/2018 bis 10\/2022 Projektpartner: Fraunhofer ISE, Viessmann W\u00e4rmepumpen GmbH Ziele Entwicklung eines Funktionsmusters einer leistungsmodulierenden Sole-W\u00e4rmepumpe f\u00fcr den adressierten Leistungsbereich sowie von Dimensionierungs- und","og_url":"https:\/\/lowex-bestand.de\/index.php\/heaven-viessmann\/","og_site_name":"LowEx-Bestand","article_modified_time":"2025-11-03T11:51:12+00:00","og_image":[{"url":"http:\/\/www.lowex-bestand.de\/wp-content\/uploads\/2022\/02\/BMWK_Fz_2017_Office_Farbe_de.png"}],"twitter_card":"summary_large_image","twitter_misc":{"Gesch\u00e4tzte Lesezeit":"3\u00a0Minuten"},"schema":{"@context":"https:\/\/schema.org","@graph":[{"@type":"WebPage","@id":"https:\/\/lowex-bestand.de\/index.php\/heaven-viessmann\/","url":"https:\/\/lowex-bestand.de\/index.php\/heaven-viessmann\/","name":"HEAVEN - Viessmann - LowEx-Bestand","isPartOf":{"@id":"https:\/\/lowex-bestand.de\/#website"},"primaryImageOfPage":{"@id":"https:\/\/lowex-bestand.de\/index.php\/heaven-viessmann\/#primaryimage"},"image":{"@id":"https:\/\/lowex-bestand.de\/index.php\/heaven-viessmann\/#primaryimage"},"thumbnailUrl":"http:\/\/www.lowex-bestand.de\/wp-content\/uploads\/2022\/02\/BMWK_Fz_2017_Office_Farbe_de.png","datePublished":"2018-04-10T09:41:52+00:00","dateModified":"2025-11-03T11:51:12+00:00","breadcrumb":{"@id":"https:\/\/lowex-bestand.de\/index.php\/heaven-viessmann\/#breadcrumb"},"inLanguage":"de","potentialAction":[{"@type":"ReadAction","target":["https:\/\/lowex-bestand.de\/index.php\/heaven-viessmann\/"]}]},{"@type":"ImageObject","inLanguage":"de","@id":"https:\/\/lowex-bestand.de\/index.php\/heaven-viessmann\/#primaryimage","url":"http:\/\/www.lowex-bestand.de\/wp-content\/uploads\/2022\/02\/BMWK_Fz_2017_Office_Farbe_de.png","contentUrl":"http:\/\/www.lowex-bestand.de\/wp-content\/uploads\/2022\/02\/BMWK_Fz_2017_Office_Farbe_de.png"},{"@type":"BreadcrumbList","@id":"https:\/\/lowex-bestand.de\/index.php\/heaven-viessmann\/#breadcrumb","itemListElement":[{"@type":"ListItem","position":1,"name":"Startseite","item":"https:\/\/lowex-bestand.de\/"},{"@type":"ListItem","position":2,"name":"HEAVEN &#8211; Viessmann"}]},{"@type":"WebSite","@id":"https:\/\/lowex-bestand.de\/#website","url":"https:\/\/lowex-bestand.de\/","name":"LowEx-Bestand","description":"Mehrfamilienh\u00e4user nachhaltig beheizen  - Projekt von Forschung, Heiztechnik-Herstellern und Wohnungswirtschaft","publisher":{"@id":"https:\/\/lowex-bestand.de\/#organization"},"potentialAction":[{"@type":"SearchAction","target":{"@type":"EntryPoint","urlTemplate":"https:\/\/lowex-bestand.de\/?s={search_term_string}"},"query-input":{"@type":"PropertyValueSpecification","valueRequired":true,"valueName":"search_term_string"}}],"inLanguage":"de"},{"@type":"Organization","@id":"https:\/\/lowex-bestand.de\/#organization","name":"LowEx-Bestand","url":"https:\/\/lowex-bestand.de\/","logo":{"@type":"ImageObject","inLanguage":"de","@id":"https:\/\/lowex-bestand.de\/#\/schema\/logo\/image\/","url":"https:\/\/lowex-bestand.de\/wp-content\/uploads\/2022\/02\/cropped-Header_Logos_neu_3.png","contentUrl":"https:\/\/lowex-bestand.de\/wp-content\/uploads\/2022\/02\/cropped-Header_Logos_neu_3.png","width":1999,"height":160,"caption":"LowEx-Bestand"},"image":{"@id":"https:\/\/lowex-bestand.de\/#\/schema\/logo\/image\/"}}]}},"_links":{"self":[{"href":"https:\/\/lowex-bestand.de\/index.php\/wp-json\/wp\/v2\/pages\/291"}],"collection":[{"href":"https:\/\/lowex-bestand.de\/index.php\/wp-json\/wp\/v2\/pages"}],"about":[{"href":"https:\/\/lowex-bestand.de\/index.php\/wp-json\/wp\/v2\/types\/page"}],"author":[{"embeddable":true,"href":"https:\/\/lowex-bestand.de\/index.php\/wp-json\/wp\/v2\/users\/3"}],"replies":[{"embeddable":true,"href":"https:\/\/lowex-bestand.de\/index.php\/wp-json\/wp\/v2\/comments?post=291"}],"version-history":[{"count":27,"href":"https:\/\/lowex-bestand.de\/index.php\/wp-json\/wp\/v2\/pages\/291\/revisions"}],"predecessor-version":[{"id":1611,"href":"https:\/\/lowex-bestand.de\/index.php\/wp-json\/wp\/v2\/pages\/291\/revisions\/1611"}],"wp:attachment":[{"href":"https:\/\/lowex-bestand.de\/index.php\/wp-json\/wp\/v2\/media?parent=291"}],"curies":[{"name":"wp","href":"https:\/\/api.w.org\/{rel}","templated":true}]}}