{"id":33,"date":"2017-10-17T13:43:54","date_gmt":"2017-10-17T11:43:54","guid":{"rendered":"http:\/\/127.0.0.1:9080\/wordpress\/?page_id=33"},"modified":"2018-04-17T14:22:59","modified_gmt":"2018-04-17T12:22:59","slug":"impressum","status":"publish","type":"page","link":"https:\/\/lowex-bestand.de\/index.php\/impressum\/?lang=de","title":{"rendered":"Impressum"},"content":{"rendered":"<p><strong>Institut f\u00fcr Nachhaltige Technische Systeme &#8211; INATECH<\/strong><img loading=\"lazy\" decoding=\"async\" class=\" wp-image-639 alignright\" src=\"http:\/\/www.lowex-bestand.de\/wp-content\/uploads\/2018\/04\/Logo_nur_INATECH_Farbe.jpg\" alt=\"\" width=\"209\" height=\"89\" srcset=\"https:\/\/lowex-bestand.de\/wp-content\/uploads\/2018\/04\/Logo_nur_INATECH_Farbe.jpg 966w, https:\/\/lowex-bestand.de\/wp-content\/uploads\/2018\/04\/Logo_nur_INATECH_Farbe-300x128.jpg 300w, https:\/\/lowex-bestand.de\/wp-content\/uploads\/2018\/04\/Logo_nur_INATECH_Farbe-768x327.jpg 768w\" sizes=\"(max-width: 209px) 100vw, 209px\" \/><br \/>\nAlbert-Ludwigs-Universit\u00e4t Freiburg, Technische Fakult\u00e4t<br \/>\nEmmy-Noether-Stra\u00dfe 2, 79110 Freiburg<br \/>\nWeb: <a href=\"http:\/\/www.inatech.uni-freiburg.de\/\" target=\"_blank\" rel=\"noopener\">www.inatech.uni-freiburg.de<\/a><\/p>\n<p>&nbsp;<\/p>\n<h4><span style=\"color: #019682;\">Redaktionelle Umsetzung<br \/>\n<\/span><\/h4>\n<p><strong>Beatrice Rodenb\u00fccher, M.Sc.<\/strong><br \/>\nWissenschaftliche Mitarbeiterin<br \/>\nProfessur f\u00fcr Solare Energiesysteme | Hans-Martin Henning<br \/>\nInstitut f\u00fcr Nachhaltige Technische Systeme &#8211; INATECH<\/p>\n<p>Albert-Ludwigs-Universit\u00e4t Freiburg, Technische Fakult\u00e4t<br \/>\nSolar Info Center, 2. OG Nord, Raum F 346<br \/>\nEmmy-Noether-Stra\u00dfe 2, 79110 Freiburg<br \/>\nTel.:\u00a0\u00a0\u00a0\u00a0\u00a0\u00a0\u00a0\u00a0 +49\u00a0761 203 54193<br \/>\nE-Mail: \u00a0\u00a0\u00a0 beat&#114;&#105;&#99;&#101;&#46;&#114;&#111;&#x64;&#x65;&#x6e;&#x62;&#x75;&#x65;&#x63;&#x68;&#x65;r&#64;in&#97;&#116;&#101;&#99;&#104;&#46;&#117;&#x6e;&#x69;&#x2d;&#x66;&#x72;&#x65;&#x69;&#x62;&#x75;rg&#46;d&#101;<\/p>\n<p>&nbsp;<\/p>\n<h4><span style=\"color: #019682;\"><strong>Inhaltliche Verantwortung<br \/>\n<\/strong><\/span><\/h4>\n<p><strong>Dr. Stefan Hess<\/strong><br \/>\nForschungsgruppenleiter<br \/>\nProfessur f\u00fcr Solare Energiesysteme | Hans-Martin Henning<br \/>\nInstitut f\u00fcr Nachhaltige Technische Systeme &#8211; INATECH<\/p>\n<p>Albert-Ludwigs-Universit\u00e4t Freiburg, Technische Fakult\u00e4t<br \/>\nSolar Info Center, 2. OG Nord, Raum F 346<br \/>\nEmmy-Noether-Stra\u00dfe 2, 79110 Freiburg<br \/>\nTel.:\u00a0\u00a0\u00a0\u00a0\u00a0\u00a0\u00a0\u00a0 +49\u00a0761 203 54191<br \/>\nE-Mail: \u00a0\u00a0\u00a0 &#x73;&#116;e&#x66;&#97;n&#x2e;&#x68;&#101;&#x73;&#x73;&#64;i&#x6e;&#97;t&#x65;&#x63;&#104;&#x2e;&#x75;&#110;i&#x2d;&#102;r&#x65;&#x69;&#98;&#x75;&#x72;&#103;&#46;&#x64;&#101;<\/p>\n<h4><\/h4>\n<p>&nbsp;<\/p>\n<h4><span style=\"color: #019682;\">Haftungsausschluss<\/span><\/h4>\n<p><strong>Inhalt der eigenen Seiten<\/strong><\/p>\n<p>Wir haben die Internet-Seiten sorgf\u00e4ltig zusammengestellt. Allerdings \u00fcbernehmen wir keine Gew\u00e4hr oder Haftung f\u00fcr die Aktualit\u00e4t, Vollst\u00e4ndigkeit und Richtigkeit der angebotenen Informationen.<\/p>\n<p><strong>Links auf externe Web-Seiten<\/strong><\/p>\n<p>Die Internet-Seiten des Projektverbunds LowEx-Bestand enthalten Links auf die Web-Seiten Dritter. Diese Links auf die Web-Seiten Dritter stellen keine Zustimmung zu deren Inhalt dar. Wir haben keinen Einfluss auf die aktuelle oder zuk\u00fcnftige Gestaltung dieser Seiten. Wir \u00fcbernehmen daher keine Haftung f\u00fcr die Verf\u00fcgbarkeit oder den Inhalt solcher Web-Seiten und keine Haftung f\u00fcr Sch\u00e4den, die aus der Nutzung solcher Inhalte entstehen.<\/p>\n<p>&nbsp;<\/p>","protected":false},"excerpt":{"rendered":"<p>Institut f\u00fcr Nachhaltige Technische Systeme &#8211; INATECH Albert-Ludwigs-Universit\u00e4t Freiburg, Technische Fakult\u00e4t Emmy-Noether-Stra\u00dfe 2, 79110 Freiburg Web: www.inatech.uni-freiburg.de &nbsp; Redaktionelle Umsetzung Beatrice Rodenb\u00fccher, M.Sc. Wissenschaftliche Mitarbeiterin Professur f\u00fcr Solare Energiesysteme | Hans-Martin Henning Institut f\u00fcr Nachhaltige<\/p>\n","protected":false},"author":3,"featured_media":0,"parent":0,"menu_order":0,"comment_status":"closed","ping_status":"closed","template":"","meta":{"footnotes":""},"yoast_head":"<!-- This site is optimized with the Yoast SEO plugin v23.5 - https:\/\/yoast.com\/wordpress\/plugins\/seo\/ -->\n<title>Impressum - LowEx-Bestand<\/title>\n<meta name=\"robots\" content=\"index, follow, max-snippet:-1, max-image-preview:large, max-video-preview:-1\" \/>\n<link rel=\"canonical\" href=\"https:\/\/lowex-bestand.de\/index.php\/impressum\/?lang=de\" \/>\n<meta property=\"og:locale\" content=\"de_DE\" \/>\n<meta property=\"og:type\" content=\"article\" \/>\n<meta property=\"og:title\" content=\"Impressum - LowEx-Bestand\" \/>\n<meta property=\"og:description\" content=\"Institut f\u00fcr Nachhaltige Technische Systeme &#8211; INATECH Albert-Ludwigs-Universit\u00e4t Freiburg, Technische Fakult\u00e4t Emmy-Noether-Stra\u00dfe 2, 79110 Freiburg Web: www.inatech.uni-freiburg.de &nbsp; Redaktionelle Umsetzung Beatrice Rodenb\u00fccher, M.Sc. Wissenschaftliche Mitarbeiterin Professur f\u00fcr Solare Energiesysteme | Hans-Martin Henning Institut f\u00fcr Nachhaltige\" \/>\n<meta property=\"og:url\" content=\"https:\/\/lowex-bestand.de\/index.php\/impressum\/?lang=de\" \/>\n<meta property=\"og:site_name\" content=\"LowEx-Bestand\" \/>\n<meta property=\"article:modified_time\" content=\"2018-04-17T12:22:59+00:00\" \/>\n<meta property=\"og:image\" content=\"http:\/\/www.lowex-bestand.de\/wp-content\/uploads\/2018\/04\/Logo_nur_INATECH_Farbe.jpg\" \/>\n<meta name=\"twitter:card\" content=\"summary_large_image\" \/>\n<meta name=\"twitter:label1\" content=\"Gesch\u00e4tzte Lesezeit\" \/>\n\t<meta name=\"twitter:data1\" content=\"1\u00a0Minute\" \/>\n<script type=\"application\/ld+json\" class=\"yoast-schema-graph\">{\"@context\":\"https:\/\/schema.org\",\"@graph\":[{\"@type\":\"WebPage\",\"@id\":\"https:\/\/lowex-bestand.de\/index.php\/impressum\/?lang=de\",\"url\":\"https:\/\/lowex-bestand.de\/index.php\/impressum\/?lang=de\",\"name\":\"Impressum - LowEx-Bestand\",\"isPartOf\":{\"@id\":\"https:\/\/lowex-bestand.de\/#website\"},\"primaryImageOfPage\":{\"@id\":\"https:\/\/lowex-bestand.de\/index.php\/impressum\/?lang=de#primaryimage\"},\"image\":{\"@id\":\"https:\/\/lowex-bestand.de\/index.php\/impressum\/?lang=de#primaryimage\"},\"thumbnailUrl\":\"http:\/\/www.lowex-bestand.de\/wp-content\/uploads\/2018\/04\/Logo_nur_INATECH_Farbe.jpg\",\"datePublished\":\"2017-10-17T11:43:54+00:00\",\"dateModified\":\"2018-04-17T12:22:59+00:00\",\"breadcrumb\":{\"@id\":\"https:\/\/lowex-bestand.de\/index.php\/impressum\/?lang=de#breadcrumb\"},\"inLanguage\":\"de\",\"potentialAction\":[{\"@type\":\"ReadAction\",\"target\":[\"https:\/\/lowex-bestand.de\/index.php\/impressum\/?lang=de\"]}]},{\"@type\":\"ImageObject\",\"inLanguage\":\"de\",\"@id\":\"https:\/\/lowex-bestand.de\/index.php\/impressum\/?lang=de#primaryimage\",\"url\":\"http:\/\/www.lowex-bestand.de\/wp-content\/uploads\/2018\/04\/Logo_nur_INATECH_Farbe.jpg\",\"contentUrl\":\"http:\/\/www.lowex-bestand.de\/wp-content\/uploads\/2018\/04\/Logo_nur_INATECH_Farbe.jpg\"},{\"@type\":\"BreadcrumbList\",\"@id\":\"https:\/\/lowex-bestand.de\/index.php\/impressum\/?lang=de#breadcrumb\",\"itemListElement\":[{\"@type\":\"ListItem\",\"position\":1,\"name\":\"Startseite\",\"item\":\"https:\/\/lowex-bestand.de\/\"},{\"@type\":\"ListItem\",\"position\":2,\"name\":\"Impressum\"}]},{\"@type\":\"WebSite\",\"@id\":\"https:\/\/lowex-bestand.de\/#website\",\"url\":\"https:\/\/lowex-bestand.de\/\",\"name\":\"LowEx-Bestand\",\"description\":\"Mehrfamilienh\u00e4user nachhaltig beheizen  - Projekt von Forschung, Heiztechnik-Herstellern und Wohnungswirtschaft\",\"publisher\":{\"@id\":\"https:\/\/lowex-bestand.de\/#organization\"},\"potentialAction\":[{\"@type\":\"SearchAction\",\"target\":{\"@type\":\"EntryPoint\",\"urlTemplate\":\"https:\/\/lowex-bestand.de\/?s={search_term_string}\"},\"query-input\":{\"@type\":\"PropertyValueSpecification\",\"valueRequired\":true,\"valueName\":\"search_term_string\"}}],\"inLanguage\":\"de\"},{\"@type\":\"Organization\",\"@id\":\"https:\/\/lowex-bestand.de\/#organization\",\"name\":\"LowEx-Bestand\",\"url\":\"https:\/\/lowex-bestand.de\/\",\"logo\":{\"@type\":\"ImageObject\",\"inLanguage\":\"de\",\"@id\":\"https:\/\/lowex-bestand.de\/#\/schema\/logo\/image\/\",\"url\":\"https:\/\/lowex-bestand.de\/wp-content\/uploads\/2022\/02\/cropped-Header_Logos_neu_3.png\",\"contentUrl\":\"https:\/\/lowex-bestand.de\/wp-content\/uploads\/2022\/02\/cropped-Header_Logos_neu_3.png\",\"width\":1999,\"height\":160,\"caption\":\"LowEx-Bestand\"},\"image\":{\"@id\":\"https:\/\/lowex-bestand.de\/#\/schema\/logo\/image\/\"}}]}<\/script>\n<!-- \/ Yoast SEO plugin. -->","yoast_head_json":{"title":"Impressum - LowEx-Bestand","robots":{"index":"index","follow":"follow","max-snippet":"max-snippet:-1","max-image-preview":"max-image-preview:large","max-video-preview":"max-video-preview:-1"},"canonical":"https:\/\/lowex-bestand.de\/index.php\/impressum\/?lang=de","og_locale":"de_DE","og_type":"article","og_title":"Impressum - LowEx-Bestand","og_description":"Institut f\u00fcr Nachhaltige Technische Systeme &#8211; INATECH Albert-Ludwigs-Universit\u00e4t Freiburg, Technische Fakult\u00e4t Emmy-Noether-Stra\u00dfe 2, 79110 Freiburg Web: www.inatech.uni-freiburg.de &nbsp; Redaktionelle Umsetzung Beatrice Rodenb\u00fccher, M.Sc. Wissenschaftliche Mitarbeiterin Professur f\u00fcr Solare Energiesysteme | Hans-Martin Henning Institut f\u00fcr Nachhaltige","og_url":"https:\/\/lowex-bestand.de\/index.php\/impressum\/?lang=de","og_site_name":"LowEx-Bestand","article_modified_time":"2018-04-17T12:22:59+00:00","og_image":[{"url":"http:\/\/www.lowex-bestand.de\/wp-content\/uploads\/2018\/04\/Logo_nur_INATECH_Farbe.jpg"}],"twitter_card":"summary_large_image","twitter_misc":{"Gesch\u00e4tzte Lesezeit":"1\u00a0Minute"},"schema":{"@context":"https:\/\/schema.org","@graph":[{"@type":"WebPage","@id":"https:\/\/lowex-bestand.de\/index.php\/impressum\/?lang=de","url":"https:\/\/lowex-bestand.de\/index.php\/impressum\/?lang=de","name":"Impressum - LowEx-Bestand","isPartOf":{"@id":"https:\/\/lowex-bestand.de\/#website"},"primaryImageOfPage":{"@id":"https:\/\/lowex-bestand.de\/index.php\/impressum\/?lang=de#primaryimage"},"image":{"@id":"https:\/\/lowex-bestand.de\/index.php\/impressum\/?lang=de#primaryimage"},"thumbnailUrl":"http:\/\/www.lowex-bestand.de\/wp-content\/uploads\/2018\/04\/Logo_nur_INATECH_Farbe.jpg","datePublished":"2017-10-17T11:43:54+00:00","dateModified":"2018-04-17T12:22:59+00:00","breadcrumb":{"@id":"https:\/\/lowex-bestand.de\/index.php\/impressum\/?lang=de#breadcrumb"},"inLanguage":"de","potentialAction":[{"@type":"ReadAction","target":["https:\/\/lowex-bestand.de\/index.php\/impressum\/?lang=de"]}]},{"@type":"ImageObject","inLanguage":"de","@id":"https:\/\/lowex-bestand.de\/index.php\/impressum\/?lang=de#primaryimage","url":"http:\/\/www.lowex-bestand.de\/wp-content\/uploads\/2018\/04\/Logo_nur_INATECH_Farbe.jpg","contentUrl":"http:\/\/www.lowex-bestand.de\/wp-content\/uploads\/2018\/04\/Logo_nur_INATECH_Farbe.jpg"},{"@type":"BreadcrumbList","@id":"https:\/\/lowex-bestand.de\/index.php\/impressum\/?lang=de#breadcrumb","itemListElement":[{"@type":"ListItem","position":1,"name":"Startseite","item":"https:\/\/lowex-bestand.de\/"},{"@type":"ListItem","position":2,"name":"Impressum"}]},{"@type":"WebSite","@id":"https:\/\/lowex-bestand.de\/#website","url":"https:\/\/lowex-bestand.de\/","name":"LowEx-Bestand","description":"Mehrfamilienh\u00e4user nachhaltig beheizen  - Projekt von Forschung, Heiztechnik-Herstellern und Wohnungswirtschaft","publisher":{"@id":"https:\/\/lowex-bestand.de\/#organization"},"potentialAction":[{"@type":"SearchAction","target":{"@type":"EntryPoint","urlTemplate":"https:\/\/lowex-bestand.de\/?s={search_term_string}"},"query-input":{"@type":"PropertyValueSpecification","valueRequired":true,"valueName":"search_term_string"}}],"inLanguage":"de"},{"@type":"Organization","@id":"https:\/\/lowex-bestand.de\/#organization","name":"LowEx-Bestand","url":"https:\/\/lowex-bestand.de\/","logo":{"@type":"ImageObject","inLanguage":"de","@id":"https:\/\/lowex-bestand.de\/#\/schema\/logo\/image\/","url":"https:\/\/lowex-bestand.de\/wp-content\/uploads\/2022\/02\/cropped-Header_Logos_neu_3.png","contentUrl":"https:\/\/lowex-bestand.de\/wp-content\/uploads\/2022\/02\/cropped-Header_Logos_neu_3.png","width":1999,"height":160,"caption":"LowEx-Bestand"},"image":{"@id":"https:\/\/lowex-bestand.de\/#\/schema\/logo\/image\/"}}]}},"_links":{"self":[{"href":"https:\/\/lowex-bestand.de\/index.php\/wp-json\/wp\/v2\/pages\/33"}],"collection":[{"href":"https:\/\/lowex-bestand.de\/index.php\/wp-json\/wp\/v2\/pages"}],"about":[{"href":"https:\/\/lowex-bestand.de\/index.php\/wp-json\/wp\/v2\/types\/page"}],"author":[{"embeddable":true,"href":"https:\/\/lowex-bestand.de\/index.php\/wp-json\/wp\/v2\/users\/3"}],"replies":[{"embeddable":true,"href":"https:\/\/lowex-bestand.de\/index.php\/wp-json\/wp\/v2\/comments?post=33"}],"version-history":[{"count":7,"href":"https:\/\/lowex-bestand.de\/index.php\/wp-json\/wp\/v2\/pages\/33\/revisions"}],"predecessor-version":[{"id":672,"href":"https:\/\/lowex-bestand.de\/index.php\/wp-json\/wp\/v2\/pages\/33\/revisions\/672"}],"wp:attachment":[{"href":"https:\/\/lowex-bestand.de\/index.php\/wp-json\/wp\/v2\/media?parent=33"}],"curies":[{"name":"wp","href":"https:\/\/api.w.org\/{rel}","templated":true}]}}