{"id":335,"date":"2018-04-11T11:21:14","date_gmt":"2018-04-11T09:21:14","guid":{"rendered":"http:\/\/www.lowex-bestand.de\/?page_id=335"},"modified":"2025-11-03T12:48:18","modified_gmt":"2025-11-03T11:48:18","slug":"iea-hpp-annex-50-heat-pumps-in-multi-family-buildings","status":"publish","type":"page","link":"https:\/\/lowex-bestand.de\/index.php\/iea-hpp-annex-50-heat-pumps-in-multi-family-buildings\/?lang=de","title":{"rendered":"AP 6: IEA-HPP-Annex 50 \u201eHeat Pumps in Multi-Family Buildings\u201c"},"content":{"rendered":"<p>Bisher haben sich W\u00e4rmepumpen in diesem Sektor nicht durchgesetzt, obwohl insbesondere in Kombination mit der H\u00fcllensanierung von Bestandsgeb\u00e4uden ein hohes Potential zu deren Nutzung besteht. Barrieren liegen auf Anwenderseite in mangelnder Kenntnis und Erfahrung mit den technischen M\u00f6glichkeiten der Nutzung von W\u00e4rmepumpen in MFH durch die im Mehrfamilienhaussektor dominierenden Akteure, in der wirtschaftlichen Beurteilung der Technologieoptionen sowie auch in der noch erforderlichen technischen Weiterentwicklung von W\u00e4rmepumpenger\u00e4ten und -systemen f\u00fcr Mehrfamiliengeb\u00e4ude.<\/p>\n<p>Der geplante Annex soll diese Barrieren auf internationaler Ebene analysieren und L\u00f6sungsvorschl\u00e4ge zu deren \u00dcberwindung sammeln und weiterentwickeln. Dabei bietet der Annex die M\u00f6glichkeit, begleitend zum thematischen Projektverbund LowEx-Bestand Hersteller, Anwender (Wohnbaugesellschaften) und wissenschaftliches Umfeld auf internationaler Ebene zusammenzubringen und somit im wechselseitigen Austausch die erarbeiteten Ergebnisse in einem weiteren Kreis relevanter Akteure nutzbar zu machen.<\/p>\n<h4><span style=\"color: #019682;\"><strong>Zielsetzungen und Schwerpunkte<\/strong><\/span><\/h4>\n<ul>\n<li>Verbreitung der Anwendung von W\u00e4rmepumpen im Mehrfamiliengeb\u00e4udesektor Ber\u00fccksichtigung von Kompressionsw\u00e4rmepumpen und Gasw\u00e4rmepumpen f\u00fcr diese Anwendung<\/li>\n<li>Entwicklung von Konzepten zur Nutzung von W\u00e4rmepumpen in sanierten und unsanierten Mehrfamiliengeb\u00e4uden<\/li>\n<li>Optimierung systemtechnischer Ans\u00e4tze: Definition optimaler Quellen und Quellenkombinationen, Betriebsf\u00fchrungen und Systemans\u00e4tze zur Integration mit evtl. bestehender Anlagentechnik f\u00fcr unterschiedliche Geb\u00e4udetypen und Analyse \u00f6kologisch-\u00f6konomischer Rahmenbedingungen<\/li>\n<li>Sammlung und Analyse von Anwendungsdaten durch Demonstration und Monitoring von marktnahen W\u00e4rmepumpenentwicklungen in MFH<\/li>\n<li>Bearbeitung der Fragestellungen in enger Kooperation mit der Industrie und Anwendern (Wohnbaugesellschaften)<\/li>\n<\/ul>\n<h4><span style=\"color: #019682;\"><strong>Technologische Fragestellungen<\/strong><\/span><\/h4>\n<ul>\n<li>Weiterentwicklung von elektrisch und thermisch angetriebenen W\u00e4rmepumpen, WP-Komponenten und WP-Systemen f\u00fcr den Einsatz in MFH<\/li>\n<li>W\u00e4rmeverteilungs- und W\u00e4rme\u00fcbergabesystem: Nutzung existierender Systeme vs. Installation neuer Systeme<\/li>\n<li>Zentrale vs. dezentrale Warmwassererzeugung (Verbindung mit Annex 46)<\/li>\n<li>Optimierung des Bivalenzpunktes in bivalenten oder hybriden Heizsystemen (Verbindung mit Annex 45)<\/li>\n<li>Verbindung der W\u00e4rmepumpe mit der existierenden W\u00e4rmeversorgung<\/li>\n<li>Optimaler Standort der W\u00e4rmepumpe (Minimierung Schallemissionen und Verteilungsverluste)<\/li>\n<li>Kombination der W\u00e4rmepumpe mit einem L\u00fcftungsger\u00e4t (Quellen- oder Senkenseitig)<\/li>\n<\/ul>\n<h4><span style=\"color: #019682;\"><strong>Ergebnisse<\/strong><\/span><\/h4>\n<ul>\n<li>Markt\u00fcberblick, System- und Geb\u00e4udeklassifikation im internationalen Vergleich<\/li>\n<li>Datenbank existierender Produkte und L\u00f6sungen<\/li>\n<li>Simulationsergebnisse f\u00fcr verschiedene Systeme und Betriebsbedingungen (Klimata im internationalen Vergleich, d.h. auch au\u00dferhalb Deutschlands)<\/li>\n<li>\u00dcberblick neuer Komponenten- und Systementwicklungen<\/li>\n<li>Best Practice-Beispiele als Referenzen f\u00fcr eine Durchsetzung von W\u00e4rmepumpen f\u00fcr MFH<\/li>\n<li>Website, Abschlussbericht<\/li>\n<\/ul>\n<p>&nbsp;<\/p>\n<p>Detailliertere Informationen zu <a href=\"http:\/\/heatpumpingtechnologies.org\/annex50\/\">IEA-HPP-Annex 50 \u201eHeat Pumps in Multi-Family Buildings\u201c<\/a>.<\/p>\n<p>&nbsp;<\/p>","protected":false},"excerpt":{"rendered":"<p>Bisher haben sich W\u00e4rmepumpen in diesem Sektor nicht durchgesetzt, obwohl insbesondere in Kombination mit der H\u00fcllensanierung von Bestandsgeb\u00e4uden ein hohes Potential zu deren Nutzung besteht. Barrieren liegen auf Anwenderseite in mangelnder Kenntnis und Erfahrung mit<\/p>\n","protected":false},"author":3,"featured_media":0,"parent":0,"menu_order":0,"comment_status":"closed","ping_status":"closed","template":"","meta":{"footnotes":""},"yoast_head":"<!-- This site is optimized with the Yoast SEO plugin v23.5 - https:\/\/yoast.com\/wordpress\/plugins\/seo\/ -->\n<title>AP 6: IEA-HPP-Annex 50 \u201eHeat Pumps in Multi-Family Buildings\u201c - LowEx-Bestand<\/title>\n<meta name=\"robots\" content=\"index, follow, max-snippet:-1, max-image-preview:large, max-video-preview:-1\" \/>\n<link rel=\"canonical\" href=\"https:\/\/lowex-bestand.de\/index.php\/iea-hpp-annex-50-heat-pumps-in-multi-family-buildings\/\" \/>\n<meta property=\"og:locale\" content=\"de_DE\" \/>\n<meta property=\"og:type\" content=\"article\" \/>\n<meta property=\"og:title\" content=\"AP 6: IEA-HPP-Annex 50 \u201eHeat Pumps in Multi-Family Buildings\u201c - LowEx-Bestand\" \/>\n<meta property=\"og:description\" content=\"Bisher haben sich W\u00e4rmepumpen in diesem Sektor nicht durchgesetzt, obwohl insbesondere in Kombination mit der H\u00fcllensanierung von Bestandsgeb\u00e4uden ein hohes Potential zu deren Nutzung besteht. Barrieren liegen auf Anwenderseite in mangelnder Kenntnis und Erfahrung mit\" \/>\n<meta property=\"og:url\" content=\"https:\/\/lowex-bestand.de\/index.php\/iea-hpp-annex-50-heat-pumps-in-multi-family-buildings\/\" \/>\n<meta property=\"og:site_name\" content=\"LowEx-Bestand\" \/>\n<meta property=\"article:modified_time\" content=\"2025-11-03T11:48:18+00:00\" \/>\n<meta name=\"twitter:card\" content=\"summary_large_image\" \/>\n<meta name=\"twitter:label1\" content=\"Gesch\u00e4tzte Lesezeit\" \/>\n\t<meta name=\"twitter:data1\" content=\"3\u00a0Minuten\" \/>\n<script type=\"application\/ld+json\" class=\"yoast-schema-graph\">{\"@context\":\"https:\/\/schema.org\",\"@graph\":[{\"@type\":\"WebPage\",\"@id\":\"https:\/\/lowex-bestand.de\/index.php\/iea-hpp-annex-50-heat-pumps-in-multi-family-buildings\/\",\"url\":\"https:\/\/lowex-bestand.de\/index.php\/iea-hpp-annex-50-heat-pumps-in-multi-family-buildings\/\",\"name\":\"AP 6: IEA-HPP-Annex 50 \u201eHeat Pumps in Multi-Family Buildings\u201c - LowEx-Bestand\",\"isPartOf\":{\"@id\":\"https:\/\/lowex-bestand.de\/#website\"},\"datePublished\":\"2018-04-11T09:21:14+00:00\",\"dateModified\":\"2025-11-03T11:48:18+00:00\",\"breadcrumb\":{\"@id\":\"https:\/\/lowex-bestand.de\/index.php\/iea-hpp-annex-50-heat-pumps-in-multi-family-buildings\/#breadcrumb\"},\"inLanguage\":\"de\",\"potentialAction\":[{\"@type\":\"ReadAction\",\"target\":[\"https:\/\/lowex-bestand.de\/index.php\/iea-hpp-annex-50-heat-pumps-in-multi-family-buildings\/\"]}]},{\"@type\":\"BreadcrumbList\",\"@id\":\"https:\/\/lowex-bestand.de\/index.php\/iea-hpp-annex-50-heat-pumps-in-multi-family-buildings\/#breadcrumb\",\"itemListElement\":[{\"@type\":\"ListItem\",\"position\":1,\"name\":\"Startseite\",\"item\":\"https:\/\/lowex-bestand.de\/\"},{\"@type\":\"ListItem\",\"position\":2,\"name\":\"AP 6: IEA-HPP-Annex 50 \u201eHeat Pumps in Multi-Family Buildings\u201c\"}]},{\"@type\":\"WebSite\",\"@id\":\"https:\/\/lowex-bestand.de\/#website\",\"url\":\"https:\/\/lowex-bestand.de\/\",\"name\":\"LowEx-Bestand\",\"description\":\"Mehrfamilienh\u00e4user nachhaltig beheizen  - Projekt von Forschung, Heiztechnik-Herstellern und Wohnungswirtschaft\",\"publisher\":{\"@id\":\"https:\/\/lowex-bestand.de\/#organization\"},\"potentialAction\":[{\"@type\":\"SearchAction\",\"target\":{\"@type\":\"EntryPoint\",\"urlTemplate\":\"https:\/\/lowex-bestand.de\/?s={search_term_string}\"},\"query-input\":{\"@type\":\"PropertyValueSpecification\",\"valueRequired\":true,\"valueName\":\"search_term_string\"}}],\"inLanguage\":\"de\"},{\"@type\":\"Organization\",\"@id\":\"https:\/\/lowex-bestand.de\/#organization\",\"name\":\"LowEx-Bestand\",\"url\":\"https:\/\/lowex-bestand.de\/\",\"logo\":{\"@type\":\"ImageObject\",\"inLanguage\":\"de\",\"@id\":\"https:\/\/lowex-bestand.de\/#\/schema\/logo\/image\/\",\"url\":\"https:\/\/lowex-bestand.de\/wp-content\/uploads\/2022\/02\/cropped-Header_Logos_neu_3.png\",\"contentUrl\":\"https:\/\/lowex-bestand.de\/wp-content\/uploads\/2022\/02\/cropped-Header_Logos_neu_3.png\",\"width\":1999,\"height\":160,\"caption\":\"LowEx-Bestand\"},\"image\":{\"@id\":\"https:\/\/lowex-bestand.de\/#\/schema\/logo\/image\/\"}}]}<\/script>\n<!-- \/ Yoast SEO plugin. -->","yoast_head_json":{"title":"AP 6: IEA-HPP-Annex 50 \u201eHeat Pumps in Multi-Family Buildings\u201c - LowEx-Bestand","robots":{"index":"index","follow":"follow","max-snippet":"max-snippet:-1","max-image-preview":"max-image-preview:large","max-video-preview":"max-video-preview:-1"},"canonical":"https:\/\/lowex-bestand.de\/index.php\/iea-hpp-annex-50-heat-pumps-in-multi-family-buildings\/","og_locale":"de_DE","og_type":"article","og_title":"AP 6: IEA-HPP-Annex 50 \u201eHeat Pumps in Multi-Family Buildings\u201c - LowEx-Bestand","og_description":"Bisher haben sich W\u00e4rmepumpen in diesem Sektor nicht durchgesetzt, obwohl insbesondere in Kombination mit der H\u00fcllensanierung von Bestandsgeb\u00e4uden ein hohes Potential zu deren Nutzung besteht. Barrieren liegen auf Anwenderseite in mangelnder Kenntnis und Erfahrung mit","og_url":"https:\/\/lowex-bestand.de\/index.php\/iea-hpp-annex-50-heat-pumps-in-multi-family-buildings\/","og_site_name":"LowEx-Bestand","article_modified_time":"2025-11-03T11:48:18+00:00","twitter_card":"summary_large_image","twitter_misc":{"Gesch\u00e4tzte Lesezeit":"3\u00a0Minuten"},"schema":{"@context":"https:\/\/schema.org","@graph":[{"@type":"WebPage","@id":"https:\/\/lowex-bestand.de\/index.php\/iea-hpp-annex-50-heat-pumps-in-multi-family-buildings\/","url":"https:\/\/lowex-bestand.de\/index.php\/iea-hpp-annex-50-heat-pumps-in-multi-family-buildings\/","name":"AP 6: IEA-HPP-Annex 50 \u201eHeat Pumps in Multi-Family Buildings\u201c - LowEx-Bestand","isPartOf":{"@id":"https:\/\/lowex-bestand.de\/#website"},"datePublished":"2018-04-11T09:21:14+00:00","dateModified":"2025-11-03T11:48:18+00:00","breadcrumb":{"@id":"https:\/\/lowex-bestand.de\/index.php\/iea-hpp-annex-50-heat-pumps-in-multi-family-buildings\/#breadcrumb"},"inLanguage":"de","potentialAction":[{"@type":"ReadAction","target":["https:\/\/lowex-bestand.de\/index.php\/iea-hpp-annex-50-heat-pumps-in-multi-family-buildings\/"]}]},{"@type":"BreadcrumbList","@id":"https:\/\/lowex-bestand.de\/index.php\/iea-hpp-annex-50-heat-pumps-in-multi-family-buildings\/#breadcrumb","itemListElement":[{"@type":"ListItem","position":1,"name":"Startseite","item":"https:\/\/lowex-bestand.de\/"},{"@type":"ListItem","position":2,"name":"AP 6: IEA-HPP-Annex 50 \u201eHeat Pumps in Multi-Family Buildings\u201c"}]},{"@type":"WebSite","@id":"https:\/\/lowex-bestand.de\/#website","url":"https:\/\/lowex-bestand.de\/","name":"LowEx-Bestand","description":"Mehrfamilienh\u00e4user nachhaltig beheizen  - Projekt von Forschung, Heiztechnik-Herstellern und Wohnungswirtschaft","publisher":{"@id":"https:\/\/lowex-bestand.de\/#organization"},"potentialAction":[{"@type":"SearchAction","target":{"@type":"EntryPoint","urlTemplate":"https:\/\/lowex-bestand.de\/?s={search_term_string}"},"query-input":{"@type":"PropertyValueSpecification","valueRequired":true,"valueName":"search_term_string"}}],"inLanguage":"de"},{"@type":"Organization","@id":"https:\/\/lowex-bestand.de\/#organization","name":"LowEx-Bestand","url":"https:\/\/lowex-bestand.de\/","logo":{"@type":"ImageObject","inLanguage":"de","@id":"https:\/\/lowex-bestand.de\/#\/schema\/logo\/image\/","url":"https:\/\/lowex-bestand.de\/wp-content\/uploads\/2022\/02\/cropped-Header_Logos_neu_3.png","contentUrl":"https:\/\/lowex-bestand.de\/wp-content\/uploads\/2022\/02\/cropped-Header_Logos_neu_3.png","width":1999,"height":160,"caption":"LowEx-Bestand"},"image":{"@id":"https:\/\/lowex-bestand.de\/#\/schema\/logo\/image\/"}}]}},"_links":{"self":[{"href":"https:\/\/lowex-bestand.de\/index.php\/wp-json\/wp\/v2\/pages\/335"}],"collection":[{"href":"https:\/\/lowex-bestand.de\/index.php\/wp-json\/wp\/v2\/pages"}],"about":[{"href":"https:\/\/lowex-bestand.de\/index.php\/wp-json\/wp\/v2\/types\/page"}],"author":[{"embeddable":true,"href":"https:\/\/lowex-bestand.de\/index.php\/wp-json\/wp\/v2\/users\/3"}],"replies":[{"embeddable":true,"href":"https:\/\/lowex-bestand.de\/index.php\/wp-json\/wp\/v2\/comments?post=335"}],"version-history":[{"count":13,"href":"https:\/\/lowex-bestand.de\/index.php\/wp-json\/wp\/v2\/pages\/335\/revisions"}],"predecessor-version":[{"id":1608,"href":"https:\/\/lowex-bestand.de\/index.php\/wp-json\/wp\/v2\/pages\/335\/revisions\/1608"}],"wp:attachment":[{"href":"https:\/\/lowex-bestand.de\/index.php\/wp-json\/wp\/v2\/media?parent=335"}],"curies":[{"name":"wp","href":"https:\/\/api.w.org\/{rel}","templated":true}]}}