{"id":54,"date":"2017-10-17T14:12:35","date_gmt":"2017-10-17T12:12:35","guid":{"rendered":"http:\/\/127.0.0.1:9080\/wordpress\/?page_id=54"},"modified":"2023-11-08T11:19:43","modified_gmt":"2023-11-08T10:19:43","slug":"kontakte","status":"publish","type":"page","link":"https:\/\/lowex-bestand.de\/index.php\/kontakte\/?lang=de","title":{"rendered":"Kontakte"},"content":{"rendered":"<p><\/p>\n<h4><span class=\"lowex-bline\"><strong><span style=\"color: #019682;\">Koordination<\/span> <\/strong><br \/>\n<\/span><\/h4>\n<p><strong>Beatrice Rodenb\u00fccher<br \/>\n<\/strong>Gruppe Nachhaltige Geb\u00e4udeenergietechnik<br \/>\nProfessur f\u00fcr Solare Energiesysteme | Hans-Martin Henning<br \/>\nInstitut f\u00fcr Nachhaltige Technische Systeme &#8211; INATECH<br \/>\nAlbert-Ludwigs-Universit\u00e4t Freiburg, Technische Fakult\u00e4t<br \/>\n+49 (0)761 203-54193<br \/>\n&#98;&#x65;&#97;&#x74;r&#105;&#x63;&#101;&#x2e;r&#x6f;d&#101;&#x6e;&#98;&#x75;e&#x63;&#x68;&#101;&#x72;&#64;&#x69;n&#97;&#x74;&#101;&#x63;h&#x2e;u&#110;&#x69;&#45;&#x66;r&#101;&#x69;&#98;&#x75;r&#x67;&#46;&#100;&#x65;<\/p>\n<h4><strong><span class=\"lowex-bline\"><span style=\"color: #019682;\">Projektleitung Fraunhofer ISE<\/span><br \/>\n<\/span><\/strong><\/h4>\n<p><b>Dr. Peter Engelmann<\/b><br \/>\nArbeitsgruppenleiter Geb\u00e4udesystemtechnik<br \/>\nAbteilung Energieeffiziente Geb\u00e4ude<br \/>\nFraunhofer Institut\u00a0 f\u00fcr Solare Energiesysteme ISE<br \/>\n+49 (0)761 4588-5129<br \/>\n&#x70;&#101;t&#x65;&#114;&#46;&#x65;&#x6e;&#103;e&#x6c;&#109;a&#x6e;&#x6e;&#64;i&#x73;&#101;&#46;&#x66;&#x72;&#97;u&#x6e;&#104;o&#x66;&#x65;&#114;&#46;&#x64;&#101;<\/p>\n<h4><span class=\"lowex-bline\" style=\"color: #019682;\"><strong>Projektleitung KIT<\/strong><\/span><\/h4>\n<p><strong>Dr. Ferdinand Schmidt<\/strong><br \/>\nInstitute of Applied Thermofluidics (IATF)<br \/>\nKarlsruher Institut f\u00fcr Technologie<br \/>\n+49 (0) 721 608-43026<br \/>\nferd&#105;&#110;&#97;&#110;&#100;&#x2e;&#x73;&#x63;&#x68;&#x6d;&#x69;&#x64;t&#64;ki&#116;&#46;&#101;&#100;&#117;<\/p>\n<h4><span class=\"lowex-bline\"><span style=\"color: #019682;\"><strong>Projektleitung Demonstrationsprojekte<\/strong><\/span><br \/>\n<\/span><\/h4>\n<p><strong>Dipl.-Ing. Arnulf Dinkel<\/strong><br \/>\nArchitekt<br \/>\nFraunhofer-Institut f\u00fcr Solare Energiesysteme ISE<br \/>\nAbteilung Energieeffiziente Geb\u00e4ude<br \/>\n+49 (0)761 4588-5887<br \/>\n&#x61;&#114;n&#x75;&#108;f&#x2e;&#100;i&#x6e;&#107;e&#x6c;&#64;i&#x73;&#101;&#46;&#x66;&#114;a&#x75;&#110;h&#x6f;&#102;e&#x72;&#46;d&#x65;<\/p>\n<p>&nbsp;<\/p>","protected":false},"excerpt":{"rendered":"<p>Koordination Beatrice Rodenb\u00fccher Gruppe Nachhaltige Geb\u00e4udeenergietechnik Professur f\u00fcr Solare Energiesysteme | Hans-Martin Henning Institut f\u00fcr Nachhaltige Technische Systeme &#8211; INATECH Albert-Ludwigs-Universit\u00e4t Freiburg, Technische Fakult\u00e4t +49 (0)761 203-54193 &#x62;&#x65;&#x61;&#x74;&#x72;&#105;&#99;&#101;&#46;rod&#x65;&#x6e;&#x62;&#x75;&#x65;&#x63;&#104;&#101;&#114;&#64;in&#x61;&#x74;&#x65;&#x63;&#x68;&#x2e;&#117;&#110;&#105;&#45;fre&#x69;&#x62;&#x75;&#x72;&#x67;&#x2e;&#100;&#101; Projektleitung Fraunhofer ISE Dr. Peter Engelmann Arbeitsgruppenleiter<\/p>\n","protected":false},"author":3,"featured_media":0,"parent":0,"menu_order":0,"comment_status":"closed","ping_status":"closed","template":"","meta":{"footnotes":""},"yoast_head":"<!-- This site is optimized with the Yoast SEO plugin v23.5 - https:\/\/yoast.com\/wordpress\/plugins\/seo\/ -->\n<title>Kontakte - LowEx-Bestand<\/title>\n<meta name=\"robots\" content=\"index, follow, max-snippet:-1, max-image-preview:large, max-video-preview:-1\" \/>\n<link rel=\"canonical\" href=\"https:\/\/lowex-bestand.de\/index.php\/kontakte\/?lang=de\" \/>\n<meta property=\"og:locale\" content=\"de_DE\" \/>\n<meta property=\"og:type\" content=\"article\" \/>\n<meta property=\"og:title\" content=\"Kontakte - LowEx-Bestand\" \/>\n<meta property=\"og:description\" content=\"Koordination Beatrice Rodenb\u00fccher Gruppe Nachhaltige Geb\u00e4udeenergietechnik Professur f\u00fcr Solare Energiesysteme | Hans-Martin Henning Institut f\u00fcr Nachhaltige Technische Systeme &#8211; INATECH Albert-Ludwigs-Universit\u00e4t Freiburg, Technische Fakult\u00e4t +49 (0)761 203-54193 b&#101;&#097;&#x74;&#x72;ic&#101;&#046;&#x72;&#x6f;de&#110;&#098;&#x75;&#x65;ch&#101;&#x72;&#x40;&#x69;n&#097;&#116;&#x65;&#x63;&#x68;&#046;&#117;&#110;&#x69;&#x2d;&#x66;r&#101;&#105;&#x62;&#x75;&#x72;g&#046;&#100;&#x65; Projektleitung Fraunhofer ISE Dr. Peter Engelmann Arbeitsgruppenleiter\" \/>\n<meta property=\"og:url\" content=\"https:\/\/lowex-bestand.de\/index.php\/kontakte\/?lang=de\" \/>\n<meta property=\"og:site_name\" content=\"LowEx-Bestand\" \/>\n<meta property=\"article:modified_time\" content=\"2023-11-08T10:19:43+00:00\" \/>\n<meta name=\"twitter:card\" content=\"summary_large_image\" \/>\n<meta name=\"twitter:label1\" content=\"Gesch\u00e4tzte Lesezeit\" \/>\n\t<meta name=\"twitter:data1\" content=\"1\u00a0Minute\" \/>\n<script type=\"application\/ld+json\" class=\"yoast-schema-graph\">{\"@context\":\"https:\/\/schema.org\",\"@graph\":[{\"@type\":\"WebPage\",\"@id\":\"https:\/\/lowex-bestand.de\/index.php\/kontakte\/?lang=de\",\"url\":\"https:\/\/lowex-bestand.de\/index.php\/kontakte\/?lang=de\",\"name\":\"Kontakte - LowEx-Bestand\",\"isPartOf\":{\"@id\":\"https:\/\/lowex-bestand.de\/#website\"},\"datePublished\":\"2017-10-17T12:12:35+00:00\",\"dateModified\":\"2023-11-08T10:19:43+00:00\",\"breadcrumb\":{\"@id\":\"https:\/\/lowex-bestand.de\/index.php\/kontakte\/?lang=de#breadcrumb\"},\"inLanguage\":\"de\",\"potentialAction\":[{\"@type\":\"ReadAction\",\"target\":[\"https:\/\/lowex-bestand.de\/index.php\/kontakte\/?lang=de\"]}]},{\"@type\":\"BreadcrumbList\",\"@id\":\"https:\/\/lowex-bestand.de\/index.php\/kontakte\/?lang=de#breadcrumb\",\"itemListElement\":[{\"@type\":\"ListItem\",\"position\":1,\"name\":\"Startseite\",\"item\":\"https:\/\/lowex-bestand.de\/\"},{\"@type\":\"ListItem\",\"position\":2,\"name\":\"Kontakte\"}]},{\"@type\":\"WebSite\",\"@id\":\"https:\/\/lowex-bestand.de\/#website\",\"url\":\"https:\/\/lowex-bestand.de\/\",\"name\":\"LowEx-Bestand\",\"description\":\"Mehrfamilienh\u00e4user nachhaltig beheizen  - Projekt von Forschung, Heiztechnik-Herstellern und Wohnungswirtschaft\",\"publisher\":{\"@id\":\"https:\/\/lowex-bestand.de\/#organization\"},\"potentialAction\":[{\"@type\":\"SearchAction\",\"target\":{\"@type\":\"EntryPoint\",\"urlTemplate\":\"https:\/\/lowex-bestand.de\/?s={search_term_string}\"},\"query-input\":{\"@type\":\"PropertyValueSpecification\",\"valueRequired\":true,\"valueName\":\"search_term_string\"}}],\"inLanguage\":\"de\"},{\"@type\":\"Organization\",\"@id\":\"https:\/\/lowex-bestand.de\/#organization\",\"name\":\"LowEx-Bestand\",\"url\":\"https:\/\/lowex-bestand.de\/\",\"logo\":{\"@type\":\"ImageObject\",\"inLanguage\":\"de\",\"@id\":\"https:\/\/lowex-bestand.de\/#\/schema\/logo\/image\/\",\"url\":\"https:\/\/lowex-bestand.de\/wp-content\/uploads\/2022\/02\/cropped-Header_Logos_neu_3.png\",\"contentUrl\":\"https:\/\/lowex-bestand.de\/wp-content\/uploads\/2022\/02\/cropped-Header_Logos_neu_3.png\",\"width\":1999,\"height\":160,\"caption\":\"LowEx-Bestand\"},\"image\":{\"@id\":\"https:\/\/lowex-bestand.de\/#\/schema\/logo\/image\/\"}}]}<\/script>\n<!-- \/ Yoast SEO plugin. -->","yoast_head_json":{"title":"Kontakte - LowEx-Bestand","robots":{"index":"index","follow":"follow","max-snippet":"max-snippet:-1","max-image-preview":"max-image-preview:large","max-video-preview":"max-video-preview:-1"},"canonical":"https:\/\/lowex-bestand.de\/index.php\/kontakte\/?lang=de","og_locale":"de_DE","og_type":"article","og_title":"Kontakte - LowEx-Bestand","og_description":"Koordination Beatrice Rodenb\u00fccher Gruppe Nachhaltige Geb\u00e4udeenergietechnik Professur f\u00fcr Solare Energiesysteme | Hans-Martin Henning Institut f\u00fcr Nachhaltige Technische Systeme &#8211; INATECH Albert-Ludwigs-Universit\u00e4t Freiburg, Technische Fakult\u00e4t +49 (0)761 203-54193 b&#101;&#97;&#x74;&#x72;ic&#101;&#46;&#x72;&#x6f;de&#110;&#98;&#x75;&#x65;ch&#101;&#x72;&#x40;&#x69;n&#97;&#116;&#x65;&#x63;&#x68;&#46;&#117;&#110;&#x69;&#x2d;&#x66;r&#101;&#105;&#x62;&#x75;&#x72;g&#46;&#100;&#x65; Projektleitung Fraunhofer ISE Dr. Peter Engelmann Arbeitsgruppenleiter","og_url":"https:\/\/lowex-bestand.de\/index.php\/kontakte\/?lang=de","og_site_name":"LowEx-Bestand","article_modified_time":"2023-11-08T10:19:43+00:00","twitter_card":"summary_large_image","twitter_misc":{"Gesch\u00e4tzte Lesezeit":"1\u00a0Minute"},"schema":{"@context":"https:\/\/schema.org","@graph":[{"@type":"WebPage","@id":"https:\/\/lowex-bestand.de\/index.php\/kontakte\/?lang=de","url":"https:\/\/lowex-bestand.de\/index.php\/kontakte\/?lang=de","name":"Kontakte - LowEx-Bestand","isPartOf":{"@id":"https:\/\/lowex-bestand.de\/#website"},"datePublished":"2017-10-17T12:12:35+00:00","dateModified":"2023-11-08T10:19:43+00:00","breadcrumb":{"@id":"https:\/\/lowex-bestand.de\/index.php\/kontakte\/?lang=de#breadcrumb"},"inLanguage":"de","potentialAction":[{"@type":"ReadAction","target":["https:\/\/lowex-bestand.de\/index.php\/kontakte\/?lang=de"]}]},{"@type":"BreadcrumbList","@id":"https:\/\/lowex-bestand.de\/index.php\/kontakte\/?lang=de#breadcrumb","itemListElement":[{"@type":"ListItem","position":1,"name":"Startseite","item":"https:\/\/lowex-bestand.de\/"},{"@type":"ListItem","position":2,"name":"Kontakte"}]},{"@type":"WebSite","@id":"https:\/\/lowex-bestand.de\/#website","url":"https:\/\/lowex-bestand.de\/","name":"LowEx-Bestand","description":"Mehrfamilienh\u00e4user nachhaltig beheizen  - Projekt von Forschung, Heiztechnik-Herstellern und Wohnungswirtschaft","publisher":{"@id":"https:\/\/lowex-bestand.de\/#organization"},"potentialAction":[{"@type":"SearchAction","target":{"@type":"EntryPoint","urlTemplate":"https:\/\/lowex-bestand.de\/?s={search_term_string}"},"query-input":{"@type":"PropertyValueSpecification","valueRequired":true,"valueName":"search_term_string"}}],"inLanguage":"de"},{"@type":"Organization","@id":"https:\/\/lowex-bestand.de\/#organization","name":"LowEx-Bestand","url":"https:\/\/lowex-bestand.de\/","logo":{"@type":"ImageObject","inLanguage":"de","@id":"https:\/\/lowex-bestand.de\/#\/schema\/logo\/image\/","url":"https:\/\/lowex-bestand.de\/wp-content\/uploads\/2022\/02\/cropped-Header_Logos_neu_3.png","contentUrl":"https:\/\/lowex-bestand.de\/wp-content\/uploads\/2022\/02\/cropped-Header_Logos_neu_3.png","width":1999,"height":160,"caption":"LowEx-Bestand"},"image":{"@id":"https:\/\/lowex-bestand.de\/#\/schema\/logo\/image\/"}}]}},"_links":{"self":[{"href":"https:\/\/lowex-bestand.de\/index.php\/wp-json\/wp\/v2\/pages\/54"}],"collection":[{"href":"https:\/\/lowex-bestand.de\/index.php\/wp-json\/wp\/v2\/pages"}],"about":[{"href":"https:\/\/lowex-bestand.de\/index.php\/wp-json\/wp\/v2\/types\/page"}],"author":[{"embeddable":true,"href":"https:\/\/lowex-bestand.de\/index.php\/wp-json\/wp\/v2\/users\/3"}],"replies":[{"embeddable":true,"href":"https:\/\/lowex-bestand.de\/index.php\/wp-json\/wp\/v2\/comments?post=54"}],"version-history":[{"count":21,"href":"https:\/\/lowex-bestand.de\/index.php\/wp-json\/wp\/v2\/pages\/54\/revisions"}],"predecessor-version":[{"id":1564,"href":"https:\/\/lowex-bestand.de\/index.php\/wp-json\/wp\/v2\/pages\/54\/revisions\/1564"}],"wp:attachment":[{"href":"https:\/\/lowex-bestand.de\/index.php\/wp-json\/wp\/v2\/media?parent=54"}],"curies":[{"name":"wp","href":"https:\/\/api.w.org\/{rel}","templated":true}]}}