{"id":56,"date":"2017-10-17T14:13:31","date_gmt":"2017-10-17T12:13:31","guid":{"rendered":"http:\/\/127.0.0.1:9080\/wordpress\/?page_id=56"},"modified":"2025-11-03T12:44:09","modified_gmt":"2025-11-03T11:44:09","slug":"mehrfamilienhaus-bestand-und-sanierungsprozess","status":"publish","type":"page","link":"https:\/\/lowex-bestand.de\/index.php\/mehrfamilienhaus-bestand-und-sanierungsprozess\/?lang=de","title":{"rendered":"AP 1: Mehrfamilienhaus-Bestand und Sanierungsprozess"},"content":{"rendered":"<p><\/p>\n<h4><span style=\"color: #019682;\"><strong>Ziele und Inhalte<\/strong><\/span><\/h4>\n<p>Dieses Arbeitspaket bildet die Basis f\u00fcr die sp\u00e4tere systemische Analyse von LowEx Systemen (Heizung und L\u00fcftung). Es liefert einerseits relevante Grunddaten zur Einordnung des Geb\u00e4udebestands hinsichtlich seiner energetischen Qualit\u00e4t sowie entwurfsbezogener baukonstruktiver und geb\u00e4udetechnischer Merkmale, die damit eine Beurteilung des Potenzials verschiedener Systemkonzepte erm\u00f6glichen. Zum anderen wird der Sanierungsprozess als solcher beleuchtet f\u00fcr die Beurteilung der Umsetzbarkeit verschiedener Ans\u00e4tze.<\/p>\n<h4><span style=\"color: #019682;\"><b>Aufgaben<\/b><\/span><\/h4>\n<ul>\n<li>Systematische Analyse des Geb\u00e4udebestandes in Deutschland mit Fokus auf Mehrfamilienh\u00e4user (MFH)<\/li>\n<li>Akteure und Prozesse in der Geb\u00e4udesanierung<\/li>\n<li>Technische Anforderungen an die Energieversorgung von MFH<\/li>\n<li>Nicht-technische Rahmenbedingungen und Einflussfaktoren des Sanierungsprozesses<\/li>\n<\/ul>\n<h4><span style=\"color: #019682;\"><b>Ergebnisse<\/b><\/span><\/h4>\n<ul>\n<li>Geb\u00e4udematrix, die den deutschen MFH-Geb\u00e4udebestand hinsichtlich der f\u00fcr das Gesamtprojekt relevanten Kriterien zur systemischen Betrachtung von LowEx-Systemkonzepten abbildet (Basis f\u00fcr AP 3: Simulation von Typ-Geb\u00e4uden und Systemkonzepten)<\/li>\n<li>Akteurs- und Prozessanalyse als Entscheidungshilfe f\u00fcr die Auswahl von Systemkonstellationen, deren Umsetzung unter Praxisbedingungen erfolgversprechend erscheinen (unterst\u00fctzt durch die Zusammenstellung und Diskussion der nicht-technischen Faktoren)<\/li>\n<li>Zusammenstellung der technischen Anforderungen f\u00fcr Sanierungsszenarien sowie zu erwartender Belastungen f\u00fcr Materialien und Komponenten und Materialempfehlungen als Input f\u00fcr die Demonstrationen in AP4<\/li>\n<\/ul>\n<h4><a href=\"https:\/\/lowex-bestand.de\/index.php\/ergebnisse\/?lang=de\"><span style=\"color: #019682;\"><b>Link zu Downloads<\/b><\/span><\/a><\/h4>\n<p><\/p>","protected":false},"excerpt":{"rendered":"<p>Ziele und Inhalte Dieses Arbeitspaket bildet die Basis f\u00fcr die sp\u00e4tere systemische Analyse von LowEx Systemen (Heizung und L\u00fcftung). Es liefert einerseits relevante Grunddaten zur Einordnung des Geb\u00e4udebestands hinsichtlich seiner energetischen Qualit\u00e4t sowie entwurfsbezogener baukonstruktiver<\/p>\n","protected":false},"author":3,"featured_media":0,"parent":0,"menu_order":0,"comment_status":"closed","ping_status":"closed","template":"","meta":{"footnotes":""},"yoast_head":"<!-- This site is optimized with the Yoast SEO plugin v23.5 - https:\/\/yoast.com\/wordpress\/plugins\/seo\/ -->\n<title>AP 1: Mehrfamilienhaus-Bestand und Sanierungsprozess - LowEx-Bestand<\/title>\n<meta name=\"robots\" content=\"index, follow, max-snippet:-1, max-image-preview:large, max-video-preview:-1\" \/>\n<link rel=\"canonical\" href=\"https:\/\/lowex-bestand.de\/index.php\/mehrfamilienhaus-bestand-und-sanierungsprozess\/\" \/>\n<meta property=\"og:locale\" content=\"de_DE\" \/>\n<meta property=\"og:type\" content=\"article\" \/>\n<meta property=\"og:title\" content=\"AP 1: Mehrfamilienhaus-Bestand und Sanierungsprozess - LowEx-Bestand\" \/>\n<meta property=\"og:description\" content=\"Ziele und Inhalte Dieses Arbeitspaket bildet die Basis f\u00fcr die sp\u00e4tere systemische Analyse von LowEx Systemen (Heizung und L\u00fcftung). Es liefert einerseits relevante Grunddaten zur Einordnung des Geb\u00e4udebestands hinsichtlich seiner energetischen Qualit\u00e4t sowie entwurfsbezogener baukonstruktiver\" \/>\n<meta property=\"og:url\" content=\"https:\/\/lowex-bestand.de\/index.php\/mehrfamilienhaus-bestand-und-sanierungsprozess\/\" \/>\n<meta property=\"og:site_name\" content=\"LowEx-Bestand\" \/>\n<meta property=\"article:modified_time\" content=\"2025-11-03T11:44:09+00:00\" \/>\n<meta name=\"twitter:card\" content=\"summary_large_image\" \/>\n<meta name=\"twitter:label1\" content=\"Gesch\u00e4tzte Lesezeit\" \/>\n\t<meta name=\"twitter:data1\" content=\"1\u00a0Minute\" \/>\n<script type=\"application\/ld+json\" class=\"yoast-schema-graph\">{\"@context\":\"https:\/\/schema.org\",\"@graph\":[{\"@type\":\"WebPage\",\"@id\":\"https:\/\/lowex-bestand.de\/index.php\/mehrfamilienhaus-bestand-und-sanierungsprozess\/\",\"url\":\"https:\/\/lowex-bestand.de\/index.php\/mehrfamilienhaus-bestand-und-sanierungsprozess\/\",\"name\":\"AP 1: Mehrfamilienhaus-Bestand und Sanierungsprozess - LowEx-Bestand\",\"isPartOf\":{\"@id\":\"https:\/\/lowex-bestand.de\/#website\"},\"datePublished\":\"2017-10-17T12:13:31+00:00\",\"dateModified\":\"2025-11-03T11:44:09+00:00\",\"breadcrumb\":{\"@id\":\"https:\/\/lowex-bestand.de\/index.php\/mehrfamilienhaus-bestand-und-sanierungsprozess\/#breadcrumb\"},\"inLanguage\":\"de\",\"potentialAction\":[{\"@type\":\"ReadAction\",\"target\":[\"https:\/\/lowex-bestand.de\/index.php\/mehrfamilienhaus-bestand-und-sanierungsprozess\/\"]}]},{\"@type\":\"BreadcrumbList\",\"@id\":\"https:\/\/lowex-bestand.de\/index.php\/mehrfamilienhaus-bestand-und-sanierungsprozess\/#breadcrumb\",\"itemListElement\":[{\"@type\":\"ListItem\",\"position\":1,\"name\":\"Startseite\",\"item\":\"https:\/\/lowex-bestand.de\/\"},{\"@type\":\"ListItem\",\"position\":2,\"name\":\"AP 1: Mehrfamilienhaus-Bestand und Sanierungsprozess\"}]},{\"@type\":\"WebSite\",\"@id\":\"https:\/\/lowex-bestand.de\/#website\",\"url\":\"https:\/\/lowex-bestand.de\/\",\"name\":\"LowEx-Bestand\",\"description\":\"Mehrfamilienh\u00e4user nachhaltig beheizen  - Projekt von Forschung, Heiztechnik-Herstellern und Wohnungswirtschaft\",\"publisher\":{\"@id\":\"https:\/\/lowex-bestand.de\/#organization\"},\"potentialAction\":[{\"@type\":\"SearchAction\",\"target\":{\"@type\":\"EntryPoint\",\"urlTemplate\":\"https:\/\/lowex-bestand.de\/?s={search_term_string}\"},\"query-input\":{\"@type\":\"PropertyValueSpecification\",\"valueRequired\":true,\"valueName\":\"search_term_string\"}}],\"inLanguage\":\"de\"},{\"@type\":\"Organization\",\"@id\":\"https:\/\/lowex-bestand.de\/#organization\",\"name\":\"LowEx-Bestand\",\"url\":\"https:\/\/lowex-bestand.de\/\",\"logo\":{\"@type\":\"ImageObject\",\"inLanguage\":\"de\",\"@id\":\"https:\/\/lowex-bestand.de\/#\/schema\/logo\/image\/\",\"url\":\"https:\/\/lowex-bestand.de\/wp-content\/uploads\/2022\/02\/cropped-Header_Logos_neu_3.png\",\"contentUrl\":\"https:\/\/lowex-bestand.de\/wp-content\/uploads\/2022\/02\/cropped-Header_Logos_neu_3.png\",\"width\":1999,\"height\":160,\"caption\":\"LowEx-Bestand\"},\"image\":{\"@id\":\"https:\/\/lowex-bestand.de\/#\/schema\/logo\/image\/\"}}]}<\/script>\n<!-- \/ Yoast SEO plugin. -->","yoast_head_json":{"title":"AP 1: Mehrfamilienhaus-Bestand und Sanierungsprozess - LowEx-Bestand","robots":{"index":"index","follow":"follow","max-snippet":"max-snippet:-1","max-image-preview":"max-image-preview:large","max-video-preview":"max-video-preview:-1"},"canonical":"https:\/\/lowex-bestand.de\/index.php\/mehrfamilienhaus-bestand-und-sanierungsprozess\/","og_locale":"de_DE","og_type":"article","og_title":"AP 1: Mehrfamilienhaus-Bestand und Sanierungsprozess - LowEx-Bestand","og_description":"Ziele und Inhalte Dieses Arbeitspaket bildet die Basis f\u00fcr die sp\u00e4tere systemische Analyse von LowEx Systemen (Heizung und L\u00fcftung). Es liefert einerseits relevante Grunddaten zur Einordnung des Geb\u00e4udebestands hinsichtlich seiner energetischen Qualit\u00e4t sowie entwurfsbezogener baukonstruktiver","og_url":"https:\/\/lowex-bestand.de\/index.php\/mehrfamilienhaus-bestand-und-sanierungsprozess\/","og_site_name":"LowEx-Bestand","article_modified_time":"2025-11-03T11:44:09+00:00","twitter_card":"summary_large_image","twitter_misc":{"Gesch\u00e4tzte Lesezeit":"1\u00a0Minute"},"schema":{"@context":"https:\/\/schema.org","@graph":[{"@type":"WebPage","@id":"https:\/\/lowex-bestand.de\/index.php\/mehrfamilienhaus-bestand-und-sanierungsprozess\/","url":"https:\/\/lowex-bestand.de\/index.php\/mehrfamilienhaus-bestand-und-sanierungsprozess\/","name":"AP 1: Mehrfamilienhaus-Bestand und Sanierungsprozess - LowEx-Bestand","isPartOf":{"@id":"https:\/\/lowex-bestand.de\/#website"},"datePublished":"2017-10-17T12:13:31+00:00","dateModified":"2025-11-03T11:44:09+00:00","breadcrumb":{"@id":"https:\/\/lowex-bestand.de\/index.php\/mehrfamilienhaus-bestand-und-sanierungsprozess\/#breadcrumb"},"inLanguage":"de","potentialAction":[{"@type":"ReadAction","target":["https:\/\/lowex-bestand.de\/index.php\/mehrfamilienhaus-bestand-und-sanierungsprozess\/"]}]},{"@type":"BreadcrumbList","@id":"https:\/\/lowex-bestand.de\/index.php\/mehrfamilienhaus-bestand-und-sanierungsprozess\/#breadcrumb","itemListElement":[{"@type":"ListItem","position":1,"name":"Startseite","item":"https:\/\/lowex-bestand.de\/"},{"@type":"ListItem","position":2,"name":"AP 1: Mehrfamilienhaus-Bestand und Sanierungsprozess"}]},{"@type":"WebSite","@id":"https:\/\/lowex-bestand.de\/#website","url":"https:\/\/lowex-bestand.de\/","name":"LowEx-Bestand","description":"Mehrfamilienh\u00e4user nachhaltig beheizen  - Projekt von Forschung, Heiztechnik-Herstellern und Wohnungswirtschaft","publisher":{"@id":"https:\/\/lowex-bestand.de\/#organization"},"potentialAction":[{"@type":"SearchAction","target":{"@type":"EntryPoint","urlTemplate":"https:\/\/lowex-bestand.de\/?s={search_term_string}"},"query-input":{"@type":"PropertyValueSpecification","valueRequired":true,"valueName":"search_term_string"}}],"inLanguage":"de"},{"@type":"Organization","@id":"https:\/\/lowex-bestand.de\/#organization","name":"LowEx-Bestand","url":"https:\/\/lowex-bestand.de\/","logo":{"@type":"ImageObject","inLanguage":"de","@id":"https:\/\/lowex-bestand.de\/#\/schema\/logo\/image\/","url":"https:\/\/lowex-bestand.de\/wp-content\/uploads\/2022\/02\/cropped-Header_Logos_neu_3.png","contentUrl":"https:\/\/lowex-bestand.de\/wp-content\/uploads\/2022\/02\/cropped-Header_Logos_neu_3.png","width":1999,"height":160,"caption":"LowEx-Bestand"},"image":{"@id":"https:\/\/lowex-bestand.de\/#\/schema\/logo\/image\/"}}]}},"_links":{"self":[{"href":"https:\/\/lowex-bestand.de\/index.php\/wp-json\/wp\/v2\/pages\/56"}],"collection":[{"href":"https:\/\/lowex-bestand.de\/index.php\/wp-json\/wp\/v2\/pages"}],"about":[{"href":"https:\/\/lowex-bestand.de\/index.php\/wp-json\/wp\/v2\/types\/page"}],"author":[{"embeddable":true,"href":"https:\/\/lowex-bestand.de\/index.php\/wp-json\/wp\/v2\/users\/3"}],"replies":[{"embeddable":true,"href":"https:\/\/lowex-bestand.de\/index.php\/wp-json\/wp\/v2\/comments?post=56"}],"version-history":[{"count":21,"href":"https:\/\/lowex-bestand.de\/index.php\/wp-json\/wp\/v2\/pages\/56\/revisions"}],"predecessor-version":[{"id":1601,"href":"https:\/\/lowex-bestand.de\/index.php\/wp-json\/wp\/v2\/pages\/56\/revisions\/1601"}],"wp:attachment":[{"href":"https:\/\/lowex-bestand.de\/index.php\/wp-json\/wp\/v2\/media?parent=56"}],"curies":[{"name":"wp","href":"https:\/\/api.w.org\/{rel}","templated":true}]}}