{"id":632,"date":"2018-04-17T09:11:09","date_gmt":"2018-04-17T07:11:09","guid":{"rendered":"http:\/\/www.lowex-bestand.de\/?page_id=632"},"modified":"2025-10-30T10:15:42","modified_gmt":"2025-10-30T09:15:42","slug":"lowex-bestand-analyse","status":"publish","type":"page","link":"https:\/\/lowex-bestand.de\/index.php\/lowex-bestand-analyse\/?lang=de","title":{"rendered":"LowEx-Bestand Analyse"},"content":{"rendered":"<p><\/p>\n<h3><span style=\"color: #019682;\"><b>LowEx<\/b><b>-Konzepte f\u00fcr die W\u00e4rmeversorgung von Mehrfamilien-Bestandsgeb\u00e4uden<\/b><\/span><img loading=\"lazy\" decoding=\"async\" class=\"alignright wp-image-1375\" src=\"http:\/\/www.lowex-bestand.de\/wp-content\/uploads\/2022\/02\/BMWK_Fz_2017_Office_Farbe_de.png\" alt=\"\" width=\"200\" height=\"206\" srcset=\"https:\/\/lowex-bestand.de\/wp-content\/uploads\/2022\/02\/BMWK_Fz_2017_Office_Farbe_de.png 1360w, https:\/\/lowex-bestand.de\/wp-content\/uploads\/2022\/02\/BMWK_Fz_2017_Office_Farbe_de-291x300.png 291w, https:\/\/lowex-bestand.de\/wp-content\/uploads\/2022\/02\/BMWK_Fz_2017_Office_Farbe_de-995x1024.png 995w, https:\/\/lowex-bestand.de\/wp-content\/uploads\/2022\/02\/BMWK_Fz_2017_Office_Farbe_de-768x791.png 768w\" sizes=\"(max-width: 200px) 100vw, 200px\" \/><\/h3>\n<p><b>F\u00f6rderkennzeichen<\/b><b>: <\/b>03SBE0001 A\/B\/C<\/p>\n<p><b>Laufzeit<\/b>: 06\/2016 bis 02\/2022<\/p>\n<p><b>Projektpartner:<\/b> INATECH &#8211; Uni Freiburg, Fraunhofer ISE, KIT<\/p>\n<p>&nbsp;<\/p>\n<h4><span style=\"color: #019682;\">Beschreibung<\/span><\/h4>\n<ul>\n<li>\u00dcbergreifendes Forschungsprojekt als wissenschaftliche \u201eQuerspange\u201c aller Arbeiten im thematischen Projektverbund LowEx-Bestand<\/li>\n<li>Sicherstellung von engem Informationsaustausch zwischen den drei S\u00e4ulen\u00a0 \u201eAnalyse\u201c, \u201eTechnologie\u201c und \u201eDemonstration\u201c des Projektverbunds<\/li>\n<\/ul>\n<h4><span style=\"color: #019682;\">Ziele<\/span><\/h4>\n<ul>\n<li>Entwicklung und Demonstration von LowEx-Systemen mit W\u00e4rmepumpen f\u00fcr die Sanierung von Mehrfamilienh\u00e4usern<\/li>\n<li>(Weiter-)Entwicklung von Elektro- und Gas-W\u00e4rmepumpen sowie W\u00e4rme\u00fcbergabe- und L\u00fcftungssystemen<\/li>\n<li>Steigerung der Wirtschaftlichkeit und Beschleunigung der Markteinf\u00fchrung<\/li>\n<li>Signifikanter Beitrag zu CO2-Zielen im Geb\u00e4udebereich<\/li>\n<\/ul>\n<h4><span style=\"color: #019682;\">Arbeitsplan<\/span><\/h4>\n<p><b>AP 1: Analyse Mehrfamilienhaus-Bestand und Sanierungsprozess<br \/>\n<\/b>Systematisierung der Geb\u00e4udetypen, Akteure und Prozesse<\/p>\n<p><b>AP 2: Technologie- und Systementwicklung<br \/>\n<\/b>Neuartige LowEx-Komponenten und -Systeme f\u00fcr sanierte Mehrfamilien-h\u00e4user, Typisierung von Systemkonzepten, Optimierung nach Geb\u00e4udetyp<\/p>\n<p><b>AP 3: Systembewertung<br \/>\n<\/b>Detaillierte Simulation und Ableitung von Empfehlungen<\/p>\n<p><b>AP 4: Demonstration und Monitoring<br \/>\n<\/b>Neuartige LowEx-Systeme f\u00fcr ausgew\u00e4hlte Mehrfamilien-Geb\u00e4ude, umfassende Datenerfassung und Analyse<\/p>\n<p><b>AP 5: Wirtschaftlichkeitsbewertung<br \/>\n<\/b>Ermittlung der kostenoptimalen LowEx-Technologie je nach Sanierungsfall, Analyse der volkswirtschaftlichen Effekte<\/p>\n<p><b><strong>AP 6: IEA-HPP-Annex 50 \u201eHeat Pumps in Multi-Family Buildings\u201c<\/strong><br \/>\n<\/b>Entwicklung von Konzepten zur Nutzung von W\u00e4rmepumpen in sanierten und unsanierten Mehrfamiliengeb\u00e4uden<\/p>\n<p>&nbsp;<\/p>\n<h4><span style=\"color: #019682;\">Downloads<\/span><\/h4>\n<p><a href=\"http:\/\/www.lowex-bestand.de\/wp-content\/uploads\/2022\/02\/Poster_LowEx-Bestand_Analyse.pdf\">Poster_LowEx-Bestand<\/a><\/p>","protected":false},"excerpt":{"rendered":"<p>LowEx-Konzepte f\u00fcr die W\u00e4rmeversorgung von Mehrfamilien-Bestandsgeb\u00e4uden F\u00f6rderkennzeichen: 03SBE0001 A\/B\/C Laufzeit: 06\/2016 bis 02\/2022 Projektpartner: INATECH &#8211; Uni Freiburg, Fraunhofer ISE, KIT &nbsp; Beschreibung \u00dcbergreifendes Forschungsprojekt als wissenschaftliche \u201eQuerspange\u201c aller Arbeiten im thematischen Projektverbund LowEx-Bestand Sicherstellung<\/p>\n","protected":false},"author":3,"featured_media":0,"parent":0,"menu_order":0,"comment_status":"closed","ping_status":"closed","template":"","meta":{"footnotes":""},"yoast_head":"<!-- This site is optimized with the Yoast SEO plugin v23.5 - https:\/\/yoast.com\/wordpress\/plugins\/seo\/ -->\n<title>LowEx-Bestand Analyse - LowEx-Bestand<\/title>\n<meta name=\"robots\" content=\"index, follow, max-snippet:-1, max-image-preview:large, max-video-preview:-1\" \/>\n<link rel=\"canonical\" href=\"https:\/\/lowex-bestand.de\/index.php\/lowex-bestand-analyse\/\" \/>\n<meta property=\"og:locale\" content=\"de_DE\" \/>\n<meta property=\"og:type\" content=\"article\" \/>\n<meta property=\"og:title\" content=\"LowEx-Bestand Analyse - LowEx-Bestand\" \/>\n<meta property=\"og:description\" content=\"LowEx-Konzepte f\u00fcr die W\u00e4rmeversorgung von Mehrfamilien-Bestandsgeb\u00e4uden F\u00f6rderkennzeichen: 03SBE0001 A\/B\/C Laufzeit: 06\/2016 bis 02\/2022 Projektpartner: INATECH &#8211; Uni Freiburg, Fraunhofer ISE, KIT &nbsp; Beschreibung \u00dcbergreifendes Forschungsprojekt als wissenschaftliche \u201eQuerspange\u201c aller Arbeiten im thematischen Projektverbund LowEx-Bestand Sicherstellung\" \/>\n<meta property=\"og:url\" content=\"https:\/\/lowex-bestand.de\/index.php\/lowex-bestand-analyse\/\" \/>\n<meta property=\"og:site_name\" content=\"LowEx-Bestand\" \/>\n<meta property=\"article:modified_time\" content=\"2025-10-30T09:15:42+00:00\" \/>\n<meta property=\"og:image\" content=\"http:\/\/www.lowex-bestand.de\/wp-content\/uploads\/2022\/02\/BMWK_Fz_2017_Office_Farbe_de.png\" \/>\n<meta name=\"twitter:card\" content=\"summary_large_image\" \/>\n<meta name=\"twitter:label1\" content=\"Gesch\u00e4tzte Lesezeit\" \/>\n\t<meta name=\"twitter:data1\" content=\"2\u00a0Minuten\" \/>\n<script type=\"application\/ld+json\" class=\"yoast-schema-graph\">{\"@context\":\"https:\/\/schema.org\",\"@graph\":[{\"@type\":\"WebPage\",\"@id\":\"https:\/\/lowex-bestand.de\/index.php\/lowex-bestand-analyse\/\",\"url\":\"https:\/\/lowex-bestand.de\/index.php\/lowex-bestand-analyse\/\",\"name\":\"LowEx-Bestand Analyse - LowEx-Bestand\",\"isPartOf\":{\"@id\":\"https:\/\/lowex-bestand.de\/#website\"},\"primaryImageOfPage\":{\"@id\":\"https:\/\/lowex-bestand.de\/index.php\/lowex-bestand-analyse\/#primaryimage\"},\"image\":{\"@id\":\"https:\/\/lowex-bestand.de\/index.php\/lowex-bestand-analyse\/#primaryimage\"},\"thumbnailUrl\":\"http:\/\/www.lowex-bestand.de\/wp-content\/uploads\/2022\/02\/BMWK_Fz_2017_Office_Farbe_de.png\",\"datePublished\":\"2018-04-17T07:11:09+00:00\",\"dateModified\":\"2025-10-30T09:15:42+00:00\",\"breadcrumb\":{\"@id\":\"https:\/\/lowex-bestand.de\/index.php\/lowex-bestand-analyse\/#breadcrumb\"},\"inLanguage\":\"de\",\"potentialAction\":[{\"@type\":\"ReadAction\",\"target\":[\"https:\/\/lowex-bestand.de\/index.php\/lowex-bestand-analyse\/\"]}]},{\"@type\":\"ImageObject\",\"inLanguage\":\"de\",\"@id\":\"https:\/\/lowex-bestand.de\/index.php\/lowex-bestand-analyse\/#primaryimage\",\"url\":\"http:\/\/www.lowex-bestand.de\/wp-content\/uploads\/2022\/02\/BMWK_Fz_2017_Office_Farbe_de.png\",\"contentUrl\":\"http:\/\/www.lowex-bestand.de\/wp-content\/uploads\/2022\/02\/BMWK_Fz_2017_Office_Farbe_de.png\"},{\"@type\":\"BreadcrumbList\",\"@id\":\"https:\/\/lowex-bestand.de\/index.php\/lowex-bestand-analyse\/#breadcrumb\",\"itemListElement\":[{\"@type\":\"ListItem\",\"position\":1,\"name\":\"Startseite\",\"item\":\"https:\/\/lowex-bestand.de\/\"},{\"@type\":\"ListItem\",\"position\":2,\"name\":\"LowEx-Bestand Analyse\"}]},{\"@type\":\"WebSite\",\"@id\":\"https:\/\/lowex-bestand.de\/#website\",\"url\":\"https:\/\/lowex-bestand.de\/\",\"name\":\"LowEx-Bestand\",\"description\":\"Mehrfamilienh\u00e4user nachhaltig beheizen  - Projekt von Forschung, Heiztechnik-Herstellern und Wohnungswirtschaft\",\"publisher\":{\"@id\":\"https:\/\/lowex-bestand.de\/#organization\"},\"potentialAction\":[{\"@type\":\"SearchAction\",\"target\":{\"@type\":\"EntryPoint\",\"urlTemplate\":\"https:\/\/lowex-bestand.de\/?s={search_term_string}\"},\"query-input\":{\"@type\":\"PropertyValueSpecification\",\"valueRequired\":true,\"valueName\":\"search_term_string\"}}],\"inLanguage\":\"de\"},{\"@type\":\"Organization\",\"@id\":\"https:\/\/lowex-bestand.de\/#organization\",\"name\":\"LowEx-Bestand\",\"url\":\"https:\/\/lowex-bestand.de\/\",\"logo\":{\"@type\":\"ImageObject\",\"inLanguage\":\"de\",\"@id\":\"https:\/\/lowex-bestand.de\/#\/schema\/logo\/image\/\",\"url\":\"https:\/\/lowex-bestand.de\/wp-content\/uploads\/2022\/02\/cropped-Header_Logos_neu_3.png\",\"contentUrl\":\"https:\/\/lowex-bestand.de\/wp-content\/uploads\/2022\/02\/cropped-Header_Logos_neu_3.png\",\"width\":1999,\"height\":160,\"caption\":\"LowEx-Bestand\"},\"image\":{\"@id\":\"https:\/\/lowex-bestand.de\/#\/schema\/logo\/image\/\"}}]}<\/script>\n<!-- \/ Yoast SEO plugin. -->","yoast_head_json":{"title":"LowEx-Bestand Analyse - LowEx-Bestand","robots":{"index":"index","follow":"follow","max-snippet":"max-snippet:-1","max-image-preview":"max-image-preview:large","max-video-preview":"max-video-preview:-1"},"canonical":"https:\/\/lowex-bestand.de\/index.php\/lowex-bestand-analyse\/","og_locale":"de_DE","og_type":"article","og_title":"LowEx-Bestand Analyse - LowEx-Bestand","og_description":"LowEx-Konzepte f\u00fcr die W\u00e4rmeversorgung von Mehrfamilien-Bestandsgeb\u00e4uden F\u00f6rderkennzeichen: 03SBE0001 A\/B\/C Laufzeit: 06\/2016 bis 02\/2022 Projektpartner: INATECH &#8211; Uni Freiburg, Fraunhofer ISE, KIT &nbsp; Beschreibung \u00dcbergreifendes Forschungsprojekt als wissenschaftliche \u201eQuerspange\u201c aller Arbeiten im thematischen Projektverbund LowEx-Bestand Sicherstellung","og_url":"https:\/\/lowex-bestand.de\/index.php\/lowex-bestand-analyse\/","og_site_name":"LowEx-Bestand","article_modified_time":"2025-10-30T09:15:42+00:00","og_image":[{"url":"http:\/\/www.lowex-bestand.de\/wp-content\/uploads\/2022\/02\/BMWK_Fz_2017_Office_Farbe_de.png"}],"twitter_card":"summary_large_image","twitter_misc":{"Gesch\u00e4tzte Lesezeit":"2\u00a0Minuten"},"schema":{"@context":"https:\/\/schema.org","@graph":[{"@type":"WebPage","@id":"https:\/\/lowex-bestand.de\/index.php\/lowex-bestand-analyse\/","url":"https:\/\/lowex-bestand.de\/index.php\/lowex-bestand-analyse\/","name":"LowEx-Bestand Analyse - LowEx-Bestand","isPartOf":{"@id":"https:\/\/lowex-bestand.de\/#website"},"primaryImageOfPage":{"@id":"https:\/\/lowex-bestand.de\/index.php\/lowex-bestand-analyse\/#primaryimage"},"image":{"@id":"https:\/\/lowex-bestand.de\/index.php\/lowex-bestand-analyse\/#primaryimage"},"thumbnailUrl":"http:\/\/www.lowex-bestand.de\/wp-content\/uploads\/2022\/02\/BMWK_Fz_2017_Office_Farbe_de.png","datePublished":"2018-04-17T07:11:09+00:00","dateModified":"2025-10-30T09:15:42+00:00","breadcrumb":{"@id":"https:\/\/lowex-bestand.de\/index.php\/lowex-bestand-analyse\/#breadcrumb"},"inLanguage":"de","potentialAction":[{"@type":"ReadAction","target":["https:\/\/lowex-bestand.de\/index.php\/lowex-bestand-analyse\/"]}]},{"@type":"ImageObject","inLanguage":"de","@id":"https:\/\/lowex-bestand.de\/index.php\/lowex-bestand-analyse\/#primaryimage","url":"http:\/\/www.lowex-bestand.de\/wp-content\/uploads\/2022\/02\/BMWK_Fz_2017_Office_Farbe_de.png","contentUrl":"http:\/\/www.lowex-bestand.de\/wp-content\/uploads\/2022\/02\/BMWK_Fz_2017_Office_Farbe_de.png"},{"@type":"BreadcrumbList","@id":"https:\/\/lowex-bestand.de\/index.php\/lowex-bestand-analyse\/#breadcrumb","itemListElement":[{"@type":"ListItem","position":1,"name":"Startseite","item":"https:\/\/lowex-bestand.de\/"},{"@type":"ListItem","position":2,"name":"LowEx-Bestand Analyse"}]},{"@type":"WebSite","@id":"https:\/\/lowex-bestand.de\/#website","url":"https:\/\/lowex-bestand.de\/","name":"LowEx-Bestand","description":"Mehrfamilienh\u00e4user nachhaltig beheizen  - Projekt von Forschung, Heiztechnik-Herstellern und Wohnungswirtschaft","publisher":{"@id":"https:\/\/lowex-bestand.de\/#organization"},"potentialAction":[{"@type":"SearchAction","target":{"@type":"EntryPoint","urlTemplate":"https:\/\/lowex-bestand.de\/?s={search_term_string}"},"query-input":{"@type":"PropertyValueSpecification","valueRequired":true,"valueName":"search_term_string"}}],"inLanguage":"de"},{"@type":"Organization","@id":"https:\/\/lowex-bestand.de\/#organization","name":"LowEx-Bestand","url":"https:\/\/lowex-bestand.de\/","logo":{"@type":"ImageObject","inLanguage":"de","@id":"https:\/\/lowex-bestand.de\/#\/schema\/logo\/image\/","url":"https:\/\/lowex-bestand.de\/wp-content\/uploads\/2022\/02\/cropped-Header_Logos_neu_3.png","contentUrl":"https:\/\/lowex-bestand.de\/wp-content\/uploads\/2022\/02\/cropped-Header_Logos_neu_3.png","width":1999,"height":160,"caption":"LowEx-Bestand"},"image":{"@id":"https:\/\/lowex-bestand.de\/#\/schema\/logo\/image\/"}}]}},"_links":{"self":[{"href":"https:\/\/lowex-bestand.de\/index.php\/wp-json\/wp\/v2\/pages\/632"}],"collection":[{"href":"https:\/\/lowex-bestand.de\/index.php\/wp-json\/wp\/v2\/pages"}],"about":[{"href":"https:\/\/lowex-bestand.de\/index.php\/wp-json\/wp\/v2\/types\/page"}],"author":[{"embeddable":true,"href":"https:\/\/lowex-bestand.de\/index.php\/wp-json\/wp\/v2\/users\/3"}],"replies":[{"embeddable":true,"href":"https:\/\/lowex-bestand.de\/index.php\/wp-json\/wp\/v2\/comments?post=632"}],"version-history":[{"count":32,"href":"https:\/\/lowex-bestand.de\/index.php\/wp-json\/wp\/v2\/pages\/632\/revisions"}],"predecessor-version":[{"id":1594,"href":"https:\/\/lowex-bestand.de\/index.php\/wp-json\/wp\/v2\/pages\/632\/revisions\/1594"}],"wp:attachment":[{"href":"https:\/\/lowex-bestand.de\/index.php\/wp-json\/wp\/v2\/media?parent=632"}],"curies":[{"name":"wp","href":"https:\/\/api.w.org\/{rel}","templated":true}]}}