{"id":707,"date":"2018-05-30T15:11:43","date_gmt":"2018-05-30T13:11:43","guid":{"rendered":"http:\/\/www.lowex-bestand.de\/?page_id=707"},"modified":"2025-10-30T10:23:58","modified_gmt":"2025-10-30T09:23:58","slug":"datenschutzerklaerung","status":"publish","type":"page","link":"https:\/\/lowex-bestand.de\/index.php\/datenschutzerklaerung\/?lang=de","title":{"rendered":"Datenschutz"},"content":{"rendered":"<p><span lang=\"DE\">Der Websitebetreiber nimmt Ihren Datenschutz sehr ernst und behandelt Ihre personenbezogenen Daten vertraulich und entsprechend der gesetzlichen Vorschriften. Da durch neue Technologien und die st\u00e4ndige Weiterentwicklung dieser Webseite \u00c4nderungen an dieser Datenschutzerkl\u00e4rung vorgenommen werden k\u00f6nnen, empfehlen wir Ihnen sich die Datenschutzerkl\u00e4rung in regelm\u00e4\u00dfigen Abst\u00e4nden wieder durchzulese<\/span><span lang=\"DE\" style=\"font-size: 11.0pt; font-family: 'Arial',sans-serif;\">n.<br \/>\n<\/span><\/p>\n<h3>Welche personenbezogenen Daten wir sammeln und warum wir sie sammeln<\/h3>\n<h4>Zugriffsdaten<\/h4>\n<p>Bei Besuch unserer Webseiten speichern die Webserver unserer Website tempor\u00e4r jeden Zugriff Ihres Endger\u00e4tes in einer Protokolldatei (Server-Logfiles). Folgende Daten werden so protokolliert:<\/p>\n<ul>\n<li>Datum und Uhrzeit des Zugriffes<\/li>\n<li><span class=\"bulletpointlist\">Name und URL der abgerufenen Daten<\/span><\/li>\n<li>Menge der gesendeten Daten in Byte<\/li>\n<li>Quelle\/Verweis, von welchem Sie auf die Seite gelangten<\/li>\n<li>Verwendeter Browser und Betriebssystem<\/li>\n<li>IP-Adresse <span class=\"bulletpointlist\">des anfragenden Rechners<\/span><\/li>\n<\/ul>\n<p>Die Verarbeitung dieser Daten erfolgt zu folgenden Zwecken:<\/p>\n<ul>\n<li>Erm\u00f6glichung der Nutzung der Webseite (Verbindungsaufbau)<\/li>\n<li>Administration der Netzinfrastruktur<\/li>\n<li>Angemessene technisch-organisatorische Ma\u00dfnahmen zur IT-System- und Informationssicherheit unter Ber\u00fccksichtigung des Stands der Technik<\/li>\n<li>Fehleranalyse und Gefahrenabwehr<\/li>\n<li>Gew\u00e4hrleistung der Nutzerfreundlichkeit der Nutzung<\/li>\n<li>Optimierung des Internetangebots<\/li>\n<\/ul>\n<p>Rechtsgrundlage f\u00fcr die Datenverarbeitung ist Art. 6 Abs. 1 lit. f. DSGVO (<span class=\"bulletpointlist\">berechtigte Interessen zur Datenverarbeitung f\u00fcr die Netz- und Informationssicherheit).<\/span><\/p>\n<p>Die Server-Logfiles werden f\u00fcr maximal 7 Tage gespeichert und anschlie\u00dfend gel\u00f6scht. Die Speicherung der Daten erfolgt aus Sicherheitsgr\u00fcnden, um z. B. Missbrauchsf\u00e4lle aufkl\u00e4ren zu k\u00f6nnen. M\u00fcssen Daten aus Beweisgr\u00fcnden aufgehoben werden, sind sie solange von der L\u00f6schung ausgenommen bis der Vorfall endg\u00fcltig gekl\u00e4rt ist.<\/p>\n<h4>Cookies<\/h4>\n<p>Wir setzen auf unserer Seite Cookies ein. Hierbei handelt es sich um kleine Dateien, die Ihr Browser automatisch erstellt und die auf Ihrem Endger\u00e4t (Laptop, Tablet, Smartphone o.\u00e4.) gespeichert werden, wenn Sie unsere Seite besuchen. Die durch Cookies verarbeiteten Daten sind f\u00fcr Wahrung unserer berechtigten Interessen sowie der Dritter nach Art. 6 Abs. 1 S. 1 lit. f DSGVO erforderlich.<\/p>\n<p>Wenn Sie einen Kommentar auf unserer Website schreiben, kann das eine Einwilligung sein, Ihren Namen, E-Mail-Adresse und Website in Cookies zu speichern. Dies ist eine Komfortfunktion, damit Sie nicht, wenn Sie einen weiteren Kommentar schreiben, all diese Daten erneut eingeben m\u00fcssen. Diese Cookies werden ein Jahr lang gespeichert.<\/p>\n<p>Falls Sie ein Konto haben und sich auf dieser Website anmelden, werden wir ein tempor\u00e4res Cookie setzen, um festzustellen, ob Ihr Browser Cookies akzeptiert. Dieses Cookie enth\u00e4lt keine personenbezogenen Daten und wird verworfen, wenn Sie deinen Browser schlie\u00dfen.<\/p>\n<p>Wenn Sie sich anmelden, werden wir einige Cookies einrichten, um Ihre Anmeldeinformationen und Anzeigeoptionen zu speichern. Anmelde-Cookies verfallen nach zwei Tagen und Cookies f\u00fcr die Anzeigeoptionen nach einem Jahr. Falls Sie bei der Anmeldung \u201eAngemeldet bleiben\u201c ausw\u00e4hlen, wird Ihre Anmeldung zwei Wochen lang aufrechterhalten. Mit der Abmeldung aus Ihrem Konto werden die Anmelde-Cookies gel\u00f6scht.<\/p>\n<p>Wenn Sie einen Artikel bearbeiten oder ver\u00f6ffentlichen, wird ein zus\u00e4tzlicher Cookie in Ihrem Browser gespeichert. Dieser Cookie enth\u00e4lt keine personenbezogenen Daten und verweist nur auf die Beitrags-ID des Artikels, den Sie gerade bearbeitet haben. Der Cookie verf\u00e4llt nach einem Tag.<\/p>\n<h4>Eingebettete Inhalte von anderen Websites<\/h4>\n<p>Beitr\u00e4ge auf dieser Website k\u00f6nnen eingebettete Inhalte beinhalten (z.\u00a0B. Videos, Bilder, Beitr\u00e4ge etc.). Eingebettete Inhalte von anderen Websites verhalten sich exakt so, als ob der Besucher die andere Website besucht h\u00e4tte.<\/p>\n<p>Diese Websites k\u00f6nnen Daten von Ihnen sammeln, Cookies benutzen, zus\u00e4tzliche Tracking-Dienste von Dritten einbetten und Ihre Interaktion mit diesem eingebetteten Inhalt aufzeichnen, inklusive Ihrer Interaktion mit dem eingebetteten Inhalt, falls Sie ein Konto haben und auf dieser Website angemeldet sind.<\/p>\n<h4>Kommentare<\/h4>\n<p>Wenn Besucher Kommentare auf der Website schreiben, sammeln wir die Daten, die im Kommentar-Formular angezeigt werden, au\u00dferdem die IP-Adresse des Besuchers und den User-Agent-String (damit wird der Browser identifiziert), um die Erkennung von Spam zu unterst\u00fctzen.<\/p>\n<p>Aus Ihrer E-Mail-Adresse kann eine anonymisierte Zeichenfolge erstellt (auch Hash genannt) und dem Gravatar-Dienst \u00fcbergeben werden, um zu pr\u00fcfen, ob Sie diesen benutzen. Die Datenschutzerkl\u00e4rung des Gravatar-Dienstes finden Sie hier: https:\/\/automattic.com\/privacy\/. Nachdem Ihr Kommentar freigegeben wurde, ist Ihr Profilbild \u00f6ffentlich im Kontext deines Kommentars sichtbar.<\/p>\n<h4>Medien<\/h4>\n<p>Wenn Sie ein registrierter Benutzer sind und Fotos auf diese Website laden, sollten Sie vermeiden, Fotos mit einem EXIF-GPS-Standort hochzuladen. Besucher dieser Website k\u00f6nnten Fotos, die auf dieser Website gespeichert sind, herunterladen und deren Standort-Informationen extrahieren.<\/p>\n<h3>Wie lange wir Ihre Daten speichern<\/h3>\n<p>Wenn Sie einen Kommentar schreiben, wird dieser inklusive Metadaten zeitlich unbegrenzt gespeichert. Auf diese Art k\u00f6nnen wir Folgekommentare automatisch erkennen und freigeben, anstelle sie in einer Moderations-Warteschlange festzuhalten.<\/p>\n<p>F\u00fcr Benutzer, die sich auf unserer Website registrieren, speichern wir zus\u00e4tzlich die pers\u00f6nlichen Informationen, die sie in ihren Benutzerprofilen angeben. Alle Benutzer k\u00f6nnen jederzeit ihre pers\u00f6nlichen Informationen einsehen, ver\u00e4ndern oder l\u00f6schen (der Benutzername kann nicht ver\u00e4ndert werden). Administratoren der Website k\u00f6nnen diese Informationen ebenfalls einsehen und ver\u00e4ndern.<\/p>\n<h3>Welche Rechte Sie an Ihren Daten haben<\/h3>\n<p>Nach Ma\u00dfgabe der gesetzlichen Vorschriften haben Sie als Betroffener das Recht, jederzeit unentgeltlich Auskunft \u00fcber Ihre gespeicherten Daten zu erhalten.<\/p>\n<p>Dar\u00fcber hinaus k\u00f6nnen Sie Ihre Rechte auf Berichtigung, L\u00f6schung oder Einschr\u00e4nkung der Verarbeitung oder das Recht auf Widerspruch jederzeit geltend machen.<\/p>\n<p>Dies gilt auch f\u00fcr ein Recht auf Daten\u00fcbertragbarkeit. Sollten Sie uns Ihre personenbezogenen Daten auf Basis einer Einwilligung zur Verf\u00fcgung gestellt haben, k\u00f6nnten Sie die Einwilligung jederzeit f\u00fcr die Zukunft widerrufen.<\/p>\n<p>&nbsp;<\/p>\n<h1>Impressum<\/h1>\n<p><strong>Institut f\u00fcr Nachhaltige Technische Systeme &#8211; INATECH<\/strong><img loading=\"lazy\" decoding=\"async\" class=\" wp-image-639 alignright\" src=\"http:\/\/www.lowex-bestand.de\/wp-content\/uploads\/2018\/04\/Logo_nur_INATECH_Farbe.jpg\" alt=\"\" width=\"209\" height=\"89\" srcset=\"https:\/\/lowex-bestand.de\/wp-content\/uploads\/2018\/04\/Logo_nur_INATECH_Farbe.jpg 966w, https:\/\/lowex-bestand.de\/wp-content\/uploads\/2018\/04\/Logo_nur_INATECH_Farbe-300x128.jpg 300w, https:\/\/lowex-bestand.de\/wp-content\/uploads\/2018\/04\/Logo_nur_INATECH_Farbe-768x327.jpg 768w\" sizes=\"(max-width: 209px) 100vw, 209px\" \/><br \/>\nAlbert-Ludwigs-Universit\u00e4t Freiburg, Technische Fakult\u00e4t<br \/>\nEmmy-Noether-Stra\u00dfe 2, 79110 Freiburg<br \/>\nWeb: <a href=\"http:\/\/www.inatech.uni-freiburg.de\/\" target=\"_blank\" rel=\"noopener noreferrer\">www.inatech.uni-freiburg.de<\/a><\/p>\n<p>&nbsp;<\/p>\n<h3>Redaktionelle Umsetzung<\/h3>\n<p><strong>Beatrice Rodenb\u00fccher, M.Sc.<\/strong><br \/>\nWissenschaftliche Mitarbeiterin<br \/>\nProfessur f\u00fcr Solare Energiesysteme | Hans-Martin Henning<br \/>\nInstitut f\u00fcr Nachhaltige Technische Systeme &#8211; INATECH<\/p>\n<p>Albert-Ludwigs-Universit\u00e4t Freiburg, Technische Fakult\u00e4t<br \/>\nSolar Info Center, 2. OG Nord, Raum F 346<br \/>\nEmmy-Noether-Stra\u00dfe 2, 79110 Freiburg<br \/>\nTel.:\u00a0\u00a0\u00a0\u00a0\u00a0\u00a0\u00a0\u00a0 +49\u00a0761 203 54193<br \/>\nE-Mail: \u00a0\u00a0\u00a0 &#x62;&#x65;&#x61;&#x74;&#114;&#105;&#99;e&#46;&#x72;&#x6f;&#x64;&#x65;&#x6e;&#98;&#117;&#101;ch&#x65;&#x72;&#x40;&#x69;&#x6e;&#97;&#116;&#101;ch&#x2e;&#x75;&#x6e;&#x69;&#x2d;&#102;&#114;&#101;ib&#x75;&#x72;&#x67;&#x2e;&#x64;&#101;<\/p>\n<p>&nbsp;<\/p>\n<h3><strong>Inhaltliche Verantwortung<br \/>\n<\/strong><\/h3>\n<p><strong>Dr. Andreas Velte-Sch\u00e4fer<\/strong><\/p>\n<p>Leitung Gruppe Nachhaltige Geb\u00e4udeenergietechnik<br \/>\nProfessur f\u00fcr Solare Energiesysteme | Hans-Martin Henning<br \/>\nInstitut f\u00fcr Nachhaltige Technische Systeme &#8211; INATECH<\/p>\n<p>Albert-Ludwigs-Universit\u00e4t Freiburg, Technische Fakult\u00e4t<br \/>\nSolar Info Center, 2. OG Nord, Raum F 346<br \/>\nEmmy-Noether-Stra\u00dfe 2, 79110 Freiburg<br \/>\nTel.:\u00a0\u00a0\u00a0\u00a0\u00a0\u00a0\u00a0\u00a0 +49\u00a0761 203 54191<br \/>\nE-Mail:\u00a0 \u00a0 \u00a0&#x61;&#110;&#x64;&#114;&#x65;&#x61;s&#x2e;&#118;&#x65;&#108;&#x74;&#101;&#64;&#x69;&#110;&#x61;&#116;&#x65;&#99;h&#x2e;&#117;&#x6e;&#105;&#x2d;&#102;r&#x65;i&#x62;&#117;&#x72;&#103;&#46;&#x64;e<\/p>\n<p>&nbsp;<\/p>\n<h3>Haftungsausschluss<\/h3>\n<h4><strong>Inhalt der eigenen Seiten<\/strong><\/h4>\n<p>Wir haben die Internet-Seiten sorgf\u00e4ltig zusammengestellt. Allerdings \u00fcbernehmen wir keine Gew\u00e4hr oder Haftung f\u00fcr die Aktualit\u00e4t, Vollst\u00e4ndigkeit und Richtigkeit der angebotenen Informationen.<\/p>\n<h4><strong>Links auf externe Web-Seiten<\/strong><\/h4>\n<p>Die Internet-Seiten des Projektverbunds LowEx-Bestand enthalten Links auf die Web-Seiten Dritter. Diese Links auf die Web-Seiten Dritter stellen keine Zustimmung zu deren Inhalt dar. Wir haben keinen Einfluss auf die aktuelle oder zuk\u00fcnftige Gestaltung dieser Seiten. Wir \u00fcbernehmen daher keine Haftung f\u00fcr die Verf\u00fcgbarkeit oder den Inhalt solcher Web-Seiten und keine Haftung f\u00fcr Sch\u00e4den, die aus der Nutzung solcher Inhalte entstehen.<\/p>\n<p>&nbsp;<\/p>\n<h3>Urheberrecht<\/h3>\n<p>Alle auf dieser Website ver\u00f6ffentlichten Inhalte (Layout, Texte, Bilder, Grafiken usw.) unterliegen dem Urheberrecht. Jede vom Urheberrechtsgesetz nicht zugelassene Verwertung bedarf vorheriger ausdr\u00fccklicher Zustimmung der Website-Verantwortlichen. Dies gilt insbesondere f\u00fcr Vervielf\u00e4ltigung, Bearbeitung, \u00dcbersetzung, Einspeicherung, Verarbeitung bzw. Wiedergabe von Inhalten in Datenbanken oder anderen elektronischen Medien und Systemen. Fotokopien und Downloads von Web-Seiten f\u00fcr den privaten, wissenschaftlichen und nicht kommerziellen Gebrauch d\u00fcrfen hergestellt werden.<\/p>\n<p>Wir erlauben ausdr\u00fccklich und begr\u00fc\u00dfen das Zitieren unserer Dokumente und Webseiten sowie das Setzen von Links auf unsere Website.<\/p>","protected":false},"excerpt":{"rendered":"<p>Der Websitebetreiber nimmt Ihren Datenschutz sehr ernst und behandelt Ihre personenbezogenen Daten vertraulich und entsprechend der gesetzlichen Vorschriften. Da durch neue Technologien und die st\u00e4ndige Weiterentwicklung dieser Webseite \u00c4nderungen an dieser Datenschutzerkl\u00e4rung vorgenommen werden k\u00f6nnen,<\/p>\n","protected":false},"author":3,"featured_media":0,"parent":0,"menu_order":0,"comment_status":"closed","ping_status":"closed","template":"","meta":{"footnotes":""},"yoast_head":"<!-- This site is optimized with the Yoast SEO plugin v23.5 - https:\/\/yoast.com\/wordpress\/plugins\/seo\/ -->\n<title>Datenschutz - LowEx-Bestand<\/title>\n<meta name=\"robots\" content=\"index, follow, max-snippet:-1, max-image-preview:large, max-video-preview:-1\" \/>\n<link rel=\"canonical\" href=\"https:\/\/lowex-bestand.de\/index.php\/datenschutzerklaerung\/\" \/>\n<meta property=\"og:locale\" content=\"de_DE\" \/>\n<meta property=\"og:type\" content=\"article\" \/>\n<meta property=\"og:title\" content=\"Datenschutz - LowEx-Bestand\" \/>\n<meta property=\"og:description\" content=\"Der Websitebetreiber nimmt Ihren Datenschutz sehr ernst und behandelt Ihre personenbezogenen Daten vertraulich und entsprechend der gesetzlichen Vorschriften. Da durch neue Technologien und die st\u00e4ndige Weiterentwicklung dieser Webseite \u00c4nderungen an dieser Datenschutzerkl\u00e4rung vorgenommen werden k\u00f6nnen,\" \/>\n<meta property=\"og:url\" content=\"https:\/\/lowex-bestand.de\/index.php\/datenschutzerklaerung\/\" \/>\n<meta property=\"og:site_name\" content=\"LowEx-Bestand\" \/>\n<meta property=\"article:modified_time\" content=\"2025-10-30T09:23:58+00:00\" \/>\n<meta property=\"og:image\" content=\"http:\/\/www.lowex-bestand.de\/wp-content\/uploads\/2018\/04\/Logo_nur_INATECH_Farbe.jpg\" \/>\n<meta name=\"twitter:card\" content=\"summary_large_image\" \/>\n<meta name=\"twitter:label1\" content=\"Gesch\u00e4tzte Lesezeit\" \/>\n\t<meta name=\"twitter:data1\" content=\"7\u00a0Minuten\" \/>\n<script type=\"application\/ld+json\" class=\"yoast-schema-graph\">{\"@context\":\"https:\/\/schema.org\",\"@graph\":[{\"@type\":\"WebPage\",\"@id\":\"https:\/\/lowex-bestand.de\/index.php\/datenschutzerklaerung\/\",\"url\":\"https:\/\/lowex-bestand.de\/index.php\/datenschutzerklaerung\/\",\"name\":\"Datenschutz - LowEx-Bestand\",\"isPartOf\":{\"@id\":\"https:\/\/lowex-bestand.de\/#website\"},\"primaryImageOfPage\":{\"@id\":\"https:\/\/lowex-bestand.de\/index.php\/datenschutzerklaerung\/#primaryimage\"},\"image\":{\"@id\":\"https:\/\/lowex-bestand.de\/index.php\/datenschutzerklaerung\/#primaryimage\"},\"thumbnailUrl\":\"http:\/\/www.lowex-bestand.de\/wp-content\/uploads\/2018\/04\/Logo_nur_INATECH_Farbe.jpg\",\"datePublished\":\"2018-05-30T13:11:43+00:00\",\"dateModified\":\"2025-10-30T09:23:58+00:00\",\"breadcrumb\":{\"@id\":\"https:\/\/lowex-bestand.de\/index.php\/datenschutzerklaerung\/#breadcrumb\"},\"inLanguage\":\"de\",\"potentialAction\":[{\"@type\":\"ReadAction\",\"target\":[\"https:\/\/lowex-bestand.de\/index.php\/datenschutzerklaerung\/\"]}]},{\"@type\":\"ImageObject\",\"inLanguage\":\"de\",\"@id\":\"https:\/\/lowex-bestand.de\/index.php\/datenschutzerklaerung\/#primaryimage\",\"url\":\"http:\/\/www.lowex-bestand.de\/wp-content\/uploads\/2018\/04\/Logo_nur_INATECH_Farbe.jpg\",\"contentUrl\":\"http:\/\/www.lowex-bestand.de\/wp-content\/uploads\/2018\/04\/Logo_nur_INATECH_Farbe.jpg\"},{\"@type\":\"BreadcrumbList\",\"@id\":\"https:\/\/lowex-bestand.de\/index.php\/datenschutzerklaerung\/#breadcrumb\",\"itemListElement\":[{\"@type\":\"ListItem\",\"position\":1,\"name\":\"Startseite\",\"item\":\"https:\/\/lowex-bestand.de\/\"},{\"@type\":\"ListItem\",\"position\":2,\"name\":\"Datenschutz\"}]},{\"@type\":\"WebSite\",\"@id\":\"https:\/\/lowex-bestand.de\/#website\",\"url\":\"https:\/\/lowex-bestand.de\/\",\"name\":\"LowEx-Bestand\",\"description\":\"Mehrfamilienh\u00e4user nachhaltig beheizen  - Projekt von Forschung, Heiztechnik-Herstellern und Wohnungswirtschaft\",\"publisher\":{\"@id\":\"https:\/\/lowex-bestand.de\/#organization\"},\"potentialAction\":[{\"@type\":\"SearchAction\",\"target\":{\"@type\":\"EntryPoint\",\"urlTemplate\":\"https:\/\/lowex-bestand.de\/?s={search_term_string}\"},\"query-input\":{\"@type\":\"PropertyValueSpecification\",\"valueRequired\":true,\"valueName\":\"search_term_string\"}}],\"inLanguage\":\"de\"},{\"@type\":\"Organization\",\"@id\":\"https:\/\/lowex-bestand.de\/#organization\",\"name\":\"LowEx-Bestand\",\"url\":\"https:\/\/lowex-bestand.de\/\",\"logo\":{\"@type\":\"ImageObject\",\"inLanguage\":\"de\",\"@id\":\"https:\/\/lowex-bestand.de\/#\/schema\/logo\/image\/\",\"url\":\"https:\/\/lowex-bestand.de\/wp-content\/uploads\/2022\/02\/cropped-Header_Logos_neu_3.png\",\"contentUrl\":\"https:\/\/lowex-bestand.de\/wp-content\/uploads\/2022\/02\/cropped-Header_Logos_neu_3.png\",\"width\":1999,\"height\":160,\"caption\":\"LowEx-Bestand\"},\"image\":{\"@id\":\"https:\/\/lowex-bestand.de\/#\/schema\/logo\/image\/\"}}]}<\/script>\n<!-- \/ Yoast SEO plugin. -->","yoast_head_json":{"title":"Datenschutz - LowEx-Bestand","robots":{"index":"index","follow":"follow","max-snippet":"max-snippet:-1","max-image-preview":"max-image-preview:large","max-video-preview":"max-video-preview:-1"},"canonical":"https:\/\/lowex-bestand.de\/index.php\/datenschutzerklaerung\/","og_locale":"de_DE","og_type":"article","og_title":"Datenschutz - LowEx-Bestand","og_description":"Der Websitebetreiber nimmt Ihren Datenschutz sehr ernst und behandelt Ihre personenbezogenen Daten vertraulich und entsprechend der gesetzlichen Vorschriften. Da durch neue Technologien und die st\u00e4ndige Weiterentwicklung dieser Webseite \u00c4nderungen an dieser Datenschutzerkl\u00e4rung vorgenommen werden k\u00f6nnen,","og_url":"https:\/\/lowex-bestand.de\/index.php\/datenschutzerklaerung\/","og_site_name":"LowEx-Bestand","article_modified_time":"2025-10-30T09:23:58+00:00","og_image":[{"url":"http:\/\/www.lowex-bestand.de\/wp-content\/uploads\/2018\/04\/Logo_nur_INATECH_Farbe.jpg"}],"twitter_card":"summary_large_image","twitter_misc":{"Gesch\u00e4tzte Lesezeit":"7\u00a0Minuten"},"schema":{"@context":"https:\/\/schema.org","@graph":[{"@type":"WebPage","@id":"https:\/\/lowex-bestand.de\/index.php\/datenschutzerklaerung\/","url":"https:\/\/lowex-bestand.de\/index.php\/datenschutzerklaerung\/","name":"Datenschutz - LowEx-Bestand","isPartOf":{"@id":"https:\/\/lowex-bestand.de\/#website"},"primaryImageOfPage":{"@id":"https:\/\/lowex-bestand.de\/index.php\/datenschutzerklaerung\/#primaryimage"},"image":{"@id":"https:\/\/lowex-bestand.de\/index.php\/datenschutzerklaerung\/#primaryimage"},"thumbnailUrl":"http:\/\/www.lowex-bestand.de\/wp-content\/uploads\/2018\/04\/Logo_nur_INATECH_Farbe.jpg","datePublished":"2018-05-30T13:11:43+00:00","dateModified":"2025-10-30T09:23:58+00:00","breadcrumb":{"@id":"https:\/\/lowex-bestand.de\/index.php\/datenschutzerklaerung\/#breadcrumb"},"inLanguage":"de","potentialAction":[{"@type":"ReadAction","target":["https:\/\/lowex-bestand.de\/index.php\/datenschutzerklaerung\/"]}]},{"@type":"ImageObject","inLanguage":"de","@id":"https:\/\/lowex-bestand.de\/index.php\/datenschutzerklaerung\/#primaryimage","url":"http:\/\/www.lowex-bestand.de\/wp-content\/uploads\/2018\/04\/Logo_nur_INATECH_Farbe.jpg","contentUrl":"http:\/\/www.lowex-bestand.de\/wp-content\/uploads\/2018\/04\/Logo_nur_INATECH_Farbe.jpg"},{"@type":"BreadcrumbList","@id":"https:\/\/lowex-bestand.de\/index.php\/datenschutzerklaerung\/#breadcrumb","itemListElement":[{"@type":"ListItem","position":1,"name":"Startseite","item":"https:\/\/lowex-bestand.de\/"},{"@type":"ListItem","position":2,"name":"Datenschutz"}]},{"@type":"WebSite","@id":"https:\/\/lowex-bestand.de\/#website","url":"https:\/\/lowex-bestand.de\/","name":"LowEx-Bestand","description":"Mehrfamilienh\u00e4user nachhaltig beheizen  - Projekt von Forschung, Heiztechnik-Herstellern und Wohnungswirtschaft","publisher":{"@id":"https:\/\/lowex-bestand.de\/#organization"},"potentialAction":[{"@type":"SearchAction","target":{"@type":"EntryPoint","urlTemplate":"https:\/\/lowex-bestand.de\/?s={search_term_string}"},"query-input":{"@type":"PropertyValueSpecification","valueRequired":true,"valueName":"search_term_string"}}],"inLanguage":"de"},{"@type":"Organization","@id":"https:\/\/lowex-bestand.de\/#organization","name":"LowEx-Bestand","url":"https:\/\/lowex-bestand.de\/","logo":{"@type":"ImageObject","inLanguage":"de","@id":"https:\/\/lowex-bestand.de\/#\/schema\/logo\/image\/","url":"https:\/\/lowex-bestand.de\/wp-content\/uploads\/2022\/02\/cropped-Header_Logos_neu_3.png","contentUrl":"https:\/\/lowex-bestand.de\/wp-content\/uploads\/2022\/02\/cropped-Header_Logos_neu_3.png","width":1999,"height":160,"caption":"LowEx-Bestand"},"image":{"@id":"https:\/\/lowex-bestand.de\/#\/schema\/logo\/image\/"}}]}},"_links":{"self":[{"href":"https:\/\/lowex-bestand.de\/index.php\/wp-json\/wp\/v2\/pages\/707"}],"collection":[{"href":"https:\/\/lowex-bestand.de\/index.php\/wp-json\/wp\/v2\/pages"}],"about":[{"href":"https:\/\/lowex-bestand.de\/index.php\/wp-json\/wp\/v2\/types\/page"}],"author":[{"embeddable":true,"href":"https:\/\/lowex-bestand.de\/index.php\/wp-json\/wp\/v2\/users\/3"}],"replies":[{"embeddable":true,"href":"https:\/\/lowex-bestand.de\/index.php\/wp-json\/wp\/v2\/comments?post=707"}],"version-history":[{"count":24,"href":"https:\/\/lowex-bestand.de\/index.php\/wp-json\/wp\/v2\/pages\/707\/revisions"}],"predecessor-version":[{"id":1596,"href":"https:\/\/lowex-bestand.de\/index.php\/wp-json\/wp\/v2\/pages\/707\/revisions\/1596"}],"wp:attachment":[{"href":"https:\/\/lowex-bestand.de\/index.php\/wp-json\/wp\/v2\/media?parent=707"}],"curies":[{"name":"wp","href":"https:\/\/api.w.org\/{rel}","templated":true}]}}