{"id":71,"date":"2017-10-17T20:38:24","date_gmt":"2017-10-17T18:38:24","guid":{"rendered":"http:\/\/127.0.0.1:9080\/wordpress\/?page_id=71"},"modified":"2025-11-03T12:51:59","modified_gmt":"2025-11-03T11:51:59","slug":"bestand-htwp-bosch","status":"publish","type":"page","link":"https:\/\/lowex-bestand.de\/index.php\/bestand-htwp-bosch\/?lang=de","title":{"rendered":"HTWP \u2013 Bosch"},"content":{"rendered":"<p><\/p>\n<h3><span style=\"color: #009682;\"><strong>Entwicklung von W\u00e4rmepumpenl\u00f6sungen f\u00fcr Mehrfamilienh\u00e4user<\/strong><\/span><\/h3>\n<h3><img loading=\"lazy\" decoding=\"async\" class=\"wp-image-1375 alignright\" src=\"http:\/\/www.lowex-bestand.de\/wp-content\/uploads\/2022\/02\/BMWK_Fz_2017_Office_Farbe_de.png\" alt=\"\" width=\"200\" height=\"206\" srcset=\"https:\/\/lowex-bestand.de\/wp-content\/uploads\/2022\/02\/BMWK_Fz_2017_Office_Farbe_de.png 1360w, https:\/\/lowex-bestand.de\/wp-content\/uploads\/2022\/02\/BMWK_Fz_2017_Office_Farbe_de-291x300.png 291w, https:\/\/lowex-bestand.de\/wp-content\/uploads\/2022\/02\/BMWK_Fz_2017_Office_Farbe_de-995x1024.png 995w, https:\/\/lowex-bestand.de\/wp-content\/uploads\/2022\/02\/BMWK_Fz_2017_Office_Farbe_de-768x791.png 768w\" sizes=\"(max-width: 200px) 100vw, 200px\" \/><\/h3>\n<p><strong>F\u00f6rderkennzeichen: <\/strong>03ET1377 A\/B\/C<\/p>\n<p><strong>Laufzeit<\/strong>: 01.01.2016 bis 31.12.2021<\/p>\n<p><strong>Projektpartner:<\/strong> Fraunhofer ISE, Bosch Thermotechnik, Robert Bosch GmbH<\/p>\n<p>&nbsp;<\/p>\n<h4><span style=\"color: #019682;\">Ziele<\/span><\/h4>\n<p>Entwicklung von zwei W\u00e4rmepumpenl\u00f6sungen f\u00fcr Mehrfamilienh\u00e4user:<\/p>\n<ul>\n<li>Ein bivalentes System, bestehend aus einer elektrischen W\u00e4rmepumpe und einem fossilen Generator, f\u00fcr Raumheizung und Warmwasserbereitung mit optimiertem Betrieb f\u00fcr unterschiedliche Optimierungsziele (Prim\u00e4renergie, CO2-Emissionen, Investitionskosten, &#8230;)<\/li>\n<li>Eine elektrische W\u00e4rmepumpe mit einem K\u00e4ltemittelkreislauf mit reduzierter F\u00fcllung auf Basis eines nat\u00fcrlichen K\u00e4ltemittels<\/li>\n<\/ul>\n<h4><span style=\"color: #019682;\">Technologie<\/span><\/h4>\n<p><strong>Bivalentes System<\/strong><\/p>\n<p>Die gr\u00f6\u00dften Herausforderungen bei der Installation von W\u00e4rmepumpen in bestehenden Mehrfamilienh\u00e4usern sind die geforderten hohen Vorlauftemperaturen &#8211; insbesondere zur Einhaltung der gesundheitlichen Vorschriften f\u00fcr die Warmwasserbereitung &#8211; und die begrenzte Verf\u00fcgbarkeit von geeigneten W\u00e4rmequellen in der Umgebung.<\/p>\n<p>Eine vielversprechende L\u00f6sung f\u00fcr die Sanierung besteht in der Installation so genannter bivalenter (hybrider) Systeme, bei denen eine elektrische W\u00e4rmepumpe und ein fossiler W\u00e4rmeerzeuger durch ein \u00fcbergeordnetes Regelungssystem parallel betrieben werden.<\/p>\n<p>Bei dieser L\u00f6sung muss die W\u00e4rmepumpe (inkl. Quelle) nicht auf maximale Leistung dimensioniert werden und die W\u00e4rmeerzeuger k\u00f6nnen effizienter betrieben werden (z.B. in Bezug auf die Betriebskosten oder den Prim\u00e4renergieverbrauch).<\/p>\n<figure id=\"attachment_516\" aria-describedby=\"caption-attachment-516\" style=\"width: 598px\" class=\"wp-caption alignnone\"><img loading=\"lazy\" decoding=\"async\" class=\"wp-image-516\" src=\"http:\/\/www.lowex-bestand.de\/wp-content\/uploads\/2018\/04\/Bivalenztemperaturen-1024x703.png\" alt=\"\" width=\"598\" height=\"410\" srcset=\"https:\/\/lowex-bestand.de\/wp-content\/uploads\/2018\/04\/Bivalenztemperaturen-1024x703.png 1024w, https:\/\/lowex-bestand.de\/wp-content\/uploads\/2018\/04\/Bivalenztemperaturen-300x206.png 300w, https:\/\/lowex-bestand.de\/wp-content\/uploads\/2018\/04\/Bivalenztemperaturen-768x527.png 768w\" sizes=\"(max-width: 598px) 100vw, 598px\" \/><figcaption id=\"caption-attachment-516\" class=\"wp-caption-text\">Bivalente Temperaturen und Anteile der W\u00e4rmeerzeuger Gaskessel und W\u00e4rmepumpe an der Deckung der W\u00e4rmelast unter Variation der Nutzung (sanierter oder unsanierter Geb\u00e4udebestand) sowie der Optimierungsziele (Prim\u00e4renergieverbrauch, CO2-Emissionen und Verbrauchskosten); Ergebnisse von vereinfachten, statischen Berechnungen.<\/figcaption><\/figure>\n<p><strong>W\u00e4rmepumpe mit nat\u00fcrlichem K\u00e4ltemittel<\/strong><\/p>\n<p>Um die in der F-Gas-Verordnung (Verordnung (EU) Nr. 517\/2014) vorgesehene Reduktion der Emissionen von fluorierten Treibhausgasen (F-Gase) zu erf\u00fcllen, wird in einem zweiten Teil des Projekts parallel eine W\u00e4rmepumpe auf Basis nat\u00fcrlicher, brennbarer K\u00e4ltemittel entwickelt, die f\u00fcr bestehende MFH geeignet ist. Um das Gef\u00e4hrdungspotenzial zu minimieren, wird der K\u00e4ltekreislauf unter anderem mit neuen Verdampferkonzepten auf eine minimale F\u00fcllung ausgelegt. Ein entsprechendes Sicherheitskonzept wird ebenfalls entwickelt. Um den hohen Anforderungen an die Schallemissionen in dicht bebauten Stadtgebieten gerecht zu werden, flie\u00dfen aktuelle Entwicklungen der Psychoakustik in die gesamte Entwicklung ein.<\/p>\n<figure id=\"attachment_954\" aria-describedby=\"caption-attachment-954\" style=\"width: 840px\" class=\"wp-caption alignnone\"><img loading=\"lazy\" decoding=\"async\" class=\"size-large wp-image-954\" src=\"http:\/\/www.lowex-bestand.de\/wp-content\/uploads\/2020\/03\/Teststand-min-1024x683.jpg\" alt=\"\" width=\"840\" height=\"560\" srcset=\"https:\/\/lowex-bestand.de\/wp-content\/uploads\/2020\/03\/Teststand-min-1024x683.jpg 1024w, https:\/\/lowex-bestand.de\/wp-content\/uploads\/2020\/03\/Teststand-min-300x200.jpg 300w, https:\/\/lowex-bestand.de\/wp-content\/uploads\/2020\/03\/Teststand-min-768x512.jpg 768w, https:\/\/lowex-bestand.de\/wp-content\/uploads\/2020\/03\/Teststand-min-1536x1024.jpg 1536w, https:\/\/lowex-bestand.de\/wp-content\/uploads\/2020\/03\/Teststand-min.jpg 1731w\" sizes=\"(max-width: 840px) 100vw, 840px\" \/><figcaption id=\"caption-attachment-954\" class=\"wp-caption-text\">Pr\u00fcfstand zur Messung von K\u00e4ltemittel-W\u00e4rme\u00fcbertragern (Verdampfer und Verfl\u00fcssiger) am Fraunhofer ISE<\/figcaption><\/figure>\n<h4><span style=\"color: #019682;\"><b>Arbeitsplan<br \/>\n<\/b><\/span><\/h4>\n<p><strong>Bivalente (hybride) W\u00e4rmepumpen-Heizsysteme im Bereich der Renovierung von Mehrfamilienh\u00e4usern<\/strong><\/p>\n<ul>\n<li>Grundlagen und Stand der Technik<\/li>\n<li>Simulationsgest\u00fctzte Bewertung verschiedener Dimensionierungs- und Betriebsstrategien f\u00fcr unterschiedliche Anlagenkonzepte<\/li>\n<li>Reglerentwicklung und -implementierung<\/li>\n<li>Demonstrationsprojekte<\/li>\n<\/ul>\n<p><strong>W\u00e4rmepumpe mit nat\u00fcrlichem K\u00e4ltemittel f\u00fcr den Einsatz in Mehrfamilienh\u00e4usern<\/strong><\/p>\n<ul>\n<li>Entwicklung von k\u00e4ltemittelreduzierten Verdampfern und Optimierung der Gefrier- und Abtaustrategie<\/li>\n<li>Auslegung des K\u00fchlkreislaufs<\/li>\n<li>Technische Nachweise<\/li>\n<li>Simulationsbasierte Bewertung der Ger\u00e4teleistung im Anwendungskontext<\/li>\n<\/ul>\n<p>&nbsp;<\/p>\n<h4><a href=\"https:\/\/lowex-bestand.de\/index.php\/ergebnisse\/?lang=de\"><b>Link zu Downloads<\/b><\/a><\/h4>\n<p><\/p>","protected":false},"excerpt":{"rendered":"<p>Entwicklung von W\u00e4rmepumpenl\u00f6sungen f\u00fcr Mehrfamilienh\u00e4user F\u00f6rderkennzeichen: 03ET1377 A\/B\/C Laufzeit: 01.01.2016 bis 31.12.2021 Projektpartner: Fraunhofer ISE, Bosch Thermotechnik, Robert Bosch GmbH &nbsp; Ziele Entwicklung von zwei W\u00e4rmepumpenl\u00f6sungen f\u00fcr Mehrfamilienh\u00e4user: Ein bivalentes System, bestehend aus einer elektrischen<\/p>\n","protected":false},"author":3,"featured_media":134,"parent":0,"menu_order":0,"comment_status":"closed","ping_status":"closed","template":"","meta":{"footnotes":""},"yoast_head":"<!-- This site is optimized with the Yoast SEO plugin v23.5 - https:\/\/yoast.com\/wordpress\/plugins\/seo\/ -->\n<title>HTWP \u2013 Bosch - LowEx-Bestand<\/title>\n<meta name=\"robots\" content=\"index, follow, max-snippet:-1, max-image-preview:large, max-video-preview:-1\" \/>\n<link rel=\"canonical\" href=\"https:\/\/lowex-bestand.de\/index.php\/bestand-htwp-bosch\/\" \/>\n<meta property=\"og:locale\" content=\"de_DE\" \/>\n<meta property=\"og:type\" content=\"article\" \/>\n<meta property=\"og:title\" content=\"HTWP \u2013 Bosch - LowEx-Bestand\" \/>\n<meta property=\"og:description\" content=\"Entwicklung von W\u00e4rmepumpenl\u00f6sungen f\u00fcr Mehrfamilienh\u00e4user F\u00f6rderkennzeichen: 03ET1377 A\/B\/C Laufzeit: 01.01.2016 bis 31.12.2021 Projektpartner: Fraunhofer ISE, Bosch Thermotechnik, Robert Bosch GmbH &nbsp; Ziele Entwicklung von zwei W\u00e4rmepumpenl\u00f6sungen f\u00fcr Mehrfamilienh\u00e4user: Ein bivalentes System, bestehend aus einer elektrischen\" \/>\n<meta property=\"og:url\" content=\"https:\/\/lowex-bestand.de\/index.php\/bestand-htwp-bosch\/\" \/>\n<meta property=\"og:site_name\" content=\"LowEx-Bestand\" \/>\n<meta property=\"article:modified_time\" content=\"2025-11-03T11:51:59+00:00\" \/>\n<meta name=\"twitter:card\" content=\"summary_large_image\" \/>\n<meta name=\"twitter:label1\" content=\"Gesch\u00e4tzte Lesezeit\" \/>\n\t<meta name=\"twitter:data1\" content=\"3\u00a0Minuten\" \/>\n<script type=\"application\/ld+json\" class=\"yoast-schema-graph\">{\"@context\":\"https:\/\/schema.org\",\"@graph\":[{\"@type\":\"WebPage\",\"@id\":\"https:\/\/lowex-bestand.de\/index.php\/bestand-htwp-bosch\/\",\"url\":\"https:\/\/lowex-bestand.de\/index.php\/bestand-htwp-bosch\/\",\"name\":\"HTWP \u2013 Bosch - LowEx-Bestand\",\"isPartOf\":{\"@id\":\"https:\/\/lowex-bestand.de\/#website\"},\"primaryImageOfPage\":{\"@id\":\"https:\/\/lowex-bestand.de\/index.php\/bestand-htwp-bosch\/#primaryimage\"},\"image\":{\"@id\":\"https:\/\/lowex-bestand.de\/index.php\/bestand-htwp-bosch\/#primaryimage\"},\"thumbnailUrl\":\"\",\"datePublished\":\"2017-10-17T18:38:24+00:00\",\"dateModified\":\"2025-11-03T11:51:59+00:00\",\"breadcrumb\":{\"@id\":\"https:\/\/lowex-bestand.de\/index.php\/bestand-htwp-bosch\/#breadcrumb\"},\"inLanguage\":\"de\",\"potentialAction\":[{\"@type\":\"ReadAction\",\"target\":[\"https:\/\/lowex-bestand.de\/index.php\/bestand-htwp-bosch\/\"]}]},{\"@type\":\"ImageObject\",\"inLanguage\":\"de\",\"@id\":\"https:\/\/lowex-bestand.de\/index.php\/bestand-htwp-bosch\/#primaryimage\",\"url\":\"\",\"contentUrl\":\"\"},{\"@type\":\"BreadcrumbList\",\"@id\":\"https:\/\/lowex-bestand.de\/index.php\/bestand-htwp-bosch\/#breadcrumb\",\"itemListElement\":[{\"@type\":\"ListItem\",\"position\":1,\"name\":\"Startseite\",\"item\":\"https:\/\/lowex-bestand.de\/\"},{\"@type\":\"ListItem\",\"position\":2,\"name\":\"HTWP \u2013 Bosch\"}]},{\"@type\":\"WebSite\",\"@id\":\"https:\/\/lowex-bestand.de\/#website\",\"url\":\"https:\/\/lowex-bestand.de\/\",\"name\":\"LowEx-Bestand\",\"description\":\"Mehrfamilienh\u00e4user nachhaltig beheizen  - Projekt von Forschung, Heiztechnik-Herstellern und Wohnungswirtschaft\",\"publisher\":{\"@id\":\"https:\/\/lowex-bestand.de\/#organization\"},\"potentialAction\":[{\"@type\":\"SearchAction\",\"target\":{\"@type\":\"EntryPoint\",\"urlTemplate\":\"https:\/\/lowex-bestand.de\/?s={search_term_string}\"},\"query-input\":{\"@type\":\"PropertyValueSpecification\",\"valueRequired\":true,\"valueName\":\"search_term_string\"}}],\"inLanguage\":\"de\"},{\"@type\":\"Organization\",\"@id\":\"https:\/\/lowex-bestand.de\/#organization\",\"name\":\"LowEx-Bestand\",\"url\":\"https:\/\/lowex-bestand.de\/\",\"logo\":{\"@type\":\"ImageObject\",\"inLanguage\":\"de\",\"@id\":\"https:\/\/lowex-bestand.de\/#\/schema\/logo\/image\/\",\"url\":\"https:\/\/lowex-bestand.de\/wp-content\/uploads\/2022\/02\/cropped-Header_Logos_neu_3.png\",\"contentUrl\":\"https:\/\/lowex-bestand.de\/wp-content\/uploads\/2022\/02\/cropped-Header_Logos_neu_3.png\",\"width\":1999,\"height\":160,\"caption\":\"LowEx-Bestand\"},\"image\":{\"@id\":\"https:\/\/lowex-bestand.de\/#\/schema\/logo\/image\/\"}}]}<\/script>\n<!-- \/ Yoast SEO plugin. -->","yoast_head_json":{"title":"HTWP \u2013 Bosch - LowEx-Bestand","robots":{"index":"index","follow":"follow","max-snippet":"max-snippet:-1","max-image-preview":"max-image-preview:large","max-video-preview":"max-video-preview:-1"},"canonical":"https:\/\/lowex-bestand.de\/index.php\/bestand-htwp-bosch\/","og_locale":"de_DE","og_type":"article","og_title":"HTWP \u2013 Bosch - LowEx-Bestand","og_description":"Entwicklung von W\u00e4rmepumpenl\u00f6sungen f\u00fcr Mehrfamilienh\u00e4user F\u00f6rderkennzeichen: 03ET1377 A\/B\/C Laufzeit: 01.01.2016 bis 31.12.2021 Projektpartner: Fraunhofer ISE, Bosch Thermotechnik, Robert Bosch GmbH &nbsp; Ziele Entwicklung von zwei W\u00e4rmepumpenl\u00f6sungen f\u00fcr Mehrfamilienh\u00e4user: Ein bivalentes System, bestehend aus einer elektrischen","og_url":"https:\/\/lowex-bestand.de\/index.php\/bestand-htwp-bosch\/","og_site_name":"LowEx-Bestand","article_modified_time":"2025-11-03T11:51:59+00:00","twitter_card":"summary_large_image","twitter_misc":{"Gesch\u00e4tzte Lesezeit":"3\u00a0Minuten"},"schema":{"@context":"https:\/\/schema.org","@graph":[{"@type":"WebPage","@id":"https:\/\/lowex-bestand.de\/index.php\/bestand-htwp-bosch\/","url":"https:\/\/lowex-bestand.de\/index.php\/bestand-htwp-bosch\/","name":"HTWP \u2013 Bosch - LowEx-Bestand","isPartOf":{"@id":"https:\/\/lowex-bestand.de\/#website"},"primaryImageOfPage":{"@id":"https:\/\/lowex-bestand.de\/index.php\/bestand-htwp-bosch\/#primaryimage"},"image":{"@id":"https:\/\/lowex-bestand.de\/index.php\/bestand-htwp-bosch\/#primaryimage"},"thumbnailUrl":"","datePublished":"2017-10-17T18:38:24+00:00","dateModified":"2025-11-03T11:51:59+00:00","breadcrumb":{"@id":"https:\/\/lowex-bestand.de\/index.php\/bestand-htwp-bosch\/#breadcrumb"},"inLanguage":"de","potentialAction":[{"@type":"ReadAction","target":["https:\/\/lowex-bestand.de\/index.php\/bestand-htwp-bosch\/"]}]},{"@type":"ImageObject","inLanguage":"de","@id":"https:\/\/lowex-bestand.de\/index.php\/bestand-htwp-bosch\/#primaryimage","url":"","contentUrl":""},{"@type":"BreadcrumbList","@id":"https:\/\/lowex-bestand.de\/index.php\/bestand-htwp-bosch\/#breadcrumb","itemListElement":[{"@type":"ListItem","position":1,"name":"Startseite","item":"https:\/\/lowex-bestand.de\/"},{"@type":"ListItem","position":2,"name":"HTWP \u2013 Bosch"}]},{"@type":"WebSite","@id":"https:\/\/lowex-bestand.de\/#website","url":"https:\/\/lowex-bestand.de\/","name":"LowEx-Bestand","description":"Mehrfamilienh\u00e4user nachhaltig beheizen  - Projekt von Forschung, Heiztechnik-Herstellern und Wohnungswirtschaft","publisher":{"@id":"https:\/\/lowex-bestand.de\/#organization"},"potentialAction":[{"@type":"SearchAction","target":{"@type":"EntryPoint","urlTemplate":"https:\/\/lowex-bestand.de\/?s={search_term_string}"},"query-input":{"@type":"PropertyValueSpecification","valueRequired":true,"valueName":"search_term_string"}}],"inLanguage":"de"},{"@type":"Organization","@id":"https:\/\/lowex-bestand.de\/#organization","name":"LowEx-Bestand","url":"https:\/\/lowex-bestand.de\/","logo":{"@type":"ImageObject","inLanguage":"de","@id":"https:\/\/lowex-bestand.de\/#\/schema\/logo\/image\/","url":"https:\/\/lowex-bestand.de\/wp-content\/uploads\/2022\/02\/cropped-Header_Logos_neu_3.png","contentUrl":"https:\/\/lowex-bestand.de\/wp-content\/uploads\/2022\/02\/cropped-Header_Logos_neu_3.png","width":1999,"height":160,"caption":"LowEx-Bestand"},"image":{"@id":"https:\/\/lowex-bestand.de\/#\/schema\/logo\/image\/"}}]}},"_links":{"self":[{"href":"https:\/\/lowex-bestand.de\/index.php\/wp-json\/wp\/v2\/pages\/71"}],"collection":[{"href":"https:\/\/lowex-bestand.de\/index.php\/wp-json\/wp\/v2\/pages"}],"about":[{"href":"https:\/\/lowex-bestand.de\/index.php\/wp-json\/wp\/v2\/types\/page"}],"author":[{"embeddable":true,"href":"https:\/\/lowex-bestand.de\/index.php\/wp-json\/wp\/v2\/users\/3"}],"replies":[{"embeddable":true,"href":"https:\/\/lowex-bestand.de\/index.php\/wp-json\/wp\/v2\/comments?post=71"}],"version-history":[{"count":46,"href":"https:\/\/lowex-bestand.de\/index.php\/wp-json\/wp\/v2\/pages\/71\/revisions"}],"predecessor-version":[{"id":1612,"href":"https:\/\/lowex-bestand.de\/index.php\/wp-json\/wp\/v2\/pages\/71\/revisions\/1612"}],"wp:featuredmedia":[{"embeddable":true,"href":"https:\/\/lowex-bestand.de\/index.php\/wp-json\/"}],"wp:attachment":[{"href":"https:\/\/lowex-bestand.de\/index.php\/wp-json\/wp\/v2\/media?parent=71"}],"curies":[{"name":"wp","href":"https:\/\/api.w.org\/{rel}","templated":true}]}}