{"id":73,"date":"2017-10-17T20:38:36","date_gmt":"2017-10-17T18:38:36","guid":{"rendered":"http:\/\/127.0.0.1:9080\/wordpress\/?page_id=73"},"modified":"2025-11-03T12:47:46","modified_gmt":"2025-11-03T11:47:46","slug":"adosan-fahrenheit","status":"publish","type":"page","link":"https:\/\/lowex-bestand.de\/index.php\/adosan-fahrenheit\/?lang=de","title":{"rendered":"AdoSan \u2013 FAHRENHEIT"},"content":{"rendered":"<p><\/p>\n<h3><span style=\"color: #019682;\"><b>Entwicklung<\/b> <b>einer<\/b> <b>Gasadsorptionsw<\/b><b>\u00e4rmepumpe<\/b> <b>f\u00fcr<\/b><b> die <\/b><b>Bestandssanierung<\/b><\/span><img loading=\"lazy\" decoding=\"async\" class=\"alignright wp-image-1375\" src=\"http:\/\/www.lowex-bestand.de\/wp-content\/uploads\/2022\/02\/BMWK_Fz_2017_Office_Farbe_de.png\" alt=\"\" width=\"200\" height=\"206\" srcset=\"https:\/\/lowex-bestand.de\/wp-content\/uploads\/2022\/02\/BMWK_Fz_2017_Office_Farbe_de.png 1360w, https:\/\/lowex-bestand.de\/wp-content\/uploads\/2022\/02\/BMWK_Fz_2017_Office_Farbe_de-291x300.png 291w, https:\/\/lowex-bestand.de\/wp-content\/uploads\/2022\/02\/BMWK_Fz_2017_Office_Farbe_de-995x1024.png 995w, https:\/\/lowex-bestand.de\/wp-content\/uploads\/2022\/02\/BMWK_Fz_2017_Office_Farbe_de-768x791.png 768w\" sizes=\"(max-width: 200px) 100vw, 200px\" \/><\/h3>\n<p><b>F\u00f6rderkennzeichen<\/b><b>:\u00a0<\/b>03ET1554 A\/B\/C\/D\/E<\/p>\n<p><b>Laufzeit<\/b>: 08\/2018 bis 02\/2022<\/p>\n<p><b>Projektpartner<\/b><b>:<\/b> Fraunhofer ISE, Fraunhofer IFAM, Fahrenheit GmbH, Herrmann GmbH + Co. KG, Haugg-K\u00fchlerfabrik GmbH, KIT, DVGW-EBI<\/p>\n<h4><span style=\"color: #019682;\">Ziele<\/span><\/h4>\n<ul>\n<li>Entwicklung eines Gasw\u00e4rmepumpen-Systems f\u00fcr die MFH-Sanierung basierend auf einem hocheffizienten und leistungsf\u00e4higen Adsorptionsmodul<\/li>\n<li>L\u00f6sung als Beistellger\u00e4t zu Bestandskessel oder mit integriertem Brenner<\/li>\n<li>Demonstration der Umsetzung und Erreichung einer Jahresheizzahl &gt; 1,3 (&gt;1,4 f\u00fcr Niedertemperatursysteme)<\/li>\n<li>Erstellung einer Systemregelung f\u00fcr optimale Kombination des W\u00e4rmepumpenmoduls mit dem Brenner und Integration Warmwasser<\/li>\n<li>Fortschrittlicher Brenner inklusive Regelung auch f\u00fcr Betrieb mit erneuerbaren Gasen<\/li>\n<li>Entwicklungsarbeiten zu Hochtemperatur-Adsorptionsmodul (Antrieb &gt; 120\u00b0C) f\u00fcr h\u00f6here Heizkreistemperaturen oder h\u00f6here Jahresheizzahl<\/li>\n<\/ul>\n<h4><span style=\"color: #019682;\">Technologie<\/span><\/h4>\n<p><b>Fahrenheit GmbH <\/b>entwickelt Hochleistungs-Faserkomposit-Adsorber (ADOSO) weiter, entwickelt Sorptionsmodul und fertigt Funktionsmuster.<\/p>\n<p><b>Haugg<\/b><b> GmbH <\/b>und <b>Fraunhofer IFAM <\/b>entwickeln Fertigungstechnik f\u00fcr Faserkomposit-Adsorber, Verdampfer und Modul (Sintern und L\u00f6ten in einem CAB-Prozess).<\/p>\n<p><b>Hermann <\/b><b>Burners<\/b> und <b>DVGW-EBI <\/b>entwickeln Brenner und Brennerregelung (inkl. Gasflexibilit\u00e4t).<\/p>\n<p><b>Fraunhofer ISE <\/b>bearbeitet Systemauslegung, entwickelt Ger\u00e4te- und Systemregelung, f\u00fchrt Pr\u00fcfstandsmessungen durch, koordiniert Demonstration.<\/p>\n<p><b>KIT<\/b> bearbeitet Modellierung und Simulation, insbes. f\u00fcr optimierte Prozessf\u00fchrungen\/Zyklen in verschiedenen Betriebszust\u00e4nden und Lastf\u00e4llen, untersucht Komponentendimensionierung, f\u00fchrt Variantenanalyse durch.<\/p>\n<h4><span style=\"color: #019682;\">Arbeitsplan<\/span><\/h4>\n<p><b>Marktanforderungen<\/b>:<br \/>\nAufzeigen der grunds\u00e4tzlichen Rahmenbedingungen f\u00fcr die GWP-Entwicklung; Festlegung der Komponenten und Aufstellung eines Kostenmodells<\/p>\n<p><b>Systementwicklung<\/b>:<br \/>\nProzess- und Hydraulikschemata, Untersuchung verschiedener Lastzust\u00e4nde durch Simulationen, Regelungs- und Ger\u00e4teentwicklung<\/p>\n<p><b>Komponentenentwicklung<\/b>:<br \/>\nEffiziente und kosteng\u00fcnstige Fertigungstechnologien Adsorptionsmodul, angepasster Brenner mit brennstoffflexibler Regelung<\/p>\n<p><b>Bewertung<\/b>:<br \/>\nExperimentelle Bewertung der GWP sowie Validierung der Modelle; Auslegung des Demonstrationssytems<\/p>\n<p><b>Hochtemperatur-Grundlagen<\/b>:<br \/>\nArbeiten zur Entwicklung der \u00fcbern\u00e4chsten Generation Gasw\u00e4rmepumpen; Untersuchung geeigneter Sorptionsmaterialien zur Nutzung der hohen Temperaturen des Gas-Brenners und deren Herstellung; neue Zyklenkonzepte<\/p>\n<p><b>Ger\u00e4tevermessung<\/b> <b>im<\/b><b> Feld<\/b>:<br \/>\nVermessung und Betriebsoptimierung des entwickelten GWP-Systems; Entwicklung des Monitoring-Konzepts zusammen mit dem Projekt A&amp;D<\/p>\n<figure id=\"attachment_818\" aria-describedby=\"caption-attachment-818\" style=\"width: 695px\" class=\"wp-caption aligncenter\"><img loading=\"lazy\" decoding=\"async\" class=\" wp-image-818\" src=\"http:\/\/www.lowex-bestand.de\/wp-content\/uploads\/2018\/09\/ADOSAN.png\" alt=\"\" width=\"695\" height=\"408\" srcset=\"https:\/\/lowex-bestand.de\/wp-content\/uploads\/2018\/09\/ADOSAN.png 946w, https:\/\/lowex-bestand.de\/wp-content\/uploads\/2018\/09\/ADOSAN-300x176.png 300w, https:\/\/lowex-bestand.de\/wp-content\/uploads\/2018\/09\/ADOSAN-768x451.png 768w\" sizes=\"(max-width: 695px) 100vw, 695px\" \/><figcaption id=\"caption-attachment-818\" class=\"wp-caption-text\">Vereinfachtes Anlagenschema von ADOSAN mit den alternativen Austreibern in Form eines integrierten Brenners oder eines Bestandskessels<\/figcaption><\/figure>\n<h4><\/h4>\n<h4><a href=\"https:\/\/lowex-bestand.de\/index.php\/ergebnisse\/?lang=de\"><b>Link zu Downloads<\/b><\/a><\/h4>\n<p>&nbsp;<\/p>","protected":false},"excerpt":{"rendered":"<p>Entwicklung einer Gasadsorptionsw\u00e4rmepumpe f\u00fcr die Bestandssanierung F\u00f6rderkennzeichen:\u00a003ET1554 A\/B\/C\/D\/E Laufzeit: 08\/2018 bis 02\/2022 Projektpartner: Fraunhofer ISE, Fraunhofer IFAM, Fahrenheit GmbH, Herrmann GmbH + Co. KG, Haugg-K\u00fchlerfabrik GmbH, KIT, DVGW-EBI Ziele Entwicklung eines Gasw\u00e4rmepumpen-Systems f\u00fcr die MFH-Sanierung<\/p>\n","protected":false},"author":3,"featured_media":0,"parent":0,"menu_order":0,"comment_status":"closed","ping_status":"closed","template":"","meta":{"footnotes":""},"yoast_head":"<!-- This site is optimized with the Yoast SEO plugin v23.5 - https:\/\/yoast.com\/wordpress\/plugins\/seo\/ -->\n<title>AdoSan \u2013 FAHRENHEIT - LowEx-Bestand<\/title>\n<meta name=\"robots\" content=\"index, follow, max-snippet:-1, max-image-preview:large, max-video-preview:-1\" \/>\n<link rel=\"canonical\" href=\"https:\/\/lowex-bestand.de\/index.php\/adosan-fahrenheit\/\" \/>\n<meta property=\"og:locale\" content=\"de_DE\" \/>\n<meta property=\"og:type\" content=\"article\" \/>\n<meta property=\"og:title\" content=\"AdoSan \u2013 FAHRENHEIT - LowEx-Bestand\" \/>\n<meta property=\"og:description\" content=\"Entwicklung einer Gasadsorptionsw\u00e4rmepumpe f\u00fcr die Bestandssanierung F\u00f6rderkennzeichen:\u00a003ET1554 A\/B\/C\/D\/E Laufzeit: 08\/2018 bis 02\/2022 Projektpartner: Fraunhofer ISE, Fraunhofer IFAM, Fahrenheit GmbH, Herrmann GmbH + Co. KG, Haugg-K\u00fchlerfabrik GmbH, KIT, DVGW-EBI Ziele Entwicklung eines Gasw\u00e4rmepumpen-Systems f\u00fcr die MFH-Sanierung\" \/>\n<meta property=\"og:url\" content=\"https:\/\/lowex-bestand.de\/index.php\/adosan-fahrenheit\/\" \/>\n<meta property=\"og:site_name\" content=\"LowEx-Bestand\" \/>\n<meta property=\"article:modified_time\" content=\"2025-11-03T11:47:46+00:00\" \/>\n<meta property=\"og:image\" content=\"http:\/\/www.lowex-bestand.de\/wp-content\/uploads\/2022\/02\/BMWK_Fz_2017_Office_Farbe_de.png\" \/>\n<meta name=\"twitter:card\" content=\"summary_large_image\" \/>\n<meta name=\"twitter:label1\" content=\"Gesch\u00e4tzte Lesezeit\" \/>\n\t<meta name=\"twitter:data1\" content=\"3\u00a0Minuten\" \/>\n<script type=\"application\/ld+json\" class=\"yoast-schema-graph\">{\"@context\":\"https:\/\/schema.org\",\"@graph\":[{\"@type\":\"WebPage\",\"@id\":\"https:\/\/lowex-bestand.de\/index.php\/adosan-fahrenheit\/\",\"url\":\"https:\/\/lowex-bestand.de\/index.php\/adosan-fahrenheit\/\",\"name\":\"AdoSan \u2013 FAHRENHEIT - LowEx-Bestand\",\"isPartOf\":{\"@id\":\"https:\/\/lowex-bestand.de\/#website\"},\"primaryImageOfPage\":{\"@id\":\"https:\/\/lowex-bestand.de\/index.php\/adosan-fahrenheit\/#primaryimage\"},\"image\":{\"@id\":\"https:\/\/lowex-bestand.de\/index.php\/adosan-fahrenheit\/#primaryimage\"},\"thumbnailUrl\":\"http:\/\/www.lowex-bestand.de\/wp-content\/uploads\/2022\/02\/BMWK_Fz_2017_Office_Farbe_de.png\",\"datePublished\":\"2017-10-17T18:38:36+00:00\",\"dateModified\":\"2025-11-03T11:47:46+00:00\",\"breadcrumb\":{\"@id\":\"https:\/\/lowex-bestand.de\/index.php\/adosan-fahrenheit\/#breadcrumb\"},\"inLanguage\":\"de\",\"potentialAction\":[{\"@type\":\"ReadAction\",\"target\":[\"https:\/\/lowex-bestand.de\/index.php\/adosan-fahrenheit\/\"]}]},{\"@type\":\"ImageObject\",\"inLanguage\":\"de\",\"@id\":\"https:\/\/lowex-bestand.de\/index.php\/adosan-fahrenheit\/#primaryimage\",\"url\":\"http:\/\/www.lowex-bestand.de\/wp-content\/uploads\/2022\/02\/BMWK_Fz_2017_Office_Farbe_de.png\",\"contentUrl\":\"http:\/\/www.lowex-bestand.de\/wp-content\/uploads\/2022\/02\/BMWK_Fz_2017_Office_Farbe_de.png\"},{\"@type\":\"BreadcrumbList\",\"@id\":\"https:\/\/lowex-bestand.de\/index.php\/adosan-fahrenheit\/#breadcrumb\",\"itemListElement\":[{\"@type\":\"ListItem\",\"position\":1,\"name\":\"Startseite\",\"item\":\"https:\/\/lowex-bestand.de\/\"},{\"@type\":\"ListItem\",\"position\":2,\"name\":\"AdoSan \u2013 FAHRENHEIT\"}]},{\"@type\":\"WebSite\",\"@id\":\"https:\/\/lowex-bestand.de\/#website\",\"url\":\"https:\/\/lowex-bestand.de\/\",\"name\":\"LowEx-Bestand\",\"description\":\"Mehrfamilienh\u00e4user nachhaltig beheizen  - Projekt von Forschung, Heiztechnik-Herstellern und Wohnungswirtschaft\",\"publisher\":{\"@id\":\"https:\/\/lowex-bestand.de\/#organization\"},\"potentialAction\":[{\"@type\":\"SearchAction\",\"target\":{\"@type\":\"EntryPoint\",\"urlTemplate\":\"https:\/\/lowex-bestand.de\/?s={search_term_string}\"},\"query-input\":{\"@type\":\"PropertyValueSpecification\",\"valueRequired\":true,\"valueName\":\"search_term_string\"}}],\"inLanguage\":\"de\"},{\"@type\":\"Organization\",\"@id\":\"https:\/\/lowex-bestand.de\/#organization\",\"name\":\"LowEx-Bestand\",\"url\":\"https:\/\/lowex-bestand.de\/\",\"logo\":{\"@type\":\"ImageObject\",\"inLanguage\":\"de\",\"@id\":\"https:\/\/lowex-bestand.de\/#\/schema\/logo\/image\/\",\"url\":\"https:\/\/lowex-bestand.de\/wp-content\/uploads\/2022\/02\/cropped-Header_Logos_neu_3.png\",\"contentUrl\":\"https:\/\/lowex-bestand.de\/wp-content\/uploads\/2022\/02\/cropped-Header_Logos_neu_3.png\",\"width\":1999,\"height\":160,\"caption\":\"LowEx-Bestand\"},\"image\":{\"@id\":\"https:\/\/lowex-bestand.de\/#\/schema\/logo\/image\/\"}}]}<\/script>\n<!-- \/ Yoast SEO plugin. -->","yoast_head_json":{"title":"AdoSan \u2013 FAHRENHEIT - LowEx-Bestand","robots":{"index":"index","follow":"follow","max-snippet":"max-snippet:-1","max-image-preview":"max-image-preview:large","max-video-preview":"max-video-preview:-1"},"canonical":"https:\/\/lowex-bestand.de\/index.php\/adosan-fahrenheit\/","og_locale":"de_DE","og_type":"article","og_title":"AdoSan \u2013 FAHRENHEIT - LowEx-Bestand","og_description":"Entwicklung einer Gasadsorptionsw\u00e4rmepumpe f\u00fcr die Bestandssanierung F\u00f6rderkennzeichen:\u00a003ET1554 A\/B\/C\/D\/E Laufzeit: 08\/2018 bis 02\/2022 Projektpartner: Fraunhofer ISE, Fraunhofer IFAM, Fahrenheit GmbH, Herrmann GmbH + Co. KG, Haugg-K\u00fchlerfabrik GmbH, KIT, DVGW-EBI Ziele Entwicklung eines Gasw\u00e4rmepumpen-Systems f\u00fcr die MFH-Sanierung","og_url":"https:\/\/lowex-bestand.de\/index.php\/adosan-fahrenheit\/","og_site_name":"LowEx-Bestand","article_modified_time":"2025-11-03T11:47:46+00:00","og_image":[{"url":"http:\/\/www.lowex-bestand.de\/wp-content\/uploads\/2022\/02\/BMWK_Fz_2017_Office_Farbe_de.png"}],"twitter_card":"summary_large_image","twitter_misc":{"Gesch\u00e4tzte Lesezeit":"3\u00a0Minuten"},"schema":{"@context":"https:\/\/schema.org","@graph":[{"@type":"WebPage","@id":"https:\/\/lowex-bestand.de\/index.php\/adosan-fahrenheit\/","url":"https:\/\/lowex-bestand.de\/index.php\/adosan-fahrenheit\/","name":"AdoSan \u2013 FAHRENHEIT - LowEx-Bestand","isPartOf":{"@id":"https:\/\/lowex-bestand.de\/#website"},"primaryImageOfPage":{"@id":"https:\/\/lowex-bestand.de\/index.php\/adosan-fahrenheit\/#primaryimage"},"image":{"@id":"https:\/\/lowex-bestand.de\/index.php\/adosan-fahrenheit\/#primaryimage"},"thumbnailUrl":"http:\/\/www.lowex-bestand.de\/wp-content\/uploads\/2022\/02\/BMWK_Fz_2017_Office_Farbe_de.png","datePublished":"2017-10-17T18:38:36+00:00","dateModified":"2025-11-03T11:47:46+00:00","breadcrumb":{"@id":"https:\/\/lowex-bestand.de\/index.php\/adosan-fahrenheit\/#breadcrumb"},"inLanguage":"de","potentialAction":[{"@type":"ReadAction","target":["https:\/\/lowex-bestand.de\/index.php\/adosan-fahrenheit\/"]}]},{"@type":"ImageObject","inLanguage":"de","@id":"https:\/\/lowex-bestand.de\/index.php\/adosan-fahrenheit\/#primaryimage","url":"http:\/\/www.lowex-bestand.de\/wp-content\/uploads\/2022\/02\/BMWK_Fz_2017_Office_Farbe_de.png","contentUrl":"http:\/\/www.lowex-bestand.de\/wp-content\/uploads\/2022\/02\/BMWK_Fz_2017_Office_Farbe_de.png"},{"@type":"BreadcrumbList","@id":"https:\/\/lowex-bestand.de\/index.php\/adosan-fahrenheit\/#breadcrumb","itemListElement":[{"@type":"ListItem","position":1,"name":"Startseite","item":"https:\/\/lowex-bestand.de\/"},{"@type":"ListItem","position":2,"name":"AdoSan \u2013 FAHRENHEIT"}]},{"@type":"WebSite","@id":"https:\/\/lowex-bestand.de\/#website","url":"https:\/\/lowex-bestand.de\/","name":"LowEx-Bestand","description":"Mehrfamilienh\u00e4user nachhaltig beheizen  - Projekt von Forschung, Heiztechnik-Herstellern und Wohnungswirtschaft","publisher":{"@id":"https:\/\/lowex-bestand.de\/#organization"},"potentialAction":[{"@type":"SearchAction","target":{"@type":"EntryPoint","urlTemplate":"https:\/\/lowex-bestand.de\/?s={search_term_string}"},"query-input":{"@type":"PropertyValueSpecification","valueRequired":true,"valueName":"search_term_string"}}],"inLanguage":"de"},{"@type":"Organization","@id":"https:\/\/lowex-bestand.de\/#organization","name":"LowEx-Bestand","url":"https:\/\/lowex-bestand.de\/","logo":{"@type":"ImageObject","inLanguage":"de","@id":"https:\/\/lowex-bestand.de\/#\/schema\/logo\/image\/","url":"https:\/\/lowex-bestand.de\/wp-content\/uploads\/2022\/02\/cropped-Header_Logos_neu_3.png","contentUrl":"https:\/\/lowex-bestand.de\/wp-content\/uploads\/2022\/02\/cropped-Header_Logos_neu_3.png","width":1999,"height":160,"caption":"LowEx-Bestand"},"image":{"@id":"https:\/\/lowex-bestand.de\/#\/schema\/logo\/image\/"}}]}},"_links":{"self":[{"href":"https:\/\/lowex-bestand.de\/index.php\/wp-json\/wp\/v2\/pages\/73"}],"collection":[{"href":"https:\/\/lowex-bestand.de\/index.php\/wp-json\/wp\/v2\/pages"}],"about":[{"href":"https:\/\/lowex-bestand.de\/index.php\/wp-json\/wp\/v2\/types\/page"}],"author":[{"embeddable":true,"href":"https:\/\/lowex-bestand.de\/index.php\/wp-json\/wp\/v2\/users\/3"}],"replies":[{"embeddable":true,"href":"https:\/\/lowex-bestand.de\/index.php\/wp-json\/wp\/v2\/comments?post=73"}],"version-history":[{"count":23,"href":"https:\/\/lowex-bestand.de\/index.php\/wp-json\/wp\/v2\/pages\/73\/revisions"}],"predecessor-version":[{"id":1606,"href":"https:\/\/lowex-bestand.de\/index.php\/wp-json\/wp\/v2\/pages\/73\/revisions\/1606"}],"wp:attachment":[{"href":"https:\/\/lowex-bestand.de\/index.php\/wp-json\/wp\/v2\/media?parent=73"}],"curies":[{"name":"wp","href":"https:\/\/api.w.org\/{rel}","templated":true}]}}