{"id":785,"date":"2018-09-27T15:08:30","date_gmt":"2018-09-27T13:08:30","guid":{"rendered":"http:\/\/www.lowex-bestand.de\/?page_id=785"},"modified":"2025-11-03T12:54:27","modified_gmt":"2025-11-03T11:54:27","slug":"wohnungsgesellschaft-adorf","status":"publish","type":"page","link":"https:\/\/lowex-bestand.de\/index.php\/wohnungsgesellschaft-adorf\/?lang=de","title":{"rendered":"Wohnungsgesellschaft Adorf"},"content":{"rendered":"<p><\/p>\n<h3><span style=\"color: #019682;\">Demonstration von fassadenintegrierter Heizung, K\u00fchlung &amp; L\u00fcftung und Kessel-W\u00e4rmepumpen-Hybridanlage in Adorf<img loading=\"lazy\" decoding=\"async\" class=\"alignright wp-image-1375\" src=\"http:\/\/www.lowex-bestand.de\/wp-content\/uploads\/2022\/02\/BMWK_Fz_2017_Office_Farbe_de.png\" alt=\"\" width=\"200\" height=\"206\" srcset=\"https:\/\/lowex-bestand.de\/wp-content\/uploads\/2022\/02\/BMWK_Fz_2017_Office_Farbe_de.png 1360w, https:\/\/lowex-bestand.de\/wp-content\/uploads\/2022\/02\/BMWK_Fz_2017_Office_Farbe_de-291x300.png 291w, https:\/\/lowex-bestand.de\/wp-content\/uploads\/2022\/02\/BMWK_Fz_2017_Office_Farbe_de-995x1024.png 995w, https:\/\/lowex-bestand.de\/wp-content\/uploads\/2022\/02\/BMWK_Fz_2017_Office_Farbe_de-768x791.png 768w\" sizes=\"(max-width: 200px) 100vw, 200px\" \/><\/span><\/h3>\n<p><strong>F\u00f6rderkennzeichen: <\/strong>03SBE0001D<\/p>\n<p><strong>Laufzeit:<\/strong> 09\/2018 bis 02\/2022<\/p>\n<p><strong>Projektpartner:<\/strong> Wohnungsgesellschaft Adorf mbH, Fraunhofer ISE<\/p>\n<p>&nbsp;<\/p>\n<h4><span style=\"color: #019682;\">Inhalt<\/span><\/h4>\n<p>Es wird ein Mehrfamilienhaus mit 5 Wohneinheiten zur Verf\u00fcgung gestellt, bei welchem eine umf\u00e4ngliche Geb\u00e4udesanierung vorgenommen wird.<\/p>\n<p>Es werden folgende Komponenten demonstriert:<\/p>\n<ul>\n<li>Kessel-\/W\u00e4rmepumpen-Hybridanlage (Bosch)<\/li>\n<li>Fenster im D\u00e4mmrahmen in der D\u00e4mmebene (Beck+Heun)<\/li>\n<li>Dezentrale L\u00fcftungsanlagen mit W\u00e4rmer\u00fcckgewinnung (Beck+Heun)<\/li>\n<li>Luftleitungen integriert in vorgefertigte WDVS D\u00e4mmelemente (Westaflex, Beck+Heun)<\/li>\n<\/ul>\n<figure id=\"attachment_786\" aria-describedby=\"caption-attachment-786\" style=\"width: 840px\" class=\"wp-caption alignnone\"><img loading=\"lazy\" decoding=\"async\" class=\"wp-image-786 size-large\" src=\"http:\/\/www.lowex-bestand.de\/wp-content\/uploads\/2018\/09\/Demo_Adorf-1024x228.png\" alt=\"\" width=\"840\" height=\"187\" srcset=\"https:\/\/lowex-bestand.de\/wp-content\/uploads\/2018\/09\/Demo_Adorf-1024x228.png 1024w, https:\/\/lowex-bestand.de\/wp-content\/uploads\/2018\/09\/Demo_Adorf-300x67.png 300w, https:\/\/lowex-bestand.de\/wp-content\/uploads\/2018\/09\/Demo_Adorf-768x171.png 768w\" sizes=\"(max-width: 840px) 100vw, 840px\" \/><figcaption id=\"caption-attachment-786\" class=\"wp-caption-text\">Bestandsgeb\u00e4ude, D\u00e4mmsystem, Verlegeschema L\u00fcftung (v.l.n.r.)<\/figcaption><\/figure>\n<p>&nbsp;<\/p>\n<p class=\"title style-scope ytd-video-primary-info-renderer\"><span style=\"color: #009682;\"><strong>Vorstellung Demonstrationsprojekt \u201cAdorf\u201c<\/strong><\/span><\/p>\n<div class=\"epyt-video-wrapper\"><iframe loading=\"lazy\"  id=\"_ytid_51670\"  width=\"840\" height=\"473\"  data-origwidth=\"840\" data-origheight=\"473\"  data-relstop=\"1\" src=\"https:\/\/www.youtube.com\/embed\/E9fKidGEvUw\">https:\/\/www.youtube.com\/watch?enablejsapi=1&autoplay=0&cc_load_policy=0&cc_lang_pref=&iv_load_policy=1&loop=0&rel=0&fs=1&playsinline=0&autohide=2&theme=dark&color=red&controls=1&disablekb=0&\" class=\"__youtube_prefs__  no-lazyload\" title=\"YouTube player\"  allow=\"fullscreen; accelerometer; autoplay; clipboard-write; encrypted-media; gyroscope; picture-in-picture; web-share\" referrerpolicy=\"strict-origin-when-cross-origin\" allowfullscreen data-no-lazy=\"1\" data-skipgform_ajax_framebjll=\"\"><\/iframe><\/div>\n<p>&nbsp;<\/p>\n<p>&nbsp;<\/p>","protected":false},"excerpt":{"rendered":"<p>Demonstration von fassadenintegrierter Heizung, K\u00fchlung &amp; L\u00fcftung und Kessel-W\u00e4rmepumpen-Hybridanlage in Adorf F\u00f6rderkennzeichen: 03SBE0001D Laufzeit: 09\/2018 bis 02\/2022 Projektpartner: Wohnungsgesellschaft Adorf mbH, Fraunhofer ISE &nbsp; Inhalt Es wird ein Mehrfamilienhaus mit 5 Wohneinheiten zur Verf\u00fcgung gestellt,<\/p>\n","protected":false},"author":3,"featured_media":0,"parent":0,"menu_order":0,"comment_status":"closed","ping_status":"closed","template":"","meta":{"footnotes":""},"yoast_head":"<!-- This site is optimized with the Yoast SEO plugin v23.5 - https:\/\/yoast.com\/wordpress\/plugins\/seo\/ -->\n<title>Wohnungsgesellschaft Adorf - LowEx-Bestand<\/title>\n<meta name=\"robots\" content=\"index, follow, max-snippet:-1, max-image-preview:large, max-video-preview:-1\" \/>\n<link rel=\"canonical\" href=\"https:\/\/lowex-bestand.de\/index.php\/wohnungsgesellschaft-adorf\/\" \/>\n<meta property=\"og:locale\" content=\"de_DE\" \/>\n<meta property=\"og:type\" content=\"article\" \/>\n<meta property=\"og:title\" content=\"Wohnungsgesellschaft Adorf - LowEx-Bestand\" \/>\n<meta property=\"og:description\" content=\"Demonstration von fassadenintegrierter Heizung, K\u00fchlung &amp; L\u00fcftung und Kessel-W\u00e4rmepumpen-Hybridanlage in Adorf F\u00f6rderkennzeichen: 03SBE0001D Laufzeit: 09\/2018 bis 02\/2022 Projektpartner: Wohnungsgesellschaft Adorf mbH, Fraunhofer ISE &nbsp; Inhalt Es wird ein Mehrfamilienhaus mit 5 Wohneinheiten zur Verf\u00fcgung gestellt,\" \/>\n<meta property=\"og:url\" content=\"https:\/\/lowex-bestand.de\/index.php\/wohnungsgesellschaft-adorf\/\" \/>\n<meta property=\"og:site_name\" content=\"LowEx-Bestand\" \/>\n<meta property=\"article:modified_time\" content=\"2025-11-03T11:54:27+00:00\" \/>\n<meta property=\"og:image\" content=\"http:\/\/www.lowex-bestand.de\/wp-content\/uploads\/2022\/02\/BMWK_Fz_2017_Office_Farbe_de.png\" \/>\n<meta name=\"twitter:card\" content=\"summary_large_image\" \/>\n<meta name=\"twitter:label1\" content=\"Gesch\u00e4tzte Lesezeit\" \/>\n\t<meta name=\"twitter:data1\" content=\"1\u00a0Minute\" \/>\n<script type=\"application\/ld+json\" class=\"yoast-schema-graph\">{\"@context\":\"https:\/\/schema.org\",\"@graph\":[{\"@type\":\"WebPage\",\"@id\":\"https:\/\/lowex-bestand.de\/index.php\/wohnungsgesellschaft-adorf\/\",\"url\":\"https:\/\/lowex-bestand.de\/index.php\/wohnungsgesellschaft-adorf\/\",\"name\":\"Wohnungsgesellschaft Adorf - LowEx-Bestand\",\"isPartOf\":{\"@id\":\"https:\/\/lowex-bestand.de\/#website\"},\"primaryImageOfPage\":{\"@id\":\"https:\/\/lowex-bestand.de\/index.php\/wohnungsgesellschaft-adorf\/#primaryimage\"},\"image\":{\"@id\":\"https:\/\/lowex-bestand.de\/index.php\/wohnungsgesellschaft-adorf\/#primaryimage\"},\"thumbnailUrl\":\"http:\/\/www.lowex-bestand.de\/wp-content\/uploads\/2022\/02\/BMWK_Fz_2017_Office_Farbe_de.png\",\"datePublished\":\"2018-09-27T13:08:30+00:00\",\"dateModified\":\"2025-11-03T11:54:27+00:00\",\"breadcrumb\":{\"@id\":\"https:\/\/lowex-bestand.de\/index.php\/wohnungsgesellschaft-adorf\/#breadcrumb\"},\"inLanguage\":\"de\",\"potentialAction\":[{\"@type\":\"ReadAction\",\"target\":[\"https:\/\/lowex-bestand.de\/index.php\/wohnungsgesellschaft-adorf\/\"]}]},{\"@type\":\"ImageObject\",\"inLanguage\":\"de\",\"@id\":\"https:\/\/lowex-bestand.de\/index.php\/wohnungsgesellschaft-adorf\/#primaryimage\",\"url\":\"http:\/\/www.lowex-bestand.de\/wp-content\/uploads\/2022\/02\/BMWK_Fz_2017_Office_Farbe_de.png\",\"contentUrl\":\"http:\/\/www.lowex-bestand.de\/wp-content\/uploads\/2022\/02\/BMWK_Fz_2017_Office_Farbe_de.png\"},{\"@type\":\"BreadcrumbList\",\"@id\":\"https:\/\/lowex-bestand.de\/index.php\/wohnungsgesellschaft-adorf\/#breadcrumb\",\"itemListElement\":[{\"@type\":\"ListItem\",\"position\":1,\"name\":\"Startseite\",\"item\":\"https:\/\/lowex-bestand.de\/\"},{\"@type\":\"ListItem\",\"position\":2,\"name\":\"Wohnungsgesellschaft Adorf\"}]},{\"@type\":\"WebSite\",\"@id\":\"https:\/\/lowex-bestand.de\/#website\",\"url\":\"https:\/\/lowex-bestand.de\/\",\"name\":\"LowEx-Bestand\",\"description\":\"Mehrfamilienh\u00e4user nachhaltig beheizen  - Projekt von Forschung, Heiztechnik-Herstellern und Wohnungswirtschaft\",\"publisher\":{\"@id\":\"https:\/\/lowex-bestand.de\/#organization\"},\"potentialAction\":[{\"@type\":\"SearchAction\",\"target\":{\"@type\":\"EntryPoint\",\"urlTemplate\":\"https:\/\/lowex-bestand.de\/?s={search_term_string}\"},\"query-input\":{\"@type\":\"PropertyValueSpecification\",\"valueRequired\":true,\"valueName\":\"search_term_string\"}}],\"inLanguage\":\"de\"},{\"@type\":\"Organization\",\"@id\":\"https:\/\/lowex-bestand.de\/#organization\",\"name\":\"LowEx-Bestand\",\"url\":\"https:\/\/lowex-bestand.de\/\",\"logo\":{\"@type\":\"ImageObject\",\"inLanguage\":\"de\",\"@id\":\"https:\/\/lowex-bestand.de\/#\/schema\/logo\/image\/\",\"url\":\"https:\/\/lowex-bestand.de\/wp-content\/uploads\/2022\/02\/cropped-Header_Logos_neu_3.png\",\"contentUrl\":\"https:\/\/lowex-bestand.de\/wp-content\/uploads\/2022\/02\/cropped-Header_Logos_neu_3.png\",\"width\":1999,\"height\":160,\"caption\":\"LowEx-Bestand\"},\"image\":{\"@id\":\"https:\/\/lowex-bestand.de\/#\/schema\/logo\/image\/\"}}]}<\/script>\n<!-- \/ Yoast SEO plugin. -->","yoast_head_json":{"title":"Wohnungsgesellschaft Adorf - LowEx-Bestand","robots":{"index":"index","follow":"follow","max-snippet":"max-snippet:-1","max-image-preview":"max-image-preview:large","max-video-preview":"max-video-preview:-1"},"canonical":"https:\/\/lowex-bestand.de\/index.php\/wohnungsgesellschaft-adorf\/","og_locale":"de_DE","og_type":"article","og_title":"Wohnungsgesellschaft Adorf - LowEx-Bestand","og_description":"Demonstration von fassadenintegrierter Heizung, K\u00fchlung &amp; L\u00fcftung und Kessel-W\u00e4rmepumpen-Hybridanlage in Adorf F\u00f6rderkennzeichen: 03SBE0001D Laufzeit: 09\/2018 bis 02\/2022 Projektpartner: Wohnungsgesellschaft Adorf mbH, Fraunhofer ISE &nbsp; Inhalt Es wird ein Mehrfamilienhaus mit 5 Wohneinheiten zur Verf\u00fcgung gestellt,","og_url":"https:\/\/lowex-bestand.de\/index.php\/wohnungsgesellschaft-adorf\/","og_site_name":"LowEx-Bestand","article_modified_time":"2025-11-03T11:54:27+00:00","og_image":[{"url":"http:\/\/www.lowex-bestand.de\/wp-content\/uploads\/2022\/02\/BMWK_Fz_2017_Office_Farbe_de.png"}],"twitter_card":"summary_large_image","twitter_misc":{"Gesch\u00e4tzte Lesezeit":"1\u00a0Minute"},"schema":{"@context":"https:\/\/schema.org","@graph":[{"@type":"WebPage","@id":"https:\/\/lowex-bestand.de\/index.php\/wohnungsgesellschaft-adorf\/","url":"https:\/\/lowex-bestand.de\/index.php\/wohnungsgesellschaft-adorf\/","name":"Wohnungsgesellschaft Adorf - LowEx-Bestand","isPartOf":{"@id":"https:\/\/lowex-bestand.de\/#website"},"primaryImageOfPage":{"@id":"https:\/\/lowex-bestand.de\/index.php\/wohnungsgesellschaft-adorf\/#primaryimage"},"image":{"@id":"https:\/\/lowex-bestand.de\/index.php\/wohnungsgesellschaft-adorf\/#primaryimage"},"thumbnailUrl":"http:\/\/www.lowex-bestand.de\/wp-content\/uploads\/2022\/02\/BMWK_Fz_2017_Office_Farbe_de.png","datePublished":"2018-09-27T13:08:30+00:00","dateModified":"2025-11-03T11:54:27+00:00","breadcrumb":{"@id":"https:\/\/lowex-bestand.de\/index.php\/wohnungsgesellschaft-adorf\/#breadcrumb"},"inLanguage":"de","potentialAction":[{"@type":"ReadAction","target":["https:\/\/lowex-bestand.de\/index.php\/wohnungsgesellschaft-adorf\/"]}]},{"@type":"ImageObject","inLanguage":"de","@id":"https:\/\/lowex-bestand.de\/index.php\/wohnungsgesellschaft-adorf\/#primaryimage","url":"http:\/\/www.lowex-bestand.de\/wp-content\/uploads\/2022\/02\/BMWK_Fz_2017_Office_Farbe_de.png","contentUrl":"http:\/\/www.lowex-bestand.de\/wp-content\/uploads\/2022\/02\/BMWK_Fz_2017_Office_Farbe_de.png"},{"@type":"BreadcrumbList","@id":"https:\/\/lowex-bestand.de\/index.php\/wohnungsgesellschaft-adorf\/#breadcrumb","itemListElement":[{"@type":"ListItem","position":1,"name":"Startseite","item":"https:\/\/lowex-bestand.de\/"},{"@type":"ListItem","position":2,"name":"Wohnungsgesellschaft Adorf"}]},{"@type":"WebSite","@id":"https:\/\/lowex-bestand.de\/#website","url":"https:\/\/lowex-bestand.de\/","name":"LowEx-Bestand","description":"Mehrfamilienh\u00e4user nachhaltig beheizen  - Projekt von Forschung, Heiztechnik-Herstellern und Wohnungswirtschaft","publisher":{"@id":"https:\/\/lowex-bestand.de\/#organization"},"potentialAction":[{"@type":"SearchAction","target":{"@type":"EntryPoint","urlTemplate":"https:\/\/lowex-bestand.de\/?s={search_term_string}"},"query-input":{"@type":"PropertyValueSpecification","valueRequired":true,"valueName":"search_term_string"}}],"inLanguage":"de"},{"@type":"Organization","@id":"https:\/\/lowex-bestand.de\/#organization","name":"LowEx-Bestand","url":"https:\/\/lowex-bestand.de\/","logo":{"@type":"ImageObject","inLanguage":"de","@id":"https:\/\/lowex-bestand.de\/#\/schema\/logo\/image\/","url":"https:\/\/lowex-bestand.de\/wp-content\/uploads\/2022\/02\/cropped-Header_Logos_neu_3.png","contentUrl":"https:\/\/lowex-bestand.de\/wp-content\/uploads\/2022\/02\/cropped-Header_Logos_neu_3.png","width":1999,"height":160,"caption":"LowEx-Bestand"},"image":{"@id":"https:\/\/lowex-bestand.de\/#\/schema\/logo\/image\/"}}]}},"_links":{"self":[{"href":"https:\/\/lowex-bestand.de\/index.php\/wp-json\/wp\/v2\/pages\/785"}],"collection":[{"href":"https:\/\/lowex-bestand.de\/index.php\/wp-json\/wp\/v2\/pages"}],"about":[{"href":"https:\/\/lowex-bestand.de\/index.php\/wp-json\/wp\/v2\/types\/page"}],"author":[{"embeddable":true,"href":"https:\/\/lowex-bestand.de\/index.php\/wp-json\/wp\/v2\/users\/3"}],"replies":[{"embeddable":true,"href":"https:\/\/lowex-bestand.de\/index.php\/wp-json\/wp\/v2\/comments?post=785"}],"version-history":[{"count":16,"href":"https:\/\/lowex-bestand.de\/index.php\/wp-json\/wp\/v2\/pages\/785\/revisions"}],"predecessor-version":[{"id":1616,"href":"https:\/\/lowex-bestand.de\/index.php\/wp-json\/wp\/v2\/pages\/785\/revisions\/1616"}],"wp:attachment":[{"href":"https:\/\/lowex-bestand.de\/index.php\/wp-json\/wp\/v2\/media?parent=785"}],"curies":[{"name":"wp","href":"https:\/\/api.w.org\/{rel}","templated":true}]}}