{"id":801,"date":"2018-09-27T15:31:45","date_gmt":"2018-09-27T13:31:45","guid":{"rendered":"http:\/\/www.lowex-bestand.de\/?page_id=801"},"modified":"2025-11-03T12:52:47","modified_gmt":"2025-11-03T11:52:47","slug":"karlsruher-energieservice-kes","status":"publish","type":"page","link":"https:\/\/lowex-bestand.de\/index.php\/karlsruher-energieservice-kes\/?lang=de","title":{"rendered":"KES Karlsruher Energieservice"},"content":{"rendered":"<p><\/p>\n<h3><span style=\"color: #019682;\">Smartes Quartier Karlsruhe-Durlach<\/span><img loading=\"lazy\" decoding=\"async\" class=\"alignright wp-image-1375\" src=\"http:\/\/www.lowex-bestand.de\/wp-content\/uploads\/2022\/02\/BMWK_Fz_2017_Office_Farbe_de.png\" alt=\"\" width=\"200\" height=\"206\" srcset=\"https:\/\/lowex-bestand.de\/wp-content\/uploads\/2022\/02\/BMWK_Fz_2017_Office_Farbe_de.png 1360w, https:\/\/lowex-bestand.de\/wp-content\/uploads\/2022\/02\/BMWK_Fz_2017_Office_Farbe_de-291x300.png 291w, https:\/\/lowex-bestand.de\/wp-content\/uploads\/2022\/02\/BMWK_Fz_2017_Office_Farbe_de-995x1024.png 995w, https:\/\/lowex-bestand.de\/wp-content\/uploads\/2022\/02\/BMWK_Fz_2017_Office_Farbe_de-768x791.png 768w\" sizes=\"(max-width: 200px) 100vw, 200px\" \/><\/h3>\n<p><b>F\u00f6rderkennzeichen<\/b><b>:\u00a0<\/b>03ET1590 A\/B\/C<\/p>\n<p><b>Laufzeit<\/b>: 09\/2018 bis 11\/2023<\/p>\n<p><b>Projektpartner<\/b><b>:<\/b> KES &#8211; Karlsruher Energieservice GmbH, Fraunhofer ISE, INATECH &#8211; Uni Freiburg<\/p>\n<p>&nbsp;<\/p>\n<h4><span style=\"color: #019682;\">Inhalt<\/span><\/h4>\n<p>Das Vorhaben betrifft die Realisierung eines komplexen Energieversorgungskonzepts f\u00fcr einen Cluster von f\u00fcnf Bestands-MFH in Karlsruhe. Die derzeitige konventionelle Versorgung soll ersetzt werden durch ein &#8218;teil-autarkes` Energiesystem, bestehend aus einem Erdgas-BHKW (80 kWel, 130 kWth), zwei leistungsgeregelten W\u00e4rmepumpen (20 &#8218; 80 kWth) und PV-Anlagen auf den D\u00e4chern. Das System soll so ausgelegt und betrieben werden, dass m\u00f6glichst viel lokale Energie (Solarenergie, Umweltenergie) genutzt wird und m\u00f6glichst wenig \u00dcberschuss-Strom ins Netz zur\u00fcckgespeist werden muss.<\/p>\n<p>Es werden folgende Komponenten demonstriert:<\/p>\n<ul>\n<li>Energieversorgungskonzept f\u00fcr Erdgas-BHKW \u2013 W\u00e4rmepumpen &#8211; PV-Anlagen Kombination (ISE, KES)<\/li>\n<li>Mehrquellen W\u00e4rmepumpe (Viessmann)<\/li>\n<\/ul>\n<figure id=\"attachment_798\" aria-describedby=\"caption-attachment-798\" style=\"width: 840px\" class=\"wp-caption alignnone\"><img loading=\"lazy\" decoding=\"async\" class=\"size-large wp-image-798\" src=\"http:\/\/www.lowex-bestand.de\/wp-content\/uploads\/2018\/09\/Demo_Karlsruhe-1024x201.png\" alt=\"\" width=\"840\" height=\"165\" srcset=\"https:\/\/lowex-bestand.de\/wp-content\/uploads\/2018\/09\/Demo_Karlsruhe-1024x201.png 1024w, https:\/\/lowex-bestand.de\/wp-content\/uploads\/2018\/09\/Demo_Karlsruhe-300x59.png 300w, https:\/\/lowex-bestand.de\/wp-content\/uploads\/2018\/09\/Demo_Karlsruhe-768x150.png 768w\" sizes=\"(max-width: 840px) 100vw, 840px\" \/><figcaption id=\"caption-attachment-798\" class=\"wp-caption-text\">Bestandsgeb\u00e4ude, Geb\u00e4udecluster, Verbundkonzept (v.l.n.r.)<\/figcaption><\/figure>\n<p>&nbsp;<\/p>\n<p class=\"title style-scope ytd-video-primary-info-renderer\"><span style=\"color: #009682;\"><strong>Vorstellung Smartes Quartier Karlsruhe-Durlach<\/strong><\/span><\/p>\n<div class=\"epyt-video-wrapper\"><iframe loading=\"lazy\"  id=\"_ytid_11842\"  width=\"840\" height=\"473\"  data-origwidth=\"840\" data-origheight=\"473\"  data-relstop=\"1\" src=\"https:\/\/www.youtube.com\/embed\/237ws7Ticmg\">https:\/\/youtu.be\/237ws7Ticm<\/a>?enablejsapi=1&autoplay=0&cc_load_policy=0&cc_lang_pref=&iv_load_policy=1&loop=0&rel=0&fs=1&playsinline=0&autohide=2&theme=dark&color=red&controls=1&disablekb=0&\" class=\"__youtube_prefs__  no-lazyload\" title=\"YouTube player\"  allow=\"fullscreen; accelerometer; autoplay; clipboard-write; encrypted-media; gyroscope; picture-in-picture; web-share\" referrerpolicy=\"strict-origin-when-cross-origin\" allowfullscreen data-no-lazy=\"1\" data-skipgform_ajax_framebjll=\"\"><\/iframe><\/div>\n<p>&nbsp;<\/p>\n<p>&nbsp;<\/p>","protected":false},"excerpt":{"rendered":"<p>Smartes Quartier Karlsruhe-Durlach F\u00f6rderkennzeichen:\u00a003ET1590 A\/B\/C Laufzeit: 09\/2018 bis 11\/2023 Projektpartner: KES &#8211; Karlsruher Energieservice GmbH, Fraunhofer ISE, INATECH &#8211; Uni Freiburg &nbsp; Inhalt Das Vorhaben betrifft die Realisierung eines komplexen Energieversorgungskonzepts f\u00fcr einen Cluster von<\/p>\n","protected":false},"author":3,"featured_media":0,"parent":0,"menu_order":0,"comment_status":"closed","ping_status":"closed","template":"","meta":{"footnotes":""},"yoast_head":"<!-- This site is optimized with the Yoast SEO plugin v23.5 - https:\/\/yoast.com\/wordpress\/plugins\/seo\/ -->\n<title>KES Karlsruher Energieservice - LowEx-Bestand<\/title>\n<meta name=\"robots\" content=\"index, follow, max-snippet:-1, max-image-preview:large, max-video-preview:-1\" \/>\n<link rel=\"canonical\" href=\"https:\/\/lowex-bestand.de\/index.php\/karlsruher-energieservice-kes\/\" \/>\n<meta property=\"og:locale\" content=\"de_DE\" \/>\n<meta property=\"og:type\" content=\"article\" \/>\n<meta property=\"og:title\" content=\"KES Karlsruher Energieservice - LowEx-Bestand\" \/>\n<meta property=\"og:description\" content=\"Smartes Quartier Karlsruhe-Durlach F\u00f6rderkennzeichen:\u00a003ET1590 A\/B\/C Laufzeit: 09\/2018 bis 11\/2023 Projektpartner: KES &#8211; Karlsruher Energieservice GmbH, Fraunhofer ISE, INATECH &#8211; Uni Freiburg &nbsp; Inhalt Das Vorhaben betrifft die Realisierung eines komplexen Energieversorgungskonzepts f\u00fcr einen Cluster von\" \/>\n<meta property=\"og:url\" content=\"https:\/\/lowex-bestand.de\/index.php\/karlsruher-energieservice-kes\/\" \/>\n<meta property=\"og:site_name\" content=\"LowEx-Bestand\" \/>\n<meta property=\"article:modified_time\" content=\"2025-11-03T11:52:47+00:00\" \/>\n<meta property=\"og:image\" content=\"http:\/\/www.lowex-bestand.de\/wp-content\/uploads\/2022\/02\/BMWK_Fz_2017_Office_Farbe_de.png\" \/>\n<meta name=\"twitter:card\" content=\"summary_large_image\" \/>\n<meta name=\"twitter:label1\" content=\"Gesch\u00e4tzte Lesezeit\" \/>\n\t<meta name=\"twitter:data1\" content=\"2\u00a0Minuten\" \/>\n<script type=\"application\/ld+json\" class=\"yoast-schema-graph\">{\"@context\":\"https:\/\/schema.org\",\"@graph\":[{\"@type\":\"WebPage\",\"@id\":\"https:\/\/lowex-bestand.de\/index.php\/karlsruher-energieservice-kes\/\",\"url\":\"https:\/\/lowex-bestand.de\/index.php\/karlsruher-energieservice-kes\/\",\"name\":\"KES Karlsruher Energieservice - LowEx-Bestand\",\"isPartOf\":{\"@id\":\"https:\/\/lowex-bestand.de\/#website\"},\"primaryImageOfPage\":{\"@id\":\"https:\/\/lowex-bestand.de\/index.php\/karlsruher-energieservice-kes\/#primaryimage\"},\"image\":{\"@id\":\"https:\/\/lowex-bestand.de\/index.php\/karlsruher-energieservice-kes\/#primaryimage\"},\"thumbnailUrl\":\"http:\/\/www.lowex-bestand.de\/wp-content\/uploads\/2022\/02\/BMWK_Fz_2017_Office_Farbe_de.png\",\"datePublished\":\"2018-09-27T13:31:45+00:00\",\"dateModified\":\"2025-11-03T11:52:47+00:00\",\"breadcrumb\":{\"@id\":\"https:\/\/lowex-bestand.de\/index.php\/karlsruher-energieservice-kes\/#breadcrumb\"},\"inLanguage\":\"de\",\"potentialAction\":[{\"@type\":\"ReadAction\",\"target\":[\"https:\/\/lowex-bestand.de\/index.php\/karlsruher-energieservice-kes\/\"]}]},{\"@type\":\"ImageObject\",\"inLanguage\":\"de\",\"@id\":\"https:\/\/lowex-bestand.de\/index.php\/karlsruher-energieservice-kes\/#primaryimage\",\"url\":\"http:\/\/www.lowex-bestand.de\/wp-content\/uploads\/2022\/02\/BMWK_Fz_2017_Office_Farbe_de.png\",\"contentUrl\":\"http:\/\/www.lowex-bestand.de\/wp-content\/uploads\/2022\/02\/BMWK_Fz_2017_Office_Farbe_de.png\"},{\"@type\":\"BreadcrumbList\",\"@id\":\"https:\/\/lowex-bestand.de\/index.php\/karlsruher-energieservice-kes\/#breadcrumb\",\"itemListElement\":[{\"@type\":\"ListItem\",\"position\":1,\"name\":\"Startseite\",\"item\":\"https:\/\/lowex-bestand.de\/\"},{\"@type\":\"ListItem\",\"position\":2,\"name\":\"KES Karlsruher Energieservice\"}]},{\"@type\":\"WebSite\",\"@id\":\"https:\/\/lowex-bestand.de\/#website\",\"url\":\"https:\/\/lowex-bestand.de\/\",\"name\":\"LowEx-Bestand\",\"description\":\"Mehrfamilienh\u00e4user nachhaltig beheizen  - Projekt von Forschung, Heiztechnik-Herstellern und Wohnungswirtschaft\",\"publisher\":{\"@id\":\"https:\/\/lowex-bestand.de\/#organization\"},\"potentialAction\":[{\"@type\":\"SearchAction\",\"target\":{\"@type\":\"EntryPoint\",\"urlTemplate\":\"https:\/\/lowex-bestand.de\/?s={search_term_string}\"},\"query-input\":{\"@type\":\"PropertyValueSpecification\",\"valueRequired\":true,\"valueName\":\"search_term_string\"}}],\"inLanguage\":\"de\"},{\"@type\":\"Organization\",\"@id\":\"https:\/\/lowex-bestand.de\/#organization\",\"name\":\"LowEx-Bestand\",\"url\":\"https:\/\/lowex-bestand.de\/\",\"logo\":{\"@type\":\"ImageObject\",\"inLanguage\":\"de\",\"@id\":\"https:\/\/lowex-bestand.de\/#\/schema\/logo\/image\/\",\"url\":\"https:\/\/lowex-bestand.de\/wp-content\/uploads\/2022\/02\/cropped-Header_Logos_neu_3.png\",\"contentUrl\":\"https:\/\/lowex-bestand.de\/wp-content\/uploads\/2022\/02\/cropped-Header_Logos_neu_3.png\",\"width\":1999,\"height\":160,\"caption\":\"LowEx-Bestand\"},\"image\":{\"@id\":\"https:\/\/lowex-bestand.de\/#\/schema\/logo\/image\/\"}}]}<\/script>\n<!-- \/ Yoast SEO plugin. -->","yoast_head_json":{"title":"KES Karlsruher Energieservice - LowEx-Bestand","robots":{"index":"index","follow":"follow","max-snippet":"max-snippet:-1","max-image-preview":"max-image-preview:large","max-video-preview":"max-video-preview:-1"},"canonical":"https:\/\/lowex-bestand.de\/index.php\/karlsruher-energieservice-kes\/","og_locale":"de_DE","og_type":"article","og_title":"KES Karlsruher Energieservice - LowEx-Bestand","og_description":"Smartes Quartier Karlsruhe-Durlach F\u00f6rderkennzeichen:\u00a003ET1590 A\/B\/C Laufzeit: 09\/2018 bis 11\/2023 Projektpartner: KES &#8211; Karlsruher Energieservice GmbH, Fraunhofer ISE, INATECH &#8211; Uni Freiburg &nbsp; Inhalt Das Vorhaben betrifft die Realisierung eines komplexen Energieversorgungskonzepts f\u00fcr einen Cluster von","og_url":"https:\/\/lowex-bestand.de\/index.php\/karlsruher-energieservice-kes\/","og_site_name":"LowEx-Bestand","article_modified_time":"2025-11-03T11:52:47+00:00","og_image":[{"url":"http:\/\/www.lowex-bestand.de\/wp-content\/uploads\/2022\/02\/BMWK_Fz_2017_Office_Farbe_de.png"}],"twitter_card":"summary_large_image","twitter_misc":{"Gesch\u00e4tzte Lesezeit":"2\u00a0Minuten"},"schema":{"@context":"https:\/\/schema.org","@graph":[{"@type":"WebPage","@id":"https:\/\/lowex-bestand.de\/index.php\/karlsruher-energieservice-kes\/","url":"https:\/\/lowex-bestand.de\/index.php\/karlsruher-energieservice-kes\/","name":"KES Karlsruher Energieservice - LowEx-Bestand","isPartOf":{"@id":"https:\/\/lowex-bestand.de\/#website"},"primaryImageOfPage":{"@id":"https:\/\/lowex-bestand.de\/index.php\/karlsruher-energieservice-kes\/#primaryimage"},"image":{"@id":"https:\/\/lowex-bestand.de\/index.php\/karlsruher-energieservice-kes\/#primaryimage"},"thumbnailUrl":"http:\/\/www.lowex-bestand.de\/wp-content\/uploads\/2022\/02\/BMWK_Fz_2017_Office_Farbe_de.png","datePublished":"2018-09-27T13:31:45+00:00","dateModified":"2025-11-03T11:52:47+00:00","breadcrumb":{"@id":"https:\/\/lowex-bestand.de\/index.php\/karlsruher-energieservice-kes\/#breadcrumb"},"inLanguage":"de","potentialAction":[{"@type":"ReadAction","target":["https:\/\/lowex-bestand.de\/index.php\/karlsruher-energieservice-kes\/"]}]},{"@type":"ImageObject","inLanguage":"de","@id":"https:\/\/lowex-bestand.de\/index.php\/karlsruher-energieservice-kes\/#primaryimage","url":"http:\/\/www.lowex-bestand.de\/wp-content\/uploads\/2022\/02\/BMWK_Fz_2017_Office_Farbe_de.png","contentUrl":"http:\/\/www.lowex-bestand.de\/wp-content\/uploads\/2022\/02\/BMWK_Fz_2017_Office_Farbe_de.png"},{"@type":"BreadcrumbList","@id":"https:\/\/lowex-bestand.de\/index.php\/karlsruher-energieservice-kes\/#breadcrumb","itemListElement":[{"@type":"ListItem","position":1,"name":"Startseite","item":"https:\/\/lowex-bestand.de\/"},{"@type":"ListItem","position":2,"name":"KES Karlsruher Energieservice"}]},{"@type":"WebSite","@id":"https:\/\/lowex-bestand.de\/#website","url":"https:\/\/lowex-bestand.de\/","name":"LowEx-Bestand","description":"Mehrfamilienh\u00e4user nachhaltig beheizen  - Projekt von Forschung, Heiztechnik-Herstellern und Wohnungswirtschaft","publisher":{"@id":"https:\/\/lowex-bestand.de\/#organization"},"potentialAction":[{"@type":"SearchAction","target":{"@type":"EntryPoint","urlTemplate":"https:\/\/lowex-bestand.de\/?s={search_term_string}"},"query-input":{"@type":"PropertyValueSpecification","valueRequired":true,"valueName":"search_term_string"}}],"inLanguage":"de"},{"@type":"Organization","@id":"https:\/\/lowex-bestand.de\/#organization","name":"LowEx-Bestand","url":"https:\/\/lowex-bestand.de\/","logo":{"@type":"ImageObject","inLanguage":"de","@id":"https:\/\/lowex-bestand.de\/#\/schema\/logo\/image\/","url":"https:\/\/lowex-bestand.de\/wp-content\/uploads\/2022\/02\/cropped-Header_Logos_neu_3.png","contentUrl":"https:\/\/lowex-bestand.de\/wp-content\/uploads\/2022\/02\/cropped-Header_Logos_neu_3.png","width":1999,"height":160,"caption":"LowEx-Bestand"},"image":{"@id":"https:\/\/lowex-bestand.de\/#\/schema\/logo\/image\/"}}]}},"_links":{"self":[{"href":"https:\/\/lowex-bestand.de\/index.php\/wp-json\/wp\/v2\/pages\/801"}],"collection":[{"href":"https:\/\/lowex-bestand.de\/index.php\/wp-json\/wp\/v2\/pages"}],"about":[{"href":"https:\/\/lowex-bestand.de\/index.php\/wp-json\/wp\/v2\/types\/page"}],"author":[{"embeddable":true,"href":"https:\/\/lowex-bestand.de\/index.php\/wp-json\/wp\/v2\/users\/3"}],"replies":[{"embeddable":true,"href":"https:\/\/lowex-bestand.de\/index.php\/wp-json\/wp\/v2\/comments?post=801"}],"version-history":[{"count":11,"href":"https:\/\/lowex-bestand.de\/index.php\/wp-json\/wp\/v2\/pages\/801\/revisions"}],"predecessor-version":[{"id":1613,"href":"https:\/\/lowex-bestand.de\/index.php\/wp-json\/wp\/v2\/pages\/801\/revisions\/1613"}],"wp:attachment":[{"href":"https:\/\/lowex-bestand.de\/index.php\/wp-json\/wp\/v2\/media?parent=801"}],"curies":[{"name":"wp","href":"https:\/\/api.w.org\/{rel}","templated":true}]}}